{"id":5515,"date":"2024-08-12T10:13:10","date_gmt":"2024-08-12T08:13:10","guid":{"rendered":"https:\/\/www.idena.fr\/idinfo\/"},"modified":"2025-03-06T16:15:01","modified_gmt":"2025-03-06T15:15:01","slug":"idinfo","status":"publish","type":"page","link":"https:\/\/www.idena.fr\/es\/idinfo\/","title":{"rendered":"ID\u2019info"},"content":{"rendered":"\n<div class=\"wp-block-group animate__fadeInUp animation-extend paused animate__animated\" style=\"border-radius:0\"><div class=\"wp-block-group__inner-container is-layout-constrained wp-block-group-is-layout-constrained\">\n<div class=\"wp-block-columns is-layout-flex wp-container-core-columns-is-layout-9d6595d7 wp-block-columns-is-layout-flex\" style=\"border-radius:0\">\n<div class=\"wp-block-column is-vertically-aligned-top is-layout-flow wp-block-column-is-layout-flow\">\n<h1 class=\"wp-block-heading icone-newspaper\">ID\u2019info \u2013 <sub><mark style=\"background-color:rgba(0, 0, 0, 0)\" class=\"has-inline-color has-secondary-30-color\">Nuestros consejos<\/mark> para el bienestar de sus mascotas<\/sub><\/h1>\n<\/div>\n\n\n\n<div class=\"wp-block-column is-layout-flow wp-block-column-is-layout-flow\"><div class=\"slider post-list  post-pinned\n pinned-post-slider  on-mobile on-desktop col-mob-1 col-desk-1 hide-out-mobile hide-out-desktop hide-inline arrows-hidden editor\"  data-spacing-mobile=\"0\" data-spacing-desktop=\"0\" data-effect=\"fade\" data-speed=\"800\" data-delay=\"2000\" data-loop=\"true\"><div class=\"post-list-wrapper swiper-wrapper\"><div class=\"post-item swiper-slide\">\t<div class=\"post-wrapper\">\n\t\t<span class=\"chip-pinned\">\n\t\t\tPinned post\t\t<\/span>\n\t\t\n\t\t<img decoding=\"async\" src=\"\/wp-content\/themes\/ic-main-theme\/img\/icone-twisty-arrow.svg\" width=\"\" height=\"\" style=\"margin:0; padding:0; border:none; display:block;\" border=\"0\" class=\"img\" alt=\"\">\n\t\t\n\t\t<h2><a href=\"https:\/\/www.idena.fr\/es\/conseil\/idafix-una-solucion-polifacetica-para-mitigar-los-efectos-negativos-de-las-micotoxinas\/\">IDAFIX: una soluci\u00f3n polifac\u00e9tica para mitigar los efectos negativos de las micotoxinas<\/a><\/h2>\n\t<\/div>\n\t\t\t<div class=\"wp-block-buttons is-content-justification-right is-layout-flex wp-container-core-buttons-is-layout-1 wp-block-buttons-is-layout-flex\"\n\t\t\tstyle=\"align-items: flex-end;\">\n\t\t\t<div class=\"wp-block-button is-style-link icone-arrow-right-diagonal\">\n\t\t\t\t<a class=\"wp-block-button__link has-volailles-1-color has-text-color has-link-color wp-element-button\"\thref=\"https:\/\/www.idena.fr\/es\/conseil\/idafix-una-solucion-polifacetica-para-mitigar-los-efectos-negativos-de-las-micotoxinas\/\">\n\t\t\t\t\tLeer el art\u00edculo\t\t\t\t<\/a>\n\t\t\t<\/div>\n\t\t<\/div>\n\n\n<\/div><div class=\"post-item swiper-slide\">\t<div class=\"post-wrapper\">\n\t\t<span class=\"chip-pinned\">\n\t\t\tPinned post\t\t<\/span>\n\t\t\n\t\t<img decoding=\"async\" src=\"\/wp-content\/themes\/ic-main-theme\/img\/icone-twisty-arrow.svg\" width=\"\" height=\"\" style=\"margin:0; padding:0; border:none; display:block;\" border=\"0\" class=\"img\" alt=\"\">\n\t\t\n\t\t<h2><a href=\"https:\/\/www.idena.fr\/es\/conseil\/micotoxinas-un-peligro-visible-e-invisible-a-tener-en-cuenta\/\">Micotoxinas: un peligro visible e invisible a tener en cuenta<\/a><\/h2>\n\t<\/div>\n\t\t\t<div class=\"wp-block-buttons is-content-justification-right is-layout-flex wp-container-core-buttons-is-layout-1 wp-block-buttons-is-layout-flex\"\n\t\t\tstyle=\"align-items: flex-end;\">\n\t\t\t<div class=\"wp-block-button is-style-link icone-arrow-right-diagonal\">\n\t\t\t\t<a class=\"wp-block-button__link has-volailles-1-color has-text-color has-link-color wp-element-button\"\thref=\"https:\/\/www.idena.fr\/es\/conseil\/micotoxinas-un-peligro-visible-e-invisible-a-tener-en-cuenta\/\">\n\t\t\t\t\tLeer el art\u00edculo\t\t\t\t<\/a>\n\t\t\t<\/div>\n\t\t<\/div>\n\n\n<\/div><\/div><div class=\"dots\"><span class=\"swiper-pagination-bullet\"><\/span><span class=\"swiper-pagination-bullet\"><\/span><span class=\"swiper-pagination-bullet\"><\/span><span class=\"swiper-pagination-bullet\"><\/span><\/div><div class=\"button-prev\"><\/div><div class=\"button-next\"><\/div><\/div><\/div>\n<\/div>\n<\/div><\/div>\n\n\n\n<div class=\"wp-block-ic-blocks-responsive-spacer\"><div style=\"height:60px\"><\/div><div style=\"height:20px\"><\/div><\/div>\n\n\n\n<p class=\"is-style-intro\">Aqu\u00ed encontrar\u00e1 nuestros consejos y art\u00edculos sobre diversos temas relacionados con la nutrici\u00f3n animal y las necesidades espec\u00edficas y el bienestar de las distintas especies animales.<\/p>\n\n\n\n<p class=\"is-style-intro\">Si busca informaci\u00f3n sobre alternativas naturales a los antibi\u00f3ticos, nuevas t\u00e9cnicas avanzadas de nutrici\u00f3n o c\u00f3mo mejorar el rendimiento del ganado, nuestros expertos en nutrici\u00f3n animal compartir\u00e1n con usted sus conocimientos y recomendaciones para optimizar el rendimiento de los animales y garantizar al mismo tiempo un futuro sostenible para las explotaciones ganaderas del ma\u00f1ana.&nbsp;<\/p>\n\n\n\n<div class=\"wp-block-ic-blocks-responsive-spacer\"><div style=\"height:100px\"><\/div><div style=\"height:50px\"><\/div><\/div>\n","protected":false},"excerpt":{"rendered":"<p>ID\u2019info \u2013 Nuestros consejos para el bienestar de sus mascotas Aqu\u00ed encontrar\u00e1 nuestros consejos y art\u00edculos sobre diversos temas relacionados con la nutrici\u00f3n animal y las necesidades espec\u00edficas y el bienestar de las distintas especies animales. Si busca informaci\u00f3n sobre alternativas naturales a los antibi\u00f3ticos, nuevas t\u00e9cnicas avanzadas de nutrici\u00f3n o c\u00f3mo mejorar el rendimiento [&hellip;]<\/p>\n","protected":false},"author":1,"featured_media":0,"parent":0,"menu_order":0,"comment_status":"closed","ping_status":"closed","template":"","meta":{"_acf_changed":false,"inline_featured_image":false,"footnotes":""},"class_list":["post-5515","page","type-page","status-publish","hentry"],"acf":[],"mb":[],"yoast_head":"<!-- This site is optimized with the Yoast SEO plugin v27.0 - https:\/\/yoast.com\/product\/yoast-seo-wordpress\/ -->\n<title>Asesoramiento en nutrici\u00f3n animal y experiencia | Idena<\/title>\n<meta name=\"description\" content=\"Asesoramiento experto de ID&#039;infos sobre nutrici\u00f3n animal. Mejore el bienestar y el rendimiento de sus animales con soluciones innovadoras y sostenibles.\" \/>\n<meta name=\"robots\" content=\"index, follow, max-snippet:-1, max-image-preview:large, max-video-preview:-1\" \/>\n<link rel=\"canonical\" href=\"https:\/\/www.idena.fr\/es\/idinfo\/\" \/>\n<meta property=\"og:locale\" content=\"es_ES\" \/>\n<meta property=\"og:type\" content=\"article\" \/>\n<meta property=\"og:title\" content=\"Asesoramiento en nutrici\u00f3n animal y experiencia | Idena\" \/>\n<meta property=\"og:description\" content=\"Asesoramiento experto de ID&#039;infos sobre nutrici\u00f3n animal. Mejore el bienestar y el rendimiento de sus animales con soluciones innovadoras y sostenibles.\" \/>\n<meta property=\"og:url\" content=\"https:\/\/www.idena.fr\/es\/idinfo\/\" \/>\n<meta property=\"og:site_name\" content=\"Idena\" \/>\n<meta property=\"article:modified_time\" content=\"2025-03-06T15:15:01+00:00\" \/>\n<meta name=\"twitter:card\" content=\"summary_large_image\" \/>\n<meta name=\"twitter:label1\" content=\"Tiempo de lectura\" \/>\n\t<meta name=\"twitter:data1\" content=\"1 minuto\" \/>\n<script type=\"application\/ld+json\" class=\"yoast-schema-graph\">{\"@context\":\"https:\/\/schema.org\",\"@graph\":[{\"@type\":\"WebPage\",\"@id\":\"https:\/\/www.idena.fr\/es\/idinfo\/\",\"url\":\"https:\/\/www.idena.fr\/es\/idinfo\/\",\"name\":\"Asesoramiento en nutrici\u00f3n animal y experiencia | Idena\",\"isPartOf\":{\"@id\":\"https:\/\/idena-wordpress-web.dev.imcr.dev\/#website\"},\"datePublished\":\"2024-08-12T08:13:10+00:00\",\"dateModified\":\"2025-03-06T15:15:01+00:00\",\"description\":\"Asesoramiento experto de ID'infos sobre nutrici\u00f3n animal. Mejore el bienestar y el rendimiento de sus animales con soluciones innovadoras y sostenibles.\",\"breadcrumb\":{\"@id\":\"https:\/\/www.idena.fr\/es\/idinfo\/#breadcrumb\"},\"inLanguage\":\"es\",\"potentialAction\":[{\"@type\":\"ReadAction\",\"target\":[\"https:\/\/www.idena.fr\/es\/idinfo\/\"]}]},{\"@type\":\"BreadcrumbList\",\"@id\":\"https:\/\/www.idena.fr\/es\/idinfo\/#breadcrumb\",\"itemListElement\":[{\"@type\":\"ListItem\",\"position\":1,\"name\":\"Accueil\",\"item\":\"https:\/\/www.idena.fr\/es\/\"},{\"@type\":\"ListItem\",\"position\":2,\"name\":\"ID\u2019info\"}]},{\"@type\":\"WebSite\",\"@id\":\"https:\/\/idena-wordpress-web.dev.imcr.dev\/#website\",\"url\":\"https:\/\/idena-wordpress-web.dev.imcr.dev\/\",\"name\":\"Idena\",\"description\":\"\",\"publisher\":{\"@id\":\"https:\/\/idena-wordpress-web.dev.imcr.dev\/#organization\"},\"potentialAction\":[{\"@type\":\"SearchAction\",\"target\":{\"@type\":\"EntryPoint\",\"urlTemplate\":\"https:\/\/idena-wordpress-web.dev.imcr.dev\/?s={search_term_string}\"},\"query-input\":{\"@type\":\"PropertyValueSpecification\",\"valueRequired\":true,\"valueName\":\"search_term_string\"}}],\"inLanguage\":\"es\"},{\"@type\":\"Organization\",\"@id\":\"https:\/\/idena-wordpress-web.dev.imcr.dev\/#organization\",\"name\":\"Idena\",\"url\":\"https:\/\/idena-wordpress-web.dev.imcr.dev\/\",\"logo\":{\"@type\":\"ImageObject\",\"inLanguage\":\"es\",\"@id\":\"https:\/\/idena-wordpress-web.dev.imcr.dev\/#\/schema\/logo\/image\/\",\"url\":\"https:\/\/www.idena.fr\/wp-content\/uploads\/logo-idena-1.svg\",\"contentUrl\":\"https:\/\/www.idena.fr\/wp-content\/uploads\/logo-idena-1.svg\",\"width\":393,\"height\":106,\"caption\":\"Idena\"},\"image\":{\"@id\":\"https:\/\/idena-wordpress-web.dev.imcr.dev\/#\/schema\/logo\/image\/\"}}]}<\/script>\n<!-- \/ Yoast SEO plugin. -->","yoast_head_json":{"title":"Asesoramiento en nutrici\u00f3n animal y experiencia | Idena","description":"Asesoramiento experto de ID'infos sobre nutrici\u00f3n animal. Mejore el bienestar y el rendimiento de sus animales con soluciones innovadoras y sostenibles.","robots":{"index":"index","follow":"follow","max-snippet":"max-snippet:-1","max-image-preview":"max-image-preview:large","max-video-preview":"max-video-preview:-1"},"canonical":"https:\/\/www.idena.fr\/es\/idinfo\/","og_locale":"es_ES","og_type":"article","og_title":"Asesoramiento en nutrici\u00f3n animal y experiencia | Idena","og_description":"Asesoramiento experto de ID'infos sobre nutrici\u00f3n animal. Mejore el bienestar y el rendimiento de sus animales con soluciones innovadoras y sostenibles.","og_url":"https:\/\/www.idena.fr\/es\/idinfo\/","og_site_name":"Idena","article_modified_time":"2025-03-06T15:15:01+00:00","twitter_card":"summary_large_image","twitter_misc":{"Tiempo de lectura":"1 minuto"},"schema":{"@context":"https:\/\/schema.org","@graph":[{"@type":"WebPage","@id":"https:\/\/www.idena.fr\/es\/idinfo\/","url":"https:\/\/www.idena.fr\/es\/idinfo\/","name":"Asesoramiento en nutrici\u00f3n animal y experiencia | Idena","isPartOf":{"@id":"https:\/\/idena-wordpress-web.dev.imcr.dev\/#website"},"datePublished":"2024-08-12T08:13:10+00:00","dateModified":"2025-03-06T15:15:01+00:00","description":"Asesoramiento experto de ID'infos sobre nutrici\u00f3n animal. Mejore el bienestar y el rendimiento de sus animales con soluciones innovadoras y sostenibles.","breadcrumb":{"@id":"https:\/\/www.idena.fr\/es\/idinfo\/#breadcrumb"},"inLanguage":"es","potentialAction":[{"@type":"ReadAction","target":["https:\/\/www.idena.fr\/es\/idinfo\/"]}]},{"@type":"BreadcrumbList","@id":"https:\/\/www.idena.fr\/es\/idinfo\/#breadcrumb","itemListElement":[{"@type":"ListItem","position":1,"name":"Accueil","item":"https:\/\/www.idena.fr\/es\/"},{"@type":"ListItem","position":2,"name":"ID\u2019info"}]},{"@type":"WebSite","@id":"https:\/\/idena-wordpress-web.dev.imcr.dev\/#website","url":"https:\/\/idena-wordpress-web.dev.imcr.dev\/","name":"Idena","description":"","publisher":{"@id":"https:\/\/idena-wordpress-web.dev.imcr.dev\/#organization"},"potentialAction":[{"@type":"SearchAction","target":{"@type":"EntryPoint","urlTemplate":"https:\/\/idena-wordpress-web.dev.imcr.dev\/?s={search_term_string}"},"query-input":{"@type":"PropertyValueSpecification","valueRequired":true,"valueName":"search_term_string"}}],"inLanguage":"es"},{"@type":"Organization","@id":"https:\/\/idena-wordpress-web.dev.imcr.dev\/#organization","name":"Idena","url":"https:\/\/idena-wordpress-web.dev.imcr.dev\/","logo":{"@type":"ImageObject","inLanguage":"es","@id":"https:\/\/idena-wordpress-web.dev.imcr.dev\/#\/schema\/logo\/image\/","url":"https:\/\/www.idena.fr\/wp-content\/uploads\/logo-idena-1.svg","contentUrl":"https:\/\/www.idena.fr\/wp-content\/uploads\/logo-idena-1.svg","width":393,"height":106,"caption":"Idena"},"image":{"@id":"https:\/\/idena-wordpress-web.dev.imcr.dev\/#\/schema\/logo\/image\/"}}]}},"mfb_rest_fields":["title","yoast_head","yoast_head_json"],"_links":{"self":[{"href":"https:\/\/www.idena.fr\/es\/wp-json\/wp\/v2\/pages\/5515","targetHints":{"allow":["GET"]}}],"collection":[{"href":"https:\/\/www.idena.fr\/es\/wp-json\/wp\/v2\/pages"}],"about":[{"href":"https:\/\/www.idena.fr\/es\/wp-json\/wp\/v2\/types\/page"}],"author":[{"embeddable":true,"href":"https:\/\/www.idena.fr\/es\/wp-json\/wp\/v2\/users\/1"}],"replies":[{"embeddable":true,"href":"https:\/\/www.idena.fr\/es\/wp-json\/wp\/v2\/comments?post=5515"}],"version-history":[{"count":2,"href":"https:\/\/www.idena.fr\/es\/wp-json\/wp\/v2\/pages\/5515\/revisions"}],"predecessor-version":[{"id":5804,"href":"https:\/\/www.idena.fr\/es\/wp-json\/wp\/v2\/pages\/5515\/revisions\/5804"}],"wp:attachment":[{"href":"https:\/\/www.idena.fr\/es\/wp-json\/wp\/v2\/media?parent=5515"}],"curies":[{"name":"wp","href":"https:\/\/api.w.org\/{rel}","templated":true}]}}