{"id":5516,"date":"2024-08-14T15:47:07","date_gmt":"2024-08-14T13:47:07","guid":{"rendered":"https:\/\/www.idena.fr\/le-groupe\/"},"modified":"2025-03-07T10:13:44","modified_gmt":"2025-03-07T09:13:44","slug":"el-grupo","status":"publish","type":"page","link":"https:\/\/www.idena.fr\/es\/el-grupo\/","title":{"rendered":"El Grupo"},"content":{"rendered":"\n<div class=\"wp-block-group alignwide header-page has-primary-10-background-color has-background animate__fadeInUp animation-extend paused animate__animated\" style=\"padding-top:0;padding-bottom:0;border-radius:0\"><div class=\"wp-block-group__inner-container is-layout-constrained wp-block-group-is-layout-constrained\">\n<div class=\"wp-block-media-text alignwide has-media-on-the-right is-stacked-on-mobile is-image-fill reverse-mobile\"><div class=\"wp-block-media-text__content\">\n<div class=\"wp-block-group animate__fadeInUp animation-extend paused animate__animated\" style=\"border-radius:0\"><div class=\"wp-block-group__inner-container is-layout-constrained wp-block-group-is-layout-constrained\">\n<h1 class=\"wp-block-heading has-neutral-100-color has-text-color has-link-color icone-dizzy wp-elements-8a6741d09dd1435a5e5f7811a0cdd4cb\">Anticipar y apoyar de forma sostenible el futuro de la producci\u00f3n vegetal y animal<\/h1>\n<\/div><\/div>\n<\/div><figure class=\"wp-block-media-text__media\" style=\"background-image:url(https:\/\/www.idena.fr\/wp-content\/uploads\/header-2.jpg);background-position:50% 50%\"><img loading=\"lazy\" decoding=\"async\" width=\"1300\" height=\"974\" src=\"https:\/\/www.idena.fr\/wp-content\/uploads\/header-2.jpg\" alt=\"Header (2)\" class=\"wp-image-3546 size-full\" srcset=\"https:\/\/www.idena.fr\/wp-content\/uploads\/header-2.jpg 1300w, https:\/\/www.idena.fr\/wp-content\/uploads\/header-2-768x575.jpg 768w\" sizes=\"auto, (max-width: 1300px) 100vw, 1300px\" \/><\/figure><\/div>\n<\/div><\/div>\n\n\n\n<div class=\"wp-block-ic-blocks-responsive-spacer\"><div style=\"height:100px\"><\/div><div style=\"height:50px\"><\/div><\/div>\n\n\n\n<div class=\"wp-block-group animate__fadeInUp animation-extend paused animate__animated\" style=\"border-radius:0\"><div class=\"wp-block-group__inner-container is-layout-constrained wp-block-group-is-layout-constrained\">\n<h2 class=\"wp-block-heading has-text-align-center \">Esta es la misi\u00f3n del Grupo<\/h2>\n\n\n\n<p class=\"is-style-intro\">Desde sus inicios, IDENA se ha expandido internacionalmente, dejando su impronta en el mercado de la nutrici\u00f3n animal de forma innovadora.<\/p>\n\n\n\n<p class=\"is-style-intro\">IDENA pone a disposici\u00f3n de sus socios su <strong><a href=\"https:\/\/www.idena.fr\/es\/nuestra-experiencia\/zootechnie\/\">experiencia zoot\u00e9cnica<\/a> y de producto<\/strong>. Consciente de los problemas espec\u00edficos encontrados sobre el terreno, <strong>desarrolla constantemente nuevas soluciones<\/strong>, en colaboraci\u00f3n con sus socios y clientes, para garantizar una <strong>oferta creativa, anticipadora y adaptada<\/strong>.<\/p>\n\n\n\n<p class=\"is-style-intro\">Experta en el conocimiento profundo de los principios activos bot\u00e1nicos (plantas trituradas, extractos de algas, aceites esenciales), que se integra con nuestra experiencia en nutrici\u00f3n animal, IDENA ha evolucionado con el tiempo hasta alcanzar una experiencia en una 2\u00aa l\u00ednea de negocio con la adquisici\u00f3n de STI biotechnologie.<\/p>\n\n\n\n<div class=\"wp-block-ic-blocks-responsive-spacer\"><div style=\"height:100px\"><\/div><div style=\"height:50px\"><\/div><\/div>\n\n\n\n<h2 class=\"wp-block-heading has-text-align-center icone-briefcase\">Nuestras filiales<\/h2>\n\n\n\n<div class=\"wp-block-ic-blocks-slider no-auto-height  on-mobile on-desktop slider col-mob-1 col-desk-3 hide-out-mobile hide-out-desktop hide-inline\" data-spacing-mobile=\"40\" data-spacing-desktop=\"30\" data-effect=\"slide\" data-speed=\"600\" data-delay=\"3000\" data-loop=\"true\"><div class=\"swiper-wrapper\">\n<div class=\"wp-block-ic-blocks-slide undefined\">\n<div class=\"wp-block-columns columns-border is-layout-flex wp-container-core-columns-is-layout-9d6595d7 wp-block-columns-is-layout-flex\" style=\"border-radius:0\">\n<div class=\"wp-block-column is-vertically-aligned-stretch is-layout-flow wp-block-column-is-layout-flow\">\n<figure class=\"wp-block-image size-full\"><img loading=\"lazy\" decoding=\"async\" width=\"800\" height=\"782\" src=\"https:\/\/www.idena.fr\/wp-content\/uploads\/idena-production.png\" alt=\"idena-production\" class=\"wp-image-3547\" srcset=\"https:\/\/www.idena.fr\/wp-content\/uploads\/idena-production.png 800w, https:\/\/www.idena.fr\/wp-content\/uploads\/idena-production-768x751.png 768w\" sizes=\"auto, (max-width: 800px) 100vw, 800px\" \/><\/figure>\n\n\n\n<h3 class=\"wp-block-heading \">IDENA PRODUCTION, el primer paso<\/h3>\n\n\n\n<p>6 a\u00f1os despu\u00e9s de la creaci\u00f3n de IDENA, en 2001, <strong>IDENA PRODUCTION<\/strong> abri\u00f3 sus puertas. Concebida como un avance tecnol\u00f3gico, esta planta, que desde entonces ha sido objeto de 2 grandes ampliaciones, encarna <strong>el esp\u00edritu de innovaci\u00f3n y diferenciaci\u00f3n<\/strong>.&nbsp; <\/p>\n\n\n\n<p>La voluntad de dise\u00f1ar la planta de forma diferente y cada vez m\u00e1s segura tiene su origen en el contexto especialmente tenso creado por las grandes crisis sanitarias. Hoy en d\u00eda, este proceso sigue <strong>minimizando el riesgo de contaminaci\u00f3n cruzada<\/strong>, proporcionando las soluciones m\u00e1s seguras y eficaces.<\/p>\n\n\n\n<p>&nbsp;<\/p>\n<\/div>\n<\/div>\n<\/div>\n\n\n\n<div class=\"wp-block-ic-blocks-slide undefined\">\n<div class=\"wp-block-columns columns-border is-layout-flex wp-container-core-columns-is-layout-9d6595d7 wp-block-columns-is-layout-flex\" style=\"border-radius:0\">\n<div class=\"wp-block-column is-vertically-aligned-stretch is-layout-flow wp-block-column-is-layout-flow\">\n<figure class=\"wp-block-image size-full\"><img loading=\"lazy\" decoding=\"async\" width=\"800\" height=\"243\" src=\"https:\/\/www.idena.fr\/wp-content\/uploads\/secopalm.png\" alt=\"secopalm\" class=\"wp-image-3548\" srcset=\"https:\/\/www.idena.fr\/wp-content\/uploads\/secopalm.png 800w, https:\/\/www.idena.fr\/wp-content\/uploads\/secopalm-768x233.png 768w\" sizes=\"auto, (max-width: 800px) 100vw, 800px\" \/><\/figure>\n\n\n\n<h3 class=\"wp-block-heading \">SECOPALM, la experiencia al servicio de las explotaciones ganaderas<\/h3>\n\n\n\n<p>El a\u00f1o 2001 tambi\u00e9n vio nacer una nueva filial para el Grupo IDENA.<\/p>\n\n\n\n<p><strong>SECOPALM<\/strong>, con sede en Aire sur L&#8217;Adour, en las Landas francesas, re\u00fane a un equipo de apasionados que trabajan <strong>directamente con los ganaderos<\/strong>.<\/p>\n\n\n\n<p>Especializada en aves de corral y rumiantes, SECOPALM ofrece asesoramiento t\u00e9cnico, productos nutricionales de alto rendimiento y servicios exclusivos y originales para <strong>apoyar su producci\u00f3n ganadera<\/strong>.&nbsp;<\/p>\n<\/div>\n<\/div>\n<\/div>\n\n\n\n<div class=\"wp-block-ic-blocks-slide undefined\">\n<div class=\"wp-block-columns columns-border is-layout-flex wp-container-core-columns-is-layout-9d6595d7 wp-block-columns-is-layout-flex\" style=\"border-radius:0\">\n<div class=\"wp-block-column is-vertically-aligned-stretch is-layout-flow wp-block-column-is-layout-flow\">\n<figure class=\"wp-block-image size-full\"><img loading=\"lazy\" decoding=\"async\" width=\"800\" height=\"782\" src=\"https:\/\/www.idena.fr\/wp-content\/uploads\/idena-nutricion.png\" alt=\"idena-nutricion\" class=\"wp-image-3549\" srcset=\"https:\/\/www.idena.fr\/wp-content\/uploads\/idena-nutricion.png 800w, https:\/\/www.idena.fr\/wp-content\/uploads\/idena-nutricion-768x751.png 768w\" sizes=\"auto, (max-width: 800px) 100vw, 800px\" \/><\/figure>\n\n\n\n<h3 class=\"wp-block-heading \">IDENA Nutrici\u00f3n, a la conquista del mundo hispanohablante<\/h3>\n\n\n\n<p>La filial espa\u00f1ola se cre\u00f3 en 2011 para poder acercarse a los pa\u00edses de habla hispana.<\/p>\n\n\n\n<p>Nuestros 3 expertos sobre el terreno le ayudar\u00e1n a elegir las mejores soluciones IDENA para explotaciones <strong>porcinas, bovinas y av\u00edcolas<\/strong>.&nbsp;<\/p>\n<\/div>\n<\/div>\n<\/div>\n\n\n\n<div class=\"wp-block-ic-blocks-slide undefined\">\n<div class=\"wp-block-columns columns-border is-layout-flex wp-container-core-columns-is-layout-9d6595d7 wp-block-columns-is-layout-flex\" style=\"border-radius:0\">\n<div class=\"wp-block-column is-vertically-aligned-stretch is-layout-flow wp-block-column-is-layout-flow\">\n<figure class=\"wp-block-image size-full\"><img loading=\"lazy\" decoding=\"async\" width=\"800\" height=\"569\" src=\"https:\/\/www.idena.fr\/wp-content\/uploads\/indy-feed.jpg\" alt=\"indy-feed\" class=\"wp-image-3550\" srcset=\"https:\/\/www.idena.fr\/wp-content\/uploads\/indy-feed.jpg 800w, https:\/\/www.idena.fr\/wp-content\/uploads\/indy-feed-768x546.jpg 768w\" sizes=\"auto, (max-width: 800px) 100vw, 800px\" \/><\/figure>\n\n\n\n<h3 class=\"wp-block-heading \">INDY FEED, apoy\u00e1ndole desde el embri\u00f3n hasta el jam\u00f3n<\/h3>\n\n\n\n<p>INDY FEED es una filial del Grupo IDENA, cercana al terreno, especializada en la <strong>producci\u00f3n porcina<\/strong>.<\/p>\n\n\n\n<p>Nuestro equipo reactivo de nutricionistas promete soluciones a <strong>nuestros socios ganaderos<\/strong> para garantizar el rendimiento de sus explotaciones.<\/p>\n\n\n\n<p>La gama INDY FEED se compone de especialidades nutricionales que responden a las necesidades de las explotaciones porcinas, as\u00ed como de una gama de minerales personalizados en funci\u00f3n del contexto de cr\u00eda.&nbsp;&nbsp;<\/p>\n<\/div>\n<\/div>\n<\/div>\n\n\n\n<div class=\"wp-block-ic-blocks-slide undefined\">\n<div class=\"wp-block-columns columns-border is-layout-flex wp-container-core-columns-is-layout-9d6595d7 wp-block-columns-is-layout-flex\" style=\"border-radius:0\">\n<div class=\"wp-block-column is-vertically-aligned-stretch is-layout-flow wp-block-column-is-layout-flow\">\n<figure class=\"wp-block-image size-full\"><img loading=\"lazy\" decoding=\"async\" width=\"800\" height=\"450\" src=\"https:\/\/www.idena.fr\/wp-content\/uploads\/sti-biotechnologie.png\" alt=\"sti-biotechnologie\" class=\"wp-image-3551\" srcset=\"https:\/\/www.idena.fr\/wp-content\/uploads\/sti-biotechnologie.png 800w, https:\/\/www.idena.fr\/wp-content\/uploads\/sti-biotechnologie-768x432.png 768w\" sizes=\"auto, (max-width: 800px) 100vw, 800px\" \/><\/figure>\n\n\n\n<h3 class=\"wp-block-heading \"><a href=\"https:\/\/www.sti-biotechnologie.fr\/\">STI biotechnologie<\/a>, la ciencia de la vida<\/h3>\n\n\n\n<p>Con sede en Breta\u00f1a, en Francia,<strong> STI biotechnologie<\/strong> aporta al Grupo una experiencia adicional en la <strong>gesti\u00f3n de la flora digestiva.<\/strong><\/p>\n\n\n\n<p>Los principales objetivos de STI Biotechnologie son contribuir a la sostenibilidad de nuestras explotaciones ganaderas, promover el bienestar animal y mejorar nuestra huella de carbono.<\/p>\n\n\n\n<p>Los productos fabricados por la planta de biotecnolog\u00eda de STI son <strong>probi\u00f3ticos y postbi\u00f3ticos<\/strong>, que aportan beneficios para la salud y el medio ambiente.<\/p>\n\n\n\n<p>De hecho, la biotecnolog\u00eda STI cuenta con <strong>2 cepas exclusivas de lactobacilos<\/strong>, lo que la convierte en la \u00fanica empresa del mundo que fabrica productos que mejoran la eficacia de la microbiota intestinal de los animales.<\/p>\n<\/div>\n<\/div>\n<\/div>\n\n\n\n<div class=\"wp-block-ic-blocks-slide undefined\">\n<div class=\"wp-block-columns columns-border is-layout-flex wp-container-core-columns-is-layout-9d6595d7 wp-block-columns-is-layout-flex\" style=\"border-radius:0\">\n<div class=\"wp-block-column is-vertically-aligned-stretch is-layout-flow wp-block-column-is-layout-flow\">\n<figure class=\"wp-block-image size-full\"><img loading=\"lazy\" decoding=\"async\" width=\"800\" height=\"585\" src=\"https:\/\/www.idena.fr\/wp-content\/uploads\/vertal.jpg\" alt=\"vertal\" class=\"wp-image-3552\" srcset=\"https:\/\/www.idena.fr\/wp-content\/uploads\/vertal.jpg 800w, https:\/\/www.idena.fr\/wp-content\/uploads\/vertal-768x562.jpg 768w\" sizes=\"auto, (max-width: 800px) 100vw, 800px\" \/><\/figure>\n\n\n\n<h3 class=\"wp-block-heading \">Desde 2023 y la adquisici\u00f3n de <a href=\"https:\/\/www.vertal.fr\/\">VERTAL<\/a><\/h3>\n\n\n\n<p>A finales de 2023, el <strong>Grupo VERTAL, dise\u00f1ador y fabricante de biosoluciones agr\u00edcolas<\/strong>, se incorpor\u00f3 al Grupo IDENA. Esta adquisici\u00f3n aport\u00f3 al Grupo una mayor <strong>experiencia agron\u00f3mica<\/strong> para desarrollar soluciones destinadas a los profesionales de la agricultura y la ganader\u00eda.<\/p>\n\n\n\n<p>VERTAL est\u00e1 especializado en productos agron\u00f3micos: activadores de suelos y efluentes y fertilizantes foliares. Desarrollan sus productos con un <strong>enfoque agroecol\u00f3gico para el suelo y los organismos vivos<\/strong>, que tambi\u00e9n promueve el bienestar animal.<\/p>\n<\/div>\n<\/div>\n<\/div>\n<\/div><\/div>\n<\/div><\/div>\n\n\n\n<div class=\"wp-block-ic-blocks-responsive-spacer\"><div style=\"height:100px\"><\/div><div style=\"height:50px\"><\/div><\/div>\n","protected":false},"excerpt":{"rendered":"<p>Anticipar y apoyar de forma sostenible el futuro de la producci\u00f3n vegetal y animal Esta es la misi\u00f3n del Grupo Desde sus inicios, IDENA se ha expandido internacionalmente, dejando su impronta en el mercado de la nutrici\u00f3n animal de forma innovadora. IDENA pone a disposici\u00f3n de sus socios su experiencia zoot\u00e9cnica y de producto. Consciente [&hellip;]<\/p>\n","protected":false},"author":1,"featured_media":0,"parent":0,"menu_order":0,"comment_status":"closed","ping_status":"closed","template":"","meta":{"_acf_changed":false,"inline_featured_image":false,"footnotes":""},"class_list":["post-5516","page","type-page","status-publish","hentry"],"acf":[],"mb":[],"yoast_head":"<!-- This site is optimized with the Yoast SEO plugin v27.0 - https:\/\/yoast.com\/product\/yoast-seo-wordpress\/ -->\n<title>Anticipar y apoyar el futuro de la producci\u00f3n vegetal y animal | Idena<\/title>\n<meta name=\"description\" content=\"Descubra las soluciones de nutrici\u00f3n animal y vegetal de IDENA. Nuestra experiencia en zootecnia y principios activos bot\u00e1nicos garantiza respuestas innovadoras.\" \/>\n<meta name=\"robots\" content=\"index, follow, max-snippet:-1, max-image-preview:large, max-video-preview:-1\" \/>\n<link rel=\"canonical\" href=\"https:\/\/www.idena.fr\/es\/el-grupo\/\" \/>\n<meta property=\"og:locale\" content=\"es_ES\" \/>\n<meta property=\"og:type\" content=\"article\" \/>\n<meta property=\"og:title\" content=\"Anticipar y apoyar el futuro de la producci\u00f3n vegetal y animal | Idena\" \/>\n<meta property=\"og:description\" content=\"Descubra las soluciones de nutrici\u00f3n animal y vegetal de IDENA. Nuestra experiencia en zootecnia y principios activos bot\u00e1nicos garantiza respuestas innovadoras.\" \/>\n<meta property=\"og:url\" content=\"https:\/\/www.idena.fr\/es\/el-grupo\/\" \/>\n<meta property=\"og:site_name\" content=\"Idena\" \/>\n<meta property=\"article:modified_time\" content=\"2025-03-07T09:13:44+00:00\" \/>\n<meta property=\"og:image\" content=\"https:\/\/www.idena.fr\/wp-content\/uploads\/header-2.jpg\" \/>\n\t<meta property=\"og:image:width\" content=\"1300\" \/>\n\t<meta property=\"og:image:height\" content=\"974\" \/>\n\t<meta property=\"og:image:type\" content=\"image\/jpeg\" \/>\n<meta name=\"twitter:card\" content=\"summary_large_image\" \/>\n<meta name=\"twitter:label1\" content=\"Tiempo de lectura\" \/>\n\t<meta name=\"twitter:data1\" content=\"5 minutos\" \/>\n<script type=\"application\/ld+json\" class=\"yoast-schema-graph\">{\"@context\":\"https:\/\/schema.org\",\"@graph\":[{\"@type\":\"WebPage\",\"@id\":\"https:\/\/www.idena.fr\/es\/el-grupo\/\",\"url\":\"https:\/\/www.idena.fr\/es\/el-grupo\/\",\"name\":\"Anticipar y apoyar el futuro de la producci\u00f3n vegetal y animal | Idena\",\"isPartOf\":{\"@id\":\"https:\/\/idena-wordpress-web.dev.imcr.dev\/#website\"},\"primaryImageOfPage\":{\"@id\":\"https:\/\/www.idena.fr\/es\/el-grupo\/#primaryimage\"},\"image\":{\"@id\":\"https:\/\/www.idena.fr\/es\/el-grupo\/#primaryimage\"},\"thumbnailUrl\":\"https:\/\/www.idena.fr\/wp-content\/uploads\/header-2.jpg\",\"datePublished\":\"2024-08-14T13:47:07+00:00\",\"dateModified\":\"2025-03-07T09:13:44+00:00\",\"description\":\"Descubra las soluciones de nutrici\u00f3n animal y vegetal de IDENA. Nuestra experiencia en zootecnia y principios activos bot\u00e1nicos garantiza respuestas innovadoras.\",\"breadcrumb\":{\"@id\":\"https:\/\/www.idena.fr\/es\/el-grupo\/#breadcrumb\"},\"inLanguage\":\"es\",\"potentialAction\":[{\"@type\":\"ReadAction\",\"target\":[\"https:\/\/www.idena.fr\/es\/el-grupo\/\"]}]},{\"@type\":\"ImageObject\",\"inLanguage\":\"es\",\"@id\":\"https:\/\/www.idena.fr\/es\/el-grupo\/#primaryimage\",\"url\":\"https:\/\/www.idena.fr\/wp-content\/uploads\/header-2.jpg\",\"contentUrl\":\"https:\/\/www.idena.fr\/wp-content\/uploads\/header-2.jpg\"},{\"@type\":\"BreadcrumbList\",\"@id\":\"https:\/\/www.idena.fr\/es\/el-grupo\/#breadcrumb\",\"itemListElement\":[{\"@type\":\"ListItem\",\"position\":1,\"name\":\"Accueil\",\"item\":\"https:\/\/www.idena.fr\/es\/\"},{\"@type\":\"ListItem\",\"position\":2,\"name\":\"El Grupo\"}]},{\"@type\":\"WebSite\",\"@id\":\"https:\/\/idena-wordpress-web.dev.imcr.dev\/#website\",\"url\":\"https:\/\/idena-wordpress-web.dev.imcr.dev\/\",\"name\":\"Idena\",\"description\":\"\",\"publisher\":{\"@id\":\"https:\/\/idena-wordpress-web.dev.imcr.dev\/#organization\"},\"potentialAction\":[{\"@type\":\"SearchAction\",\"target\":{\"@type\":\"EntryPoint\",\"urlTemplate\":\"https:\/\/idena-wordpress-web.dev.imcr.dev\/?s={search_term_string}\"},\"query-input\":{\"@type\":\"PropertyValueSpecification\",\"valueRequired\":true,\"valueName\":\"search_term_string\"}}],\"inLanguage\":\"es\"},{\"@type\":\"Organization\",\"@id\":\"https:\/\/idena-wordpress-web.dev.imcr.dev\/#organization\",\"name\":\"Idena\",\"url\":\"https:\/\/idena-wordpress-web.dev.imcr.dev\/\",\"logo\":{\"@type\":\"ImageObject\",\"inLanguage\":\"es\",\"@id\":\"https:\/\/idena-wordpress-web.dev.imcr.dev\/#\/schema\/logo\/image\/\",\"url\":\"https:\/\/www.idena.fr\/wp-content\/uploads\/logo-idena-1.svg\",\"contentUrl\":\"https:\/\/www.idena.fr\/wp-content\/uploads\/logo-idena-1.svg\",\"width\":393,\"height\":106,\"caption\":\"Idena\"},\"image\":{\"@id\":\"https:\/\/idena-wordpress-web.dev.imcr.dev\/#\/schema\/logo\/image\/\"}}]}<\/script>\n<!-- \/ Yoast SEO plugin. -->","yoast_head_json":{"title":"Anticipar y apoyar el futuro de la producci\u00f3n vegetal y animal | Idena","description":"Descubra las soluciones de nutrici\u00f3n animal y vegetal de IDENA. Nuestra experiencia en zootecnia y principios activos bot\u00e1nicos garantiza respuestas innovadoras.","robots":{"index":"index","follow":"follow","max-snippet":"max-snippet:-1","max-image-preview":"max-image-preview:large","max-video-preview":"max-video-preview:-1"},"canonical":"https:\/\/www.idena.fr\/es\/el-grupo\/","og_locale":"es_ES","og_type":"article","og_title":"Anticipar y apoyar el futuro de la producci\u00f3n vegetal y animal | Idena","og_description":"Descubra las soluciones de nutrici\u00f3n animal y vegetal de IDENA. Nuestra experiencia en zootecnia y principios activos bot\u00e1nicos garantiza respuestas innovadoras.","og_url":"https:\/\/www.idena.fr\/es\/el-grupo\/","og_site_name":"Idena","article_modified_time":"2025-03-07T09:13:44+00:00","og_image":[{"width":1300,"height":974,"url":"https:\/\/www.idena.fr\/wp-content\/uploads\/header-2.jpg","type":"image\/jpeg"}],"twitter_card":"summary_large_image","twitter_misc":{"Tiempo de lectura":"5 minutos"},"schema":{"@context":"https:\/\/schema.org","@graph":[{"@type":"WebPage","@id":"https:\/\/www.idena.fr\/es\/el-grupo\/","url":"https:\/\/www.idena.fr\/es\/el-grupo\/","name":"Anticipar y apoyar el futuro de la producci\u00f3n vegetal y animal | Idena","isPartOf":{"@id":"https:\/\/idena-wordpress-web.dev.imcr.dev\/#website"},"primaryImageOfPage":{"@id":"https:\/\/www.idena.fr\/es\/el-grupo\/#primaryimage"},"image":{"@id":"https:\/\/www.idena.fr\/es\/el-grupo\/#primaryimage"},"thumbnailUrl":"https:\/\/www.idena.fr\/wp-content\/uploads\/header-2.jpg","datePublished":"2024-08-14T13:47:07+00:00","dateModified":"2025-03-07T09:13:44+00:00","description":"Descubra las soluciones de nutrici\u00f3n animal y vegetal de IDENA. Nuestra experiencia en zootecnia y principios activos bot\u00e1nicos garantiza respuestas innovadoras.","breadcrumb":{"@id":"https:\/\/www.idena.fr\/es\/el-grupo\/#breadcrumb"},"inLanguage":"es","potentialAction":[{"@type":"ReadAction","target":["https:\/\/www.idena.fr\/es\/el-grupo\/"]}]},{"@type":"ImageObject","inLanguage":"es","@id":"https:\/\/www.idena.fr\/es\/el-grupo\/#primaryimage","url":"https:\/\/www.idena.fr\/wp-content\/uploads\/header-2.jpg","contentUrl":"https:\/\/www.idena.fr\/wp-content\/uploads\/header-2.jpg"},{"@type":"BreadcrumbList","@id":"https:\/\/www.idena.fr\/es\/el-grupo\/#breadcrumb","itemListElement":[{"@type":"ListItem","position":1,"name":"Accueil","item":"https:\/\/www.idena.fr\/es\/"},{"@type":"ListItem","position":2,"name":"El Grupo"}]},{"@type":"WebSite","@id":"https:\/\/idena-wordpress-web.dev.imcr.dev\/#website","url":"https:\/\/idena-wordpress-web.dev.imcr.dev\/","name":"Idena","description":"","publisher":{"@id":"https:\/\/idena-wordpress-web.dev.imcr.dev\/#organization"},"potentialAction":[{"@type":"SearchAction","target":{"@type":"EntryPoint","urlTemplate":"https:\/\/idena-wordpress-web.dev.imcr.dev\/?s={search_term_string}"},"query-input":{"@type":"PropertyValueSpecification","valueRequired":true,"valueName":"search_term_string"}}],"inLanguage":"es"},{"@type":"Organization","@id":"https:\/\/idena-wordpress-web.dev.imcr.dev\/#organization","name":"Idena","url":"https:\/\/idena-wordpress-web.dev.imcr.dev\/","logo":{"@type":"ImageObject","inLanguage":"es","@id":"https:\/\/idena-wordpress-web.dev.imcr.dev\/#\/schema\/logo\/image\/","url":"https:\/\/www.idena.fr\/wp-content\/uploads\/logo-idena-1.svg","contentUrl":"https:\/\/www.idena.fr\/wp-content\/uploads\/logo-idena-1.svg","width":393,"height":106,"caption":"Idena"},"image":{"@id":"https:\/\/idena-wordpress-web.dev.imcr.dev\/#\/schema\/logo\/image\/"}}]}},"mfb_rest_fields":["title","yoast_head","yoast_head_json"],"_links":{"self":[{"href":"https:\/\/www.idena.fr\/es\/wp-json\/wp\/v2\/pages\/5516","targetHints":{"allow":["GET"]}}],"collection":[{"href":"https:\/\/www.idena.fr\/es\/wp-json\/wp\/v2\/pages"}],"about":[{"href":"https:\/\/www.idena.fr\/es\/wp-json\/wp\/v2\/types\/page"}],"author":[{"embeddable":true,"href":"https:\/\/www.idena.fr\/es\/wp-json\/wp\/v2\/users\/1"}],"replies":[{"embeddable":true,"href":"https:\/\/www.idena.fr\/es\/wp-json\/wp\/v2\/comments?post=5516"}],"version-history":[{"count":2,"href":"https:\/\/www.idena.fr\/es\/wp-json\/wp\/v2\/pages\/5516\/revisions"}],"predecessor-version":[{"id":5836,"href":"https:\/\/www.idena.fr\/es\/wp-json\/wp\/v2\/pages\/5516\/revisions\/5836"}],"wp:attachment":[{"href":"https:\/\/www.idena.fr\/es\/wp-json\/wp\/v2\/media?parent=5516"}],"curies":[{"name":"wp","href":"https:\/\/api.w.org\/{rel}","templated":true}]}}