{"id":5520,"date":"2024-08-09T16:38:24","date_gmt":"2024-08-09T14:38:24","guid":{"rendered":"https:\/\/www.idena.fr\/nos-expertises\/conseils\/"},"modified":"2025-02-28T10:36:50","modified_gmt":"2025-02-28T09:36:50","slug":"consejos","status":"publish","type":"page","link":"https:\/\/www.idena.fr\/es\/nuestra-experiencia\/consejos\/","title":{"rendered":"Consejos"},"content":{"rendered":"\n<div class=\"wp-block-group alignwide header-page has-primary-10-background-color has-background animate__fadeInUp animation-extend paused animate__animated\" style=\"padding-top:0;padding-bottom:0;border-radius:0\"><div class=\"wp-block-group__inner-container is-layout-constrained wp-block-group-is-layout-constrained\">\n<div class=\"wp-block-media-text alignwide has-media-on-the-right is-stacked-on-mobile is-image-fill reverse-mobile\"><div class=\"wp-block-media-text__content\">\n<div class=\"wp-block-group animate__fadeInUp animation-extend paused animate__animated\" style=\"border-radius:0\"><div class=\"wp-block-group__inner-container is-layout-constrained wp-block-group-is-layout-constrained\">\n<h1 class=\"wp-block-heading has-neutral-100-color has-text-color has-link-color icone-heart wp-elements-f858e84cba960acd60cce197b96a7c5c\"><mark style=\"background-color:rgba(0, 0, 0, 0)\" class=\"has-inline-color has-white-color\">Amamos<\/mark> a sus mascotas. Te asesoramos<\/h1>\n\n\n\n<p class=\"is-style-intro has-neutral-60-color has-text-color has-link-color wp-elements-eaaed49233ff4a0341cd36b214c2fef9\">En IDENA somos <strong>expertos apasionados<\/strong> por el bienestar animal y nuestra profesi\u00f3n. Nuestros equipos t\u00e9cnicos y comerciales, a menudo sobre el terreno, le ofrecen asesoramiento a medida para mejorar la formulaci\u00f3n de sus productos y optimizar su eficacia. <strong>Nuestra misi\u00f3n: apoyarle con soluciones innovadoras<\/strong>, fomentar la desmedicaci\u00f3n y facilitar su trabajo, promoviendo al mismo tiempo el bienestar animal.<\/p>\n<\/div><\/div>\n<\/div><figure class=\"wp-block-media-text__media\" style=\"background-image:url(https:\/\/www.idena.fr\/wp-content\/uploads\/header-1-3.jpg);background-position:67% 54%\"><img loading=\"lazy\" decoding=\"async\" width=\"1300\" height=\"547\" src=\"https:\/\/www.idena.fr\/wp-content\/uploads\/header-1-3.jpg\" alt=\"header_1 (3)\" class=\"wp-image-3508 size-full\" srcset=\"https:\/\/www.idena.fr\/wp-content\/uploads\/header-1-3.jpg 1300w, https:\/\/www.idena.fr\/wp-content\/uploads\/header-1-3-768x323.jpg 768w\" sizes=\"auto, (max-width: 1300px) 100vw, 1300px\" \/><\/figure><\/div>\n<\/div><\/div>\n\n\n\n<div class=\"wp-block-ic-blocks-responsive-spacer\"><div style=\"height:100px\"><\/div><div style=\"height:50px\"><\/div><\/div>\n\n\n\n<div class=\"wp-block-media-text is-stacked-on-mobile \"><figure class=\"wp-block-media-text__media\"><img loading=\"lazy\" decoding=\"async\" width=\"769\" height=\"546\" src=\"https:\/\/www.idena.fr\/wp-content\/uploads\/sommes-ecoute-1-e1725874524875.jpg\" alt=\"sommes-ecoute-1\" class=\"wp-image-3510 size-full\"\/><\/figure><div class=\"wp-block-media-text__content\">\n<div class=\"wp-block-group animate__fadeInUp animation-extend paused animate__animated\" style=\"border-radius:0\"><div class=\"wp-block-group__inner-container is-layout-constrained wp-block-group-is-layout-constrained\">\n<h2 class=\"wp-block-heading \">\u00a1Estamos aqu\u00ed para escucharle!<\/h2>\n\n\n\n<p>Nuestro objetivo es convertirnos en el socio preferido de los integradores y fabricantes de piensos para reducir los costes de alimentaci\u00f3n, aumentar su eficacia y optimizar el rendimiento del ganado.<\/p>\n\n\n\n<p>Nuestro equipo de expertos en nutrici\u00f3n animal se dedica a asesorarle y, sobre todo, a escuchar sus necesidades.<\/p>\n\n\n\n<p>Como empresa de servicios, <strong>IDENA puede asesorarle en varias \u00e1reas<\/strong>. Nuestros formuladores le recomendar\u00e1n las f\u00f3rmulas de piensos que necesita, en funci\u00f3n de las materias primas disponibles y de sus objetivos de crecimiento y rendimiento.<\/p>\n\n\n\n<p>Nuestros nutricionistas, t\u00e9cnicos y veterinarios le proporcionar\u00e1n <strong>asesoramiento zoot\u00e9cnico y de gesti\u00f3n de las explotaciones<\/strong> tras <a href=\"https:\/\/www.idena.fr\/es\/nos-expertises\/zootechnie\/\">las auditor\u00edas<\/a> de las mismas.<\/p>\n\n\n\n<p>Las herramientas IDENA tambi\u00e9n est\u00e1n a su disposici\u00f3n para ayudarle a tomar decisiones que mejoren la eficiencia alimentaria y el rendimiento de las reproductoras.<\/p>\n<\/div><\/div>\n<\/div><\/div>\n\n\n\n<div class=\"wp-block-ic-blocks-responsive-spacer\"><div style=\"height:100px\"><\/div><div style=\"height:50px\"><\/div><\/div>\n\n\n\n<div class=\"wp-block-media-text has-media-on-the-right is-stacked-on-mobile \"><div class=\"wp-block-media-text__content\">\n<div class=\"wp-block-group animate__fadeInUp animation-extend paused animate__animated\" style=\"border-radius:0\"><div class=\"wp-block-group__inner-container is-layout-constrained wp-block-group-is-layout-constrained\">\n<h2 class=\"wp-block-heading \">Formaci\u00f3n para un mayor \u00e9xito<\/h2>\n\n\n\n<p>En IDENA ofrecemos a nuestros clientes, socios y proveedores cursos de formaci\u00f3n adaptados a sus necesidades. Nuestro objetivo es mejorar sus competencias para garantizar una gesti\u00f3n \u00f3ptima de las explotaciones.<\/p>\n<\/div><\/div>\n<\/div><figure class=\"wp-block-media-text__media\"><img loading=\"lazy\" decoding=\"async\" width=\"1300\" height=\"547\" src=\"https:\/\/www.idena.fr\/wp-content\/uploads\/vous-former-1.jpg\" alt=\"vous-former-1\" class=\"wp-image-3511 size-full\" srcset=\"https:\/\/www.idena.fr\/wp-content\/uploads\/vous-former-1.jpg 1300w, https:\/\/www.idena.fr\/wp-content\/uploads\/vous-former-1-768x323.jpg 768w\" sizes=\"auto, (max-width: 1300px) 100vw, 1300px\" \/><\/figure><\/div>\n\n\n\n<div class=\"wp-block-ic-blocks-responsive-spacer\"><div style=\"height:100px\"><\/div><div style=\"height:50px\"><\/div><\/div>\n\n\n\n<div class=\"wp-block-media-text is-stacked-on-mobile \"><figure class=\"wp-block-media-text__media\"><img loading=\"lazy\" decoding=\"async\" width=\"1300\" height=\"867\" src=\"https:\/\/www.idena.fr\/wp-content\/uploads\/conseil-antiobiotique-1.jpg\" alt=\"conseil-antiobiotique-1\" class=\"wp-image-3512 size-full\" srcset=\"https:\/\/www.idena.fr\/wp-content\/uploads\/conseil-antiobiotique-1.jpg 1300w, https:\/\/www.idena.fr\/wp-content\/uploads\/conseil-antiobiotique-1-768x512.jpg 768w\" sizes=\"auto, (max-width: 1300px) 100vw, 1300px\" \/><\/figure><div class=\"wp-block-media-text__content\">\n<div class=\"wp-block-group animate__fadeInUp animation-extend paused animate__animated\" style=\"border-radius:0\"><div class=\"wp-block-group__inner-container is-layout-constrained wp-block-group-is-layout-constrained\">\n<h2 class=\"wp-block-heading \">Usted asesora sobre el uso racional de los antibi\u00f3ticos<\/h2>\n\n\n\n<p><strong>Al proponer alternativas, contribuimos a preservar la eficacia de los antibi\u00f3ticos&#8230;<br><\/strong><br>Dado que el arsenal de antibi\u00f3ticos no evoluciona tan r\u00e1pidamente como las enfermedades, es urgente preservar su eficacia. La resistencia a los antibi\u00f3ticos est\u00e1 presente en todo el mundo, y la introducci\u00f3n de planes para combatirla en los sectores animales se acelera.<\/p>\n\n\n\n<p>Para reducir o incluso suprimir el uso de antibi\u00f3ticos en la alimentaci\u00f3n animal, es necesario proponer soluciones alternativas (plan eco-antibio).<\/p>\n\n\n\n<p>IDENA es un precursor, con m\u00e1s de 20 a\u00f1os de experiencia en la anticipaci\u00f3n de estas preocupaciones, con el fin de garantizar la calidad de los productos animales, la seguridad de la cadena alimentaria, la protecci\u00f3n del medio ambiente y la salud humana.<\/p>\n\n\n\n<p><strong>La experiencia de IDENA al servicio de la desmedicaci\u00f3n<br><\/strong><br>IDENA contribuye a reducir el uso de antibi\u00f3ticos en las explotaciones mediante el desarrollo de soluciones alternativas muy eficaces, posicionadas en forma de programas y orientadas en funci\u00f3n de la situaci\u00f3n sanitaria de cada explotaci\u00f3n.<\/p>\n\n\n\n<p>A trav\u00e9s de su actividad, IDENA defiende el principio <strong>de minimizar los riesgos sanitarios en las explotaciones<\/strong>. Por un lado, optimizando el medio ambiente y la gesti\u00f3n de los animales. Y por otro, mediante una nutrici\u00f3n equilibrada, apoyada por el uso de ingredientes bot\u00e1nicos espec\u00edficos, que contribuyen eficazmente a reducir el uso de antibi\u00f3ticos en situaciones de cr\u00eda controlada. Los antibi\u00f3ticos s\u00f3lo se utilizar\u00e1n para tratar casos cl\u00ednicos o situaciones de deterioro en la explotaci\u00f3n.<\/p>\n<\/div><\/div>\n<\/div><\/div>\n\n\n\n<div class=\"wp-block-ic-blocks-responsive-spacer\"><div style=\"height:100px\"><\/div><div style=\"height:50px\"><\/div><\/div>\n","protected":false},"excerpt":{"rendered":"<p>Amamos a sus mascotas. Te asesoramos En IDENA somos expertos apasionados por el bienestar animal y nuestra profesi\u00f3n. Nuestros equipos t\u00e9cnicos y comerciales, a menudo sobre el terreno, le ofrecen asesoramiento a medida para mejorar la formulaci\u00f3n de sus productos y optimizar su eficacia. Nuestra misi\u00f3n: apoyarle con soluciones innovadoras, fomentar la desmedicaci\u00f3n y facilitar [&hellip;]<\/p>\n","protected":false},"author":1,"featured_media":0,"parent":5519,"menu_order":0,"comment_status":"closed","ping_status":"closed","template":"","meta":{"_acf_changed":false,"inline_featured_image":false,"footnotes":""},"class_list":["post-5520","page","type-page","status-publish","hentry"],"acf":[],"mb":[],"yoast_head":"<!-- This site is optimized with the Yoast SEO plugin v27.0 - https:\/\/yoast.com\/product\/yoast-seo-wordpress\/ -->\n<title>Consejos | Idena<\/title>\n<meta name=\"description\" content=\"En IDENA somos expertos apasionados por el bienestar animal y nuestra profesi\u00f3n. Nuestra misi\u00f3n: escucharle para asesorarle lo mejor posible.\" \/>\n<meta name=\"robots\" content=\"index, follow, max-snippet:-1, max-image-preview:large, max-video-preview:-1\" \/>\n<link rel=\"canonical\" href=\"https:\/\/www.idena.fr\/es\/nuestra-experiencia\/consejos\/\" \/>\n<meta property=\"og:locale\" content=\"es_ES\" \/>\n<meta property=\"og:type\" content=\"article\" \/>\n<meta property=\"og:title\" content=\"Consejos | Idena\" \/>\n<meta property=\"og:description\" content=\"En IDENA somos expertos apasionados por el bienestar animal y nuestra profesi\u00f3n. Nuestra misi\u00f3n: escucharle para asesorarle lo mejor posible.\" \/>\n<meta property=\"og:url\" content=\"https:\/\/www.idena.fr\/es\/nuestra-experiencia\/consejos\/\" \/>\n<meta property=\"og:site_name\" content=\"Idena\" \/>\n<meta property=\"article:modified_time\" content=\"2025-02-28T09:36:50+00:00\" \/>\n<meta property=\"og:image\" content=\"https:\/\/www.idena.fr\/wp-content\/uploads\/header-1-3.jpg\" \/>\n\t<meta property=\"og:image:width\" content=\"1300\" \/>\n\t<meta property=\"og:image:height\" content=\"547\" \/>\n\t<meta property=\"og:image:type\" content=\"image\/jpeg\" \/>\n<meta name=\"twitter:card\" content=\"summary_large_image\" \/>\n<meta name=\"twitter:label1\" content=\"Tiempo de lectura\" \/>\n\t<meta name=\"twitter:data1\" content=\"4 minutos\" \/>\n<script type=\"application\/ld+json\" class=\"yoast-schema-graph\">{\"@context\":\"https:\/\/schema.org\",\"@graph\":[{\"@type\":\"WebPage\",\"@id\":\"https:\/\/www.idena.fr\/es\/nuestra-experiencia\/consejos\/\",\"url\":\"https:\/\/www.idena.fr\/es\/nuestra-experiencia\/consejos\/\",\"name\":\"Consejos | Idena\",\"isPartOf\":{\"@id\":\"https:\/\/idena-wordpress-web.dev.imcr.dev\/#website\"},\"primaryImageOfPage\":{\"@id\":\"https:\/\/www.idena.fr\/es\/nuestra-experiencia\/consejos\/#primaryimage\"},\"image\":{\"@id\":\"https:\/\/www.idena.fr\/es\/nuestra-experiencia\/consejos\/#primaryimage\"},\"thumbnailUrl\":\"https:\/\/www.idena.fr\/wp-content\/uploads\/header-1-3.jpg\",\"datePublished\":\"2024-08-09T14:38:24+00:00\",\"dateModified\":\"2025-02-28T09:36:50+00:00\",\"description\":\"En IDENA somos expertos apasionados por el bienestar animal y nuestra profesi\u00f3n. Nuestra misi\u00f3n: escucharle para asesorarle lo mejor posible.\",\"breadcrumb\":{\"@id\":\"https:\/\/www.idena.fr\/es\/nuestra-experiencia\/consejos\/#breadcrumb\"},\"inLanguage\":\"es\",\"potentialAction\":[{\"@type\":\"ReadAction\",\"target\":[\"https:\/\/www.idena.fr\/es\/nuestra-experiencia\/consejos\/\"]}]},{\"@type\":\"ImageObject\",\"inLanguage\":\"es\",\"@id\":\"https:\/\/www.idena.fr\/es\/nuestra-experiencia\/consejos\/#primaryimage\",\"url\":\"https:\/\/www.idena.fr\/wp-content\/uploads\/header-1-3.jpg\",\"contentUrl\":\"https:\/\/www.idena.fr\/wp-content\/uploads\/header-1-3.jpg\"},{\"@type\":\"BreadcrumbList\",\"@id\":\"https:\/\/www.idena.fr\/es\/nuestra-experiencia\/consejos\/#breadcrumb\",\"itemListElement\":[{\"@type\":\"ListItem\",\"position\":1,\"name\":\"Accueil\",\"item\":\"https:\/\/www.idena.fr\/es\/\"},{\"@type\":\"ListItem\",\"position\":2,\"name\":\"Nuestra experiencia\",\"item\":\"https:\/\/www.idena.fr\/es\/nuestra-experiencia\/\"},{\"@type\":\"ListItem\",\"position\":3,\"name\":\"Consejos\"}]},{\"@type\":\"WebSite\",\"@id\":\"https:\/\/idena-wordpress-web.dev.imcr.dev\/#website\",\"url\":\"https:\/\/idena-wordpress-web.dev.imcr.dev\/\",\"name\":\"Idena\",\"description\":\"\",\"publisher\":{\"@id\":\"https:\/\/idena-wordpress-web.dev.imcr.dev\/#organization\"},\"potentialAction\":[{\"@type\":\"SearchAction\",\"target\":{\"@type\":\"EntryPoint\",\"urlTemplate\":\"https:\/\/idena-wordpress-web.dev.imcr.dev\/?s={search_term_string}\"},\"query-input\":{\"@type\":\"PropertyValueSpecification\",\"valueRequired\":true,\"valueName\":\"search_term_string\"}}],\"inLanguage\":\"es\"},{\"@type\":\"Organization\",\"@id\":\"https:\/\/idena-wordpress-web.dev.imcr.dev\/#organization\",\"name\":\"Idena\",\"url\":\"https:\/\/idena-wordpress-web.dev.imcr.dev\/\",\"logo\":{\"@type\":\"ImageObject\",\"inLanguage\":\"es\",\"@id\":\"https:\/\/idena-wordpress-web.dev.imcr.dev\/#\/schema\/logo\/image\/\",\"url\":\"https:\/\/www.idena.fr\/wp-content\/uploads\/logo-idena-1.svg\",\"contentUrl\":\"https:\/\/www.idena.fr\/wp-content\/uploads\/logo-idena-1.svg\",\"width\":393,\"height\":106,\"caption\":\"Idena\"},\"image\":{\"@id\":\"https:\/\/idena-wordpress-web.dev.imcr.dev\/#\/schema\/logo\/image\/\"}}]}<\/script>\n<!-- \/ Yoast SEO plugin. -->","yoast_head_json":{"title":"Consejos | Idena","description":"En IDENA somos expertos apasionados por el bienestar animal y nuestra profesi\u00f3n. Nuestra misi\u00f3n: escucharle para asesorarle lo mejor posible.","robots":{"index":"index","follow":"follow","max-snippet":"max-snippet:-1","max-image-preview":"max-image-preview:large","max-video-preview":"max-video-preview:-1"},"canonical":"https:\/\/www.idena.fr\/es\/nuestra-experiencia\/consejos\/","og_locale":"es_ES","og_type":"article","og_title":"Consejos | Idena","og_description":"En IDENA somos expertos apasionados por el bienestar animal y nuestra profesi\u00f3n. Nuestra misi\u00f3n: escucharle para asesorarle lo mejor posible.","og_url":"https:\/\/www.idena.fr\/es\/nuestra-experiencia\/consejos\/","og_site_name":"Idena","article_modified_time":"2025-02-28T09:36:50+00:00","og_image":[{"width":1300,"height":547,"url":"https:\/\/www.idena.fr\/wp-content\/uploads\/header-1-3.jpg","type":"image\/jpeg"}],"twitter_card":"summary_large_image","twitter_misc":{"Tiempo de lectura":"4 minutos"},"schema":{"@context":"https:\/\/schema.org","@graph":[{"@type":"WebPage","@id":"https:\/\/www.idena.fr\/es\/nuestra-experiencia\/consejos\/","url":"https:\/\/www.idena.fr\/es\/nuestra-experiencia\/consejos\/","name":"Consejos | Idena","isPartOf":{"@id":"https:\/\/idena-wordpress-web.dev.imcr.dev\/#website"},"primaryImageOfPage":{"@id":"https:\/\/www.idena.fr\/es\/nuestra-experiencia\/consejos\/#primaryimage"},"image":{"@id":"https:\/\/www.idena.fr\/es\/nuestra-experiencia\/consejos\/#primaryimage"},"thumbnailUrl":"https:\/\/www.idena.fr\/wp-content\/uploads\/header-1-3.jpg","datePublished":"2024-08-09T14:38:24+00:00","dateModified":"2025-02-28T09:36:50+00:00","description":"En IDENA somos expertos apasionados por el bienestar animal y nuestra profesi\u00f3n. Nuestra misi\u00f3n: escucharle para asesorarle lo mejor posible.","breadcrumb":{"@id":"https:\/\/www.idena.fr\/es\/nuestra-experiencia\/consejos\/#breadcrumb"},"inLanguage":"es","potentialAction":[{"@type":"ReadAction","target":["https:\/\/www.idena.fr\/es\/nuestra-experiencia\/consejos\/"]}]},{"@type":"ImageObject","inLanguage":"es","@id":"https:\/\/www.idena.fr\/es\/nuestra-experiencia\/consejos\/#primaryimage","url":"https:\/\/www.idena.fr\/wp-content\/uploads\/header-1-3.jpg","contentUrl":"https:\/\/www.idena.fr\/wp-content\/uploads\/header-1-3.jpg"},{"@type":"BreadcrumbList","@id":"https:\/\/www.idena.fr\/es\/nuestra-experiencia\/consejos\/#breadcrumb","itemListElement":[{"@type":"ListItem","position":1,"name":"Accueil","item":"https:\/\/www.idena.fr\/es\/"},{"@type":"ListItem","position":2,"name":"Nuestra experiencia","item":"https:\/\/www.idena.fr\/es\/nuestra-experiencia\/"},{"@type":"ListItem","position":3,"name":"Consejos"}]},{"@type":"WebSite","@id":"https:\/\/idena-wordpress-web.dev.imcr.dev\/#website","url":"https:\/\/idena-wordpress-web.dev.imcr.dev\/","name":"Idena","description":"","publisher":{"@id":"https:\/\/idena-wordpress-web.dev.imcr.dev\/#organization"},"potentialAction":[{"@type":"SearchAction","target":{"@type":"EntryPoint","urlTemplate":"https:\/\/idena-wordpress-web.dev.imcr.dev\/?s={search_term_string}"},"query-input":{"@type":"PropertyValueSpecification","valueRequired":true,"valueName":"search_term_string"}}],"inLanguage":"es"},{"@type":"Organization","@id":"https:\/\/idena-wordpress-web.dev.imcr.dev\/#organization","name":"Idena","url":"https:\/\/idena-wordpress-web.dev.imcr.dev\/","logo":{"@type":"ImageObject","inLanguage":"es","@id":"https:\/\/idena-wordpress-web.dev.imcr.dev\/#\/schema\/logo\/image\/","url":"https:\/\/www.idena.fr\/wp-content\/uploads\/logo-idena-1.svg","contentUrl":"https:\/\/www.idena.fr\/wp-content\/uploads\/logo-idena-1.svg","width":393,"height":106,"caption":"Idena"},"image":{"@id":"https:\/\/idena-wordpress-web.dev.imcr.dev\/#\/schema\/logo\/image\/"}}]}},"mfb_rest_fields":["title","yoast_head","yoast_head_json"],"_links":{"self":[{"href":"https:\/\/www.idena.fr\/es\/wp-json\/wp\/v2\/pages\/5520","targetHints":{"allow":["GET"]}}],"collection":[{"href":"https:\/\/www.idena.fr\/es\/wp-json\/wp\/v2\/pages"}],"about":[{"href":"https:\/\/www.idena.fr\/es\/wp-json\/wp\/v2\/types\/page"}],"author":[{"embeddable":true,"href":"https:\/\/www.idena.fr\/es\/wp-json\/wp\/v2\/users\/1"}],"replies":[{"embeddable":true,"href":"https:\/\/www.idena.fr\/es\/wp-json\/wp\/v2\/comments?post=5520"}],"version-history":[{"count":1,"href":"https:\/\/www.idena.fr\/es\/wp-json\/wp\/v2\/pages\/5520\/revisions"}],"predecessor-version":[{"id":5589,"href":"https:\/\/www.idena.fr\/es\/wp-json\/wp\/v2\/pages\/5520\/revisions\/5589"}],"up":[{"embeddable":true,"href":"https:\/\/www.idena.fr\/es\/wp-json\/wp\/v2\/pages\/5519"}],"wp:attachment":[{"href":"https:\/\/www.idena.fr\/es\/wp-json\/wp\/v2\/media?parent=5520"}],"curies":[{"name":"wp","href":"https:\/\/api.w.org\/{rel}","templated":true}]}}