{"id":5522,"date":"2024-08-09T16:45:18","date_gmt":"2024-08-09T14:45:18","guid":{"rendered":"https:\/\/www.idena.fr\/nos-expertises\/fabrication\/"},"modified":"2025-02-28T11:30:49","modified_gmt":"2025-02-28T10:30:49","slug":"fabrication","status":"publish","type":"page","link":"https:\/\/www.idena.fr\/es\/nuestra-experiencia\/fabrication\/","title":{"rendered":"Fabricaci\u00f3n"},"content":{"rendered":"\n<div class=\"wp-block-group alignwide header-page has-primary-10-background-color has-background animate__fadeInUp animation-extend paused animate__animated\" style=\"padding-top:0;padding-bottom:0;border-radius:0\"><div class=\"wp-block-group__inner-container is-layout-constrained wp-block-group-is-layout-constrained\">\n<div class=\"wp-block-media-text alignwide has-media-on-the-right is-stacked-on-mobile is-image-fill reverse-mobile\"><div class=\"wp-block-media-text__content\">\n<div class=\"wp-block-group animate__fadeInUp animation-extend paused animate__animated\" style=\"border-radius:0\"><div class=\"wp-block-group__inner-container is-layout-constrained wp-block-group-is-layout-constrained\">\n<h1 class=\"wp-block-heading has-neutral-100-color has-text-color has-link-color icone-seedling wp-elements-6aaf485d7462c2acebb82f8a63a950c6\"><mark style=\"background-color:rgba(0, 0, 0, 0)\" class=\"has-inline-color has-secondary-30-color\">IDENA PRODUCTION,<\/mark> <sub>un<br>proceso industrial de vanguardia \u00fanico<\/sub><\/h1>\n\n\n\n<p class=\"is-style-intro has-neutral-60-color has-text-color has-link-color wp-elements-32b5161f966e04b1e6c4bc472f85a35b\">Construida en 2001, nuestra planta IDENA PRODUCTION de Pontch\u00e2teau (44 &#8211; Francia) es la encarnaci\u00f3n del esp\u00edritu innovador de la empresa.<br><br>Fieles a nuestra idea de trabajar para <strong>la nutrici\u00f3n animal de una forma diferente<\/strong>, nos pareci\u00f3 obvio dise\u00f1ar la planta como tal.<\/p>\n\n\n\n<p class=\"is-style-intro has-neutral-60-color has-text-color has-link-color wp-elements-b54ae42bd4aa2ff0af2d2f8f7b6a8dfa\">Hemos tomado la audaz decisi\u00f3n de dise\u00f1ar nuestro proceso industrial siguiendo las pautas de la industria farmac\u00e9utica, con sus limitaciones sanitarias y sus controles extremadamente precisos.<\/p>\n\n\n\n<p class=\"is-style-intro has-neutral-60-color has-text-color has-link-color wp-elements-08db282388315651ac3fa8e266232206\">Con m\u00e1s de 20 a\u00f1os de experiencia, la eficacia de este proceso, <strong>\u00fanico en Francia<\/strong>, no necesita m\u00e1s demostraci\u00f3n.<\/p>\n\n\n\n<p class=\"is-style-intro has-neutral-60-color has-text-color has-link-color wp-elements-0f6cf69da1ce3b1d1f93030c1441ddf5\">Desde 2001, nuestras instalaciones de producci\u00f3n se han ampliado en 2 ocasiones para que nuestros socios puedan seguir apreciando nuestra capacidad de reacci\u00f3n.<br><\/p>\n<\/div><\/div>\n<\/div><figure class=\"wp-block-media-text__media\" style=\"background-image:url(https:\/\/www.idena.fr\/wp-content\/uploads\/header-1-4.jpg);background-position:50% 50%\"><img loading=\"lazy\" decoding=\"async\" width=\"1300\" height=\"731\" src=\"https:\/\/www.idena.fr\/wp-content\/uploads\/header-1-4.jpg\" alt=\"IDENA PRODUCTION Usine de fabrication technologie \" class=\"wp-image-3514 size-full\" srcset=\"https:\/\/www.idena.fr\/wp-content\/uploads\/header-1-4.jpg 1300w, https:\/\/www.idena.fr\/wp-content\/uploads\/header-1-4-768x432.jpg 768w\" sizes=\"auto, (max-width: 1300px) 100vw, 1300px\" \/><\/figure><\/div>\n<\/div><\/div>\n\n\n\n<div class=\"wp-block-ic-blocks-responsive-spacer\"><div style=\"height:100px\"><\/div><div style=\"height:50px\"><\/div><\/div>\n\n\n\n<div class=\"wp-block-media-text is-stacked-on-mobile \"><figure class=\"wp-block-media-text__media\"><img loading=\"lazy\" decoding=\"async\" width=\"1300\" height=\"732\" src=\"https:\/\/www.idena.fr\/wp-content\/uploads\/usine-de-premelanges.jpg\" alt=\"idena production usine de premelanges\" class=\"wp-image-3515 size-full\" srcset=\"https:\/\/www.idena.fr\/wp-content\/uploads\/usine-de-premelanges.jpg 1300w, https:\/\/www.idena.fr\/wp-content\/uploads\/usine-de-premelanges-768x432.jpg 768w\" sizes=\"auto, (max-width: 1300px) 100vw, 1300px\" \/><\/figure><div class=\"wp-block-media-text__content\">\n<div class=\"wp-block-group animate__fadeInUp animation-extend paused animate__animated\" style=\"border-radius:0\"><div class=\"wp-block-group__inner-container is-layout-constrained wp-block-group-is-layout-constrained\">\n<h2 class=\"wp-block-heading \">La planta de premezclas, nuestra experiencia l\u00edder<\/h2>\n\n\n\n<p>Nuestra planta de premezclas y especialidades se beneficia de una tecnolog\u00eda inspirada en la industria farmac\u00e9utica, donde la <strong>precisi\u00f3n<\/strong>, la <strong>homogeneidad<\/strong> y la <strong>ausencia de contaminaci\u00f3n cruzada<\/strong> son los puntos fuertes de nuestra tecnolog\u00eda.<\/p>\n\n\n\n<p>De hecho, IDENA cuenta con su propio proceso de seguridad denominado IAS* (IDENA Aplicaci\u00f3n Segura), <strong>que supone una ruptura tecnol\u00f3gica con las plantas de premezcla convencionales.<\/strong><\/p>\n\n\n\n<ul class=\"wp-block-list\">\n<li>Un proceso sin tuber\u00edas para evitar la contaminaci\u00f3n cruzada,<\/li>\n\n\n\n<li>Dosificaci\u00f3n precisa gracias a nuestra tecnolog\u00eda de vanguardia,<\/li>\n\n\n\n<li>Control en cada etapa del proceso, gracias a nuestra tecnolog\u00eda RFID,<\/li>\n\n\n\n<li>Lavado obligatorio de los contenedores entre cada uso.<\/li>\n<\/ul>\n\n\n\n<p>Tambi\u00e9n hemos a\u00f1adido una l\u00ednea de alta seguridad para productos y procesos espec\u00edficos.<\/p>\n<\/div><\/div>\n<\/div><\/div>\n\n\n\n<div class=\"wp-block-ic-blocks-responsive-spacer\"><div style=\"height:60px\"><\/div><div style=\"height:30px\"><\/div><\/div>\n\n\n\n<div class=\"wp-block-media-text has-media-on-the-right is-stacked-on-mobile \"><div class=\"wp-block-media-text__content\">\n<div class=\"wp-block-group animate__fadeInUp animation-extend paused animate__animated\" style=\"border-radius:0\"><div class=\"wp-block-group__inner-container is-layout-constrained wp-block-group-is-layout-constrained\">\n<h2 class=\"wp-block-heading \">Nuestra \u00faltima tecnolog\u00eda en acci\u00f3n<\/h2>\n\n\n\n<p>En los \u00faltimos a\u00f1os, hemos desarrollado una tecnolog\u00eda nueva y disruptiva de la que somos propietarios.<\/p>\n\n\n\n<p>La <strong>ECHV es una tecnolog\u00eda exclusiva de microemulsi\u00f3n <\/strong>que utiliza un homogeneizador de alta agitaci\u00f3n. Esta tecnolog\u00eda nos permite fabricar productos l\u00edquidos en nuestra planta de IDENA PRODUCTION. <\/p>\n\n\n\n<p>La optimizaci\u00f3n de la relaci\u00f3n dosis\/eficacia de los principios activos de nuestros productos es una de las principales ventajas de la tecnolog\u00eda ECHV desarrollada para nuestra nueva l\u00ednea de productos l\u00edquidos.<\/p>\n\n\n\n<p>Un hito en el camino hacia una utilizaci\u00f3n m\u00e1s eficaz de los recursos de la naturaleza, respetando al mismo tiempo el equilibrio digestivo de los animales.<\/p>\n\n\n\n<p>La tecnolog\u00eda ECHV est\u00e1 presente en todos nuestros productos alternativos, polvos y l\u00edquidos.<\/p>\n<\/div><\/div>\n<\/div><figure class=\"wp-block-media-text__media\"><img loading=\"lazy\" decoding=\"async\" width=\"1066\" height=\"546\" src=\"https:\/\/www.idena.fr\/wp-content\/uploads\/technologie-echv-idena-e1725874900284.jpg\" alt=\"idena production technologie echv homogeneite \" class=\"wp-image-3516 size-full\" srcset=\"https:\/\/www.idena.fr\/wp-content\/uploads\/technologie-echv-idena-e1725874900284.jpg 1066w, https:\/\/www.idena.fr\/wp-content\/uploads\/technologie-echv-idena-e1725874900284-768x393.jpg 768w\" sizes=\"auto, (max-width: 1066px) 100vw, 1066px\" \/><\/figure><\/div>\n\n\n\n<div class=\"wp-block-ic-blocks-responsive-spacer\"><div style=\"height:100px\"><\/div><div style=\"height:50px\"><\/div><\/div>\n","protected":false},"excerpt":{"rendered":"<p>IDENA PRODUCTION, unproceso industrial de vanguardia \u00fanico Construida en 2001, nuestra planta IDENA PRODUCTION de Pontch\u00e2teau (44 &#8211; Francia) es la encarnaci\u00f3n del esp\u00edritu innovador de la empresa. Fieles a nuestra idea de trabajar para la nutrici\u00f3n animal de una forma diferente, nos pareci\u00f3 obvio dise\u00f1ar la planta como tal. Hemos tomado la audaz decisi\u00f3n [&hellip;]<\/p>\n","protected":false},"author":1,"featured_media":0,"parent":5519,"menu_order":0,"comment_status":"closed","ping_status":"closed","template":"","meta":{"_acf_changed":false,"inline_featured_image":false,"footnotes":""},"class_list":["post-5522","page","type-page","status-publish","hentry"],"acf":[],"mb":[],"yoast_head":"<!-- This site is optimized with the Yoast SEO plugin v27.0 - https:\/\/yoast.com\/product\/yoast-seo-wordpress\/ -->\n<title>IDENA PRODUCTION : Planta innovadora para la Nutrici\u00f3n Animal | Idena<\/title>\n<meta name=\"description\" content=\"Descubra IDENA PRODUCTION, nuestra planta innovadora que combina tecnolog\u00eda farmac\u00e9utica y precisi\u00f3n para obtener premezclas y productos l\u00edquidos.\" \/>\n<meta name=\"robots\" content=\"index, follow, max-snippet:-1, max-image-preview:large, max-video-preview:-1\" \/>\n<link rel=\"canonical\" href=\"https:\/\/www.idena.fr\/es\/nuestra-experiencia\/fabrication\/\" \/>\n<meta property=\"og:locale\" content=\"es_ES\" \/>\n<meta property=\"og:type\" content=\"article\" \/>\n<meta property=\"og:title\" content=\"IDENA PRODUCTION : Planta innovadora para la Nutrici\u00f3n Animal | Idena\" \/>\n<meta property=\"og:description\" content=\"Descubra IDENA PRODUCTION, nuestra planta innovadora que combina tecnolog\u00eda farmac\u00e9utica y precisi\u00f3n para obtener premezclas y productos l\u00edquidos.\" \/>\n<meta property=\"og:url\" content=\"https:\/\/www.idena.fr\/es\/nuestra-experiencia\/fabrication\/\" \/>\n<meta property=\"og:site_name\" content=\"Idena\" \/>\n<meta property=\"article:modified_time\" content=\"2025-02-28T10:30:49+00:00\" \/>\n<meta property=\"og:image\" content=\"https:\/\/www.idena.fr\/wp-content\/uploads\/header-1-4.jpg\" \/>\n\t<meta property=\"og:image:width\" content=\"1300\" \/>\n\t<meta property=\"og:image:height\" content=\"731\" \/>\n\t<meta property=\"og:image:type\" content=\"image\/jpeg\" \/>\n<meta name=\"twitter:card\" content=\"summary_large_image\" \/>\n<meta name=\"twitter:label1\" content=\"Tiempo de lectura\" \/>\n\t<meta name=\"twitter:data1\" content=\"3 minutos\" \/>\n<script type=\"application\/ld+json\" class=\"yoast-schema-graph\">{\"@context\":\"https:\/\/schema.org\",\"@graph\":[{\"@type\":\"WebPage\",\"@id\":\"https:\/\/www.idena.fr\/es\/nuestra-experiencia\/fabrication\/\",\"url\":\"https:\/\/www.idena.fr\/es\/nuestra-experiencia\/fabrication\/\",\"name\":\"IDENA PRODUCTION : Planta innovadora para la Nutrici\u00f3n Animal | Idena\",\"isPartOf\":{\"@id\":\"https:\/\/idena-wordpress-web.dev.imcr.dev\/#website\"},\"primaryImageOfPage\":{\"@id\":\"https:\/\/www.idena.fr\/es\/nuestra-experiencia\/fabrication\/#primaryimage\"},\"image\":{\"@id\":\"https:\/\/www.idena.fr\/es\/nuestra-experiencia\/fabrication\/#primaryimage\"},\"thumbnailUrl\":\"https:\/\/www.idena.fr\/wp-content\/uploads\/header-1-4.jpg\",\"datePublished\":\"2024-08-09T14:45:18+00:00\",\"dateModified\":\"2025-02-28T10:30:49+00:00\",\"description\":\"Descubra IDENA PRODUCTION, nuestra planta innovadora que combina tecnolog\u00eda farmac\u00e9utica y precisi\u00f3n para obtener premezclas y productos l\u00edquidos.\",\"breadcrumb\":{\"@id\":\"https:\/\/www.idena.fr\/es\/nuestra-experiencia\/fabrication\/#breadcrumb\"},\"inLanguage\":\"es\",\"potentialAction\":[{\"@type\":\"ReadAction\",\"target\":[\"https:\/\/www.idena.fr\/es\/nuestra-experiencia\/fabrication\/\"]}]},{\"@type\":\"ImageObject\",\"inLanguage\":\"es\",\"@id\":\"https:\/\/www.idena.fr\/es\/nuestra-experiencia\/fabrication\/#primaryimage\",\"url\":\"https:\/\/www.idena.fr\/wp-content\/uploads\/header-1-4.jpg\",\"contentUrl\":\"https:\/\/www.idena.fr\/wp-content\/uploads\/header-1-4.jpg\"},{\"@type\":\"BreadcrumbList\",\"@id\":\"https:\/\/www.idena.fr\/es\/nuestra-experiencia\/fabrication\/#breadcrumb\",\"itemListElement\":[{\"@type\":\"ListItem\",\"position\":1,\"name\":\"Accueil\",\"item\":\"https:\/\/www.idena.fr\/es\/\"},{\"@type\":\"ListItem\",\"position\":2,\"name\":\"Nuestra experiencia\",\"item\":\"https:\/\/www.idena.fr\/es\/nuestra-experiencia\/\"},{\"@type\":\"ListItem\",\"position\":3,\"name\":\"Producci\u00f3n IDENA PRODUCTION\"}]},{\"@type\":\"WebSite\",\"@id\":\"https:\/\/idena-wordpress-web.dev.imcr.dev\/#website\",\"url\":\"https:\/\/idena-wordpress-web.dev.imcr.dev\/\",\"name\":\"Idena\",\"description\":\"\",\"publisher\":{\"@id\":\"https:\/\/idena-wordpress-web.dev.imcr.dev\/#organization\"},\"potentialAction\":[{\"@type\":\"SearchAction\",\"target\":{\"@type\":\"EntryPoint\",\"urlTemplate\":\"https:\/\/idena-wordpress-web.dev.imcr.dev\/?s={search_term_string}\"},\"query-input\":{\"@type\":\"PropertyValueSpecification\",\"valueRequired\":true,\"valueName\":\"search_term_string\"}}],\"inLanguage\":\"es\"},{\"@type\":\"Organization\",\"@id\":\"https:\/\/idena-wordpress-web.dev.imcr.dev\/#organization\",\"name\":\"Idena\",\"url\":\"https:\/\/idena-wordpress-web.dev.imcr.dev\/\",\"logo\":{\"@type\":\"ImageObject\",\"inLanguage\":\"es\",\"@id\":\"https:\/\/idena-wordpress-web.dev.imcr.dev\/#\/schema\/logo\/image\/\",\"url\":\"https:\/\/www.idena.fr\/wp-content\/uploads\/logo-idena-1.svg\",\"contentUrl\":\"https:\/\/www.idena.fr\/wp-content\/uploads\/logo-idena-1.svg\",\"width\":393,\"height\":106,\"caption\":\"Idena\"},\"image\":{\"@id\":\"https:\/\/idena-wordpress-web.dev.imcr.dev\/#\/schema\/logo\/image\/\"}}]}<\/script>\n<!-- \/ Yoast SEO plugin. -->","yoast_head_json":{"title":"IDENA PRODUCTION : Planta innovadora para la Nutrici\u00f3n Animal | Idena","description":"Descubra IDENA PRODUCTION, nuestra planta innovadora que combina tecnolog\u00eda farmac\u00e9utica y precisi\u00f3n para obtener premezclas y productos l\u00edquidos.","robots":{"index":"index","follow":"follow","max-snippet":"max-snippet:-1","max-image-preview":"max-image-preview:large","max-video-preview":"max-video-preview:-1"},"canonical":"https:\/\/www.idena.fr\/es\/nuestra-experiencia\/fabrication\/","og_locale":"es_ES","og_type":"article","og_title":"IDENA PRODUCTION : Planta innovadora para la Nutrici\u00f3n Animal | Idena","og_description":"Descubra IDENA PRODUCTION, nuestra planta innovadora que combina tecnolog\u00eda farmac\u00e9utica y precisi\u00f3n para obtener premezclas y productos l\u00edquidos.","og_url":"https:\/\/www.idena.fr\/es\/nuestra-experiencia\/fabrication\/","og_site_name":"Idena","article_modified_time":"2025-02-28T10:30:49+00:00","og_image":[{"width":1300,"height":731,"url":"https:\/\/www.idena.fr\/wp-content\/uploads\/header-1-4.jpg","type":"image\/jpeg"}],"twitter_card":"summary_large_image","twitter_misc":{"Tiempo de lectura":"3 minutos"},"schema":{"@context":"https:\/\/schema.org","@graph":[{"@type":"WebPage","@id":"https:\/\/www.idena.fr\/es\/nuestra-experiencia\/fabrication\/","url":"https:\/\/www.idena.fr\/es\/nuestra-experiencia\/fabrication\/","name":"IDENA PRODUCTION : Planta innovadora para la Nutrici\u00f3n Animal | Idena","isPartOf":{"@id":"https:\/\/idena-wordpress-web.dev.imcr.dev\/#website"},"primaryImageOfPage":{"@id":"https:\/\/www.idena.fr\/es\/nuestra-experiencia\/fabrication\/#primaryimage"},"image":{"@id":"https:\/\/www.idena.fr\/es\/nuestra-experiencia\/fabrication\/#primaryimage"},"thumbnailUrl":"https:\/\/www.idena.fr\/wp-content\/uploads\/header-1-4.jpg","datePublished":"2024-08-09T14:45:18+00:00","dateModified":"2025-02-28T10:30:49+00:00","description":"Descubra IDENA PRODUCTION, nuestra planta innovadora que combina tecnolog\u00eda farmac\u00e9utica y precisi\u00f3n para obtener premezclas y productos l\u00edquidos.","breadcrumb":{"@id":"https:\/\/www.idena.fr\/es\/nuestra-experiencia\/fabrication\/#breadcrumb"},"inLanguage":"es","potentialAction":[{"@type":"ReadAction","target":["https:\/\/www.idena.fr\/es\/nuestra-experiencia\/fabrication\/"]}]},{"@type":"ImageObject","inLanguage":"es","@id":"https:\/\/www.idena.fr\/es\/nuestra-experiencia\/fabrication\/#primaryimage","url":"https:\/\/www.idena.fr\/wp-content\/uploads\/header-1-4.jpg","contentUrl":"https:\/\/www.idena.fr\/wp-content\/uploads\/header-1-4.jpg"},{"@type":"BreadcrumbList","@id":"https:\/\/www.idena.fr\/es\/nuestra-experiencia\/fabrication\/#breadcrumb","itemListElement":[{"@type":"ListItem","position":1,"name":"Accueil","item":"https:\/\/www.idena.fr\/es\/"},{"@type":"ListItem","position":2,"name":"Nuestra experiencia","item":"https:\/\/www.idena.fr\/es\/nuestra-experiencia\/"},{"@type":"ListItem","position":3,"name":"Producci\u00f3n IDENA PRODUCTION"}]},{"@type":"WebSite","@id":"https:\/\/idena-wordpress-web.dev.imcr.dev\/#website","url":"https:\/\/idena-wordpress-web.dev.imcr.dev\/","name":"Idena","description":"","publisher":{"@id":"https:\/\/idena-wordpress-web.dev.imcr.dev\/#organization"},"potentialAction":[{"@type":"SearchAction","target":{"@type":"EntryPoint","urlTemplate":"https:\/\/idena-wordpress-web.dev.imcr.dev\/?s={search_term_string}"},"query-input":{"@type":"PropertyValueSpecification","valueRequired":true,"valueName":"search_term_string"}}],"inLanguage":"es"},{"@type":"Organization","@id":"https:\/\/idena-wordpress-web.dev.imcr.dev\/#organization","name":"Idena","url":"https:\/\/idena-wordpress-web.dev.imcr.dev\/","logo":{"@type":"ImageObject","inLanguage":"es","@id":"https:\/\/idena-wordpress-web.dev.imcr.dev\/#\/schema\/logo\/image\/","url":"https:\/\/www.idena.fr\/wp-content\/uploads\/logo-idena-1.svg","contentUrl":"https:\/\/www.idena.fr\/wp-content\/uploads\/logo-idena-1.svg","width":393,"height":106,"caption":"Idena"},"image":{"@id":"https:\/\/idena-wordpress-web.dev.imcr.dev\/#\/schema\/logo\/image\/"}}]}},"mfb_rest_fields":["title","yoast_head","yoast_head_json"],"_links":{"self":[{"href":"https:\/\/www.idena.fr\/es\/wp-json\/wp\/v2\/pages\/5522","targetHints":{"allow":["GET"]}}],"collection":[{"href":"https:\/\/www.idena.fr\/es\/wp-json\/wp\/v2\/pages"}],"about":[{"href":"https:\/\/www.idena.fr\/es\/wp-json\/wp\/v2\/types\/page"}],"author":[{"embeddable":true,"href":"https:\/\/www.idena.fr\/es\/wp-json\/wp\/v2\/users\/1"}],"replies":[{"embeddable":true,"href":"https:\/\/www.idena.fr\/es\/wp-json\/wp\/v2\/comments?post=5522"}],"version-history":[{"count":2,"href":"https:\/\/www.idena.fr\/es\/wp-json\/wp\/v2\/pages\/5522\/revisions"}],"predecessor-version":[{"id":5594,"href":"https:\/\/www.idena.fr\/es\/wp-json\/wp\/v2\/pages\/5522\/revisions\/5594"}],"up":[{"embeddable":true,"href":"https:\/\/www.idena.fr\/es\/wp-json\/wp\/v2\/pages\/5519"}],"wp:attachment":[{"href":"https:\/\/www.idena.fr\/es\/wp-json\/wp\/v2\/media?parent=5522"}],"curies":[{"name":"wp","href":"https:\/\/api.w.org\/{rel}","templated":true}]}}