{"id":5526,"date":"2024-08-12T10:10:27","date_gmt":"2024-08-12T08:10:27","guid":{"rendered":"https:\/\/www.idena.fr\/nos-expertises\/recherche-et-developpement\/"},"modified":"2025-02-28T12:37:59","modified_gmt":"2025-02-28T11:37:59","slug":"investigacion-y-desarrollo","status":"publish","type":"page","link":"https:\/\/www.idena.fr\/es\/nuestra-experiencia\/investigacion-y-desarrollo\/","title":{"rendered":"Investigaci\u00f3n y desarrollo"},"content":{"rendered":"\n<div class=\"wp-block-group alignwide header-page has-primary-10-background-color has-background animate__fadeInUp animation-extend paused animate__animated\" style=\"padding-top:0;padding-bottom:0;border-radius:0\"><div class=\"wp-block-group__inner-container is-layout-constrained wp-block-group-is-layout-constrained\">\n<div class=\"wp-block-media-text alignwide has-media-on-the-right is-stacked-on-mobile is-image-fill reverse-mobile\"><div class=\"wp-block-media-text__content\">\n<div class=\"wp-block-group animate__fadeInUp animation-extend paused animate__animated\" style=\"border-radius:0\"><div class=\"wp-block-group__inner-container is-layout-constrained wp-block-group-is-layout-constrained\">\n<h1 class=\"wp-block-heading has-neutral-100-color has-text-color has-link-color icone-memo wp-elements-72e461041a97d75be3288a544d462455\"><sub><mark style=\"background-color:rgba(0, 0, 0, 0)\" class=\"has-inline-color has-secondary-30-color\">Investigaci\u00f3n y Desarrollo<\/mark><\/sub> en el coraz\u00f3n de nuestro negocio<\/h1>\n\n\n\n<p class=\"is-style-intro has-neutral-60-color has-text-color has-link-color wp-elements-a57165ff1ed33eff1d974947fe298347\">La investigaci\u00f3n y el desarrollo en IDENA son la base de <strong>nuestros conceptos nutricionales e innovaciones en aditivos.<\/strong> El equipo de I+D trabaja en estrecha colaboraci\u00f3n con los departamentos t\u00e9cnicos de la empresa, as\u00ed como con universidades y centros de investigaci\u00f3n. Nuestro equipo se dedica a servir a nuestros clientes y distribuidores.<\/p>\n<\/div><\/div>\n<\/div><figure class=\"wp-block-media-text__media\" style=\"background-image:url(https:\/\/www.idena.fr\/wp-content\/uploads\/header-1-5.jpg);background-position:50% 50%\"><img loading=\"lazy\" decoding=\"async\" width=\"1300\" height=\"547\" src=\"https:\/\/www.idena.fr\/wp-content\/uploads\/header-1-5.jpg\" alt=\"header_1 (5)\" class=\"wp-image-3524 size-full\" srcset=\"https:\/\/www.idena.fr\/wp-content\/uploads\/header-1-5.jpg 1300w, https:\/\/www.idena.fr\/wp-content\/uploads\/header-1-5-768x323.jpg 768w\" sizes=\"auto, (max-width: 1300px) 100vw, 1300px\" \/><\/figure><\/div>\n<\/div><\/div>\n\n\n\n<div class=\"wp-block-ic-blocks-responsive-spacer\"><div style=\"height:100px\"><\/div><div style=\"height:50px\"><\/div><\/div>\n\n\n\n<div class=\"wp-block-group animate__fadeInUp animation-extend paused animate__animated\" style=\"border-radius:0\"><div class=\"wp-block-group__inner-container is-layout-constrained wp-block-group-is-layout-constrained\">\n<h2 class=\"wp-block-heading has-text-align-center icone-muscle\">I+D al servicio de <mark style=\"background-color:rgba(0, 0, 0, 0)\" class=\"has-inline-color has-secondary-30-color\">2 grandes \u00e1reas de especializaci\u00f3n<\/mark><\/h2>\n\n\n\n<div class=\"wp-block-media-text has-media-on-the-right is-stacked-on-mobile is-image-fill no-spacing \" style=\"grid-template-columns:auto 30%\"><div class=\"wp-block-media-text__content\">\n<div class=\"wp-block-group has-secondary-10-background-color has-background animate__fadeInUp animation-extend paused animate__animated\" style=\"border-radius:0\"><div class=\"wp-block-group__inner-container is-layout-constrained wp-block-group-is-layout-constrained\">\n<h3 class=\"wp-block-heading \">Nutrici\u00f3n animal <mark style=\"background-color:rgba(0, 0, 0, 0)\" class=\"has-inline-color has-secondary-50-color\">combinada con I+D<\/mark><\/h3>\n\n\n\n<p>Nuestro profundo conocimiento de nuestros campos nos permite ser meticulosos en nuestras soluciones. Como las <strong>materias primas<\/strong> son la base de nuestros productos, nuestros equipos son expertos en este campo. Sean cuales sean las materias primas (ma\u00edz, trigo, cebada, harina de soja, sorgo, colza, etc.), se estudian constantemente para optimizar los resultados tanto t\u00e9cnicos como econ\u00f3micos. <\/p>\n\n\n\n<p>Nuestra fuerza reside tambi\u00e9n en el <strong>conocimiento de las necesidades de los animales<\/strong>. En colaboraci\u00f3n con los equipos t\u00e9cnicos y veterinarios, el equipo de I+D se mantiene al d\u00eda de todas las novedades relativas a las necesidades de la ganader\u00eda. Por tanto, conoce en profundidad las necesidades de los animales y su bienestar.<\/p>\n<\/div><\/div>\n<\/div><figure class=\"wp-block-media-text__media\" style=\"background-image:url(https:\/\/www.idena.fr\/wp-content\/uploads\/rd-2grandes-expertises-1.jpg);background-position:50% 50%\"><img loading=\"lazy\" decoding=\"async\" width=\"1300\" height=\"867\" src=\"https:\/\/www.idena.fr\/wp-content\/uploads\/rd-2grandes-expertises-1.jpg\" alt=\"rd-2grandes-expertises-1\" class=\"wp-image-3526 size-full\" srcset=\"https:\/\/www.idena.fr\/wp-content\/uploads\/rd-2grandes-expertises-1.jpg 1300w, https:\/\/www.idena.fr\/wp-content\/uploads\/rd-2grandes-expertises-1-768x512.jpg 768w\" sizes=\"auto, (max-width: 1300px) 100vw, 1300px\" \/><\/figure><\/div>\n\n\n\n<div class=\"wp-block-ic-blocks-responsive-spacer\"><div style=\"height:60px\"><\/div><div style=\"height:30px\"><\/div><\/div>\n\n\n\n<div class=\"wp-block-media-text is-stacked-on-mobile is-image-fill no-spacing \" style=\"grid-template-columns:30% auto\"><figure class=\"wp-block-media-text__media\" style=\"background-image:url(https:\/\/www.idena.fr\/wp-content\/uploads\/rd-2grandes-expertises-2.jpg);background-position:50% 50%\"><img loading=\"lazy\" decoding=\"async\" width=\"1300\" height=\"880\" src=\"https:\/\/www.idena.fr\/wp-content\/uploads\/rd-2grandes-expertises-2.jpg\" alt=\"r&amp;d_2grandes_expertises_2\" class=\"wp-image-3527 size-full\" srcset=\"https:\/\/www.idena.fr\/wp-content\/uploads\/rd-2grandes-expertises-2.jpg 1300w, https:\/\/www.idena.fr\/wp-content\/uploads\/rd-2grandes-expertises-2-768x520.jpg 768w\" sizes=\"auto, (max-width: 1300px) 100vw, 1300px\" \/><\/figure><div class=\"wp-block-media-text__content\">\n<div class=\"wp-block-group has-volailles-2-background-color has-background animate__fadeInUp animation-extend paused animate__animated\" style=\"border-radius:0\"><div class=\"wp-block-group__inner-container is-layout-constrained wp-block-group-is-layout-constrained\">\n<h3 class=\"wp-block-heading \">Experiencia en principios <mark style=\"background-color:rgba(0, 0, 0, 0)\" class=\"has-inline-color has-volailles-1-color\">activos bot\u00e1nicos<\/mark><\/h3>\n\n\n\n<p>Los principios <strong>activos bot\u00e1nicos<\/strong> y nuestros amplios conocimientos en la materia hacen de esta secci\u00f3n el 2\u00ba punto fuerte de IDENA.<\/p>\n\n\n\n<p>Las plantas trituradas, los extractos de algas y los aceites esenciales, que siempre han estado en el centro de nuestra actividad, no tienen secretos para nuestros equipos. Y menos a\u00fan para el equipo de I+D.<\/p>\n\n\n\n<p>Estos aditivos espec\u00edficos son principios activos estandarizados (farmacopea). Se utilizan en funci\u00f3n de los problemas encontrados y de los objetivos espec\u00edficos.<\/p>\n\n\n\n<p>Esta experiencia en principios activos bot\u00e1nicos se ha adquirido a lo largo de los a\u00f1os gracias a nuestras numerosas pruebas in vitro realizadas en laboratorios y con socios, as\u00ed como sobre el terreno.<\/p>\n\n\n\n<p>Pero somos m\u00e1s que un simple fabricante de principios activos bot\u00e1nicos: somos expertos en la selecci\u00f3n de mezclas fitog\u00e9nicas en funci\u00f3n de su eficacia, sin toxicidad ni efecto sobre la flora beneficiosa.<\/p>\n\n\n\n<p>Estas mezclas fitog\u00e9nicas se producen mediante procesos de fabricaci\u00f3n internos espec\u00edficos que garantizan una mayor eficacia, estabilidad y seguridad. Todo ello se consigue gracias a un enfoque \u00fanico que combina el desarrollo de soluciones fitog\u00e9nicas con la formulaci\u00f3n y el asesoramiento en alimentaci\u00f3n animal y premezclas.<\/p>\n<\/div><\/div>\n<\/div><\/div>\n<\/div><\/div>\n\n\n\n<div class=\"wp-block-ic-blocks-responsive-spacer\"><div style=\"height:60px\"><\/div><div style=\"height:30px\"><\/div><\/div>\n\n\n\n<div class=\"wp-block-media-text has-media-on-the-right is-stacked-on-mobile is-image-fill no-spacing \"><div class=\"wp-block-media-text__content\">\n<div class=\"wp-block-group has-volailles-2-background-color has-background animate__fadeInUp animation-extend paused animate__animated\" style=\"border-radius:0\"><div class=\"wp-block-group__inner-container is-layout-constrained wp-block-group-is-layout-constrained\">\n<h2 class=\"wp-block-heading \">I+D s\u00f3lida y fundamental<\/h2>\n\n\n\n<p>Para desarrollar nuevas soluciones nutricionales, el equipo de I+D tiene que identificar nuevos principios activos. Evidentemente, esto implica desarrollar herramientas <em>in vitro<\/em>.<\/p>\n\n\n\n<p>Estas herramientas nos permiten desarrollar soluciones nutricionales que sabemos que son eficaces y no t\u00f3xicas para los animales. Nos permiten validar nuestros productos en cepas aisladas del campo y adaptarlos a entornos sanitarios.<\/p>\n\n\n\n<p>El equipo de I+D desarrolla internamente diversas pruebas <em>in vitro<\/em>, como las de inhibici\u00f3n bacteriana o antiparasitaria.<\/p>\n\n\n\n<p>Nuestras colaboraciones con diversas universidades y centros de investigaci\u00f3n tambi\u00e9n nos proporcionan pruebas s\u00f3lidas de la eficacia de nuestras soluciones.<\/p>\n\n\n\n<p>Nuestros ensayos en estaciones experimentales p\u00fablicas y privadas son una garant\u00eda de neutralidad y objetividad de los resultados. M\u00e1s de 20 estaciones experimentales ya han tramitado protocolos para IDENA.<\/p>\n\n\n\n<p>Las granjas piloto tambi\u00e9n forman parte de nuestra red de desarrollo de productos. IDENA invierte en estas instalaciones para reforzar los expedientes t\u00e9cnicos y aportar pruebas de la eficacia de nuestros productos en condiciones de campo.<\/p>\n\n\n\n<p>Y cada a\u00f1o, IDENA acoge a numerosos estudiantes de escuelas de ingenier\u00eda y veterinaria para llevar a cabo proyectos espec\u00edficos. Es una rica fuente de conocimientos y un enfoque abierto para el futuro desarrollo de nuevos productos.<\/p>\n<\/div><\/div>\n<\/div><figure class=\"wp-block-media-text__media\" style=\"background-image:url(https:\/\/www.idena.fr\/wp-content\/uploads\/solide-rd-1.jpg);background-position:50% 54%\"><img loading=\"lazy\" decoding=\"async\" width=\"1300\" height=\"734\" src=\"https:\/\/www.idena.fr\/wp-content\/uploads\/solide-rd-1.jpg\" alt=\"solide-rd-1\" class=\"wp-image-3531 size-full\" srcset=\"https:\/\/www.idena.fr\/wp-content\/uploads\/solide-rd-1.jpg 1300w, https:\/\/www.idena.fr\/wp-content\/uploads\/solide-rd-1-768x434.jpg 768w\" sizes=\"auto, (max-width: 1300px) 100vw, 1300px\" \/><\/figure><\/div>\n\n\n\n<div class=\"wp-block-ic-blocks-responsive-spacer\"><div style=\"height:100px\"><\/div><div style=\"height:50px\"><\/div><\/div>\n","protected":false},"excerpt":{"rendered":"<p>Investigaci\u00f3n y Desarrollo en el coraz\u00f3n de nuestro negocio La investigaci\u00f3n y el desarrollo en IDENA son la base de nuestros conceptos nutricionales e innovaciones en aditivos. El equipo de I+D trabaja en estrecha colaboraci\u00f3n con los departamentos t\u00e9cnicos de la empresa, as\u00ed como con universidades y centros de investigaci\u00f3n. Nuestro equipo se dedica a [&hellip;]<\/p>\n","protected":false},"author":1,"featured_media":0,"parent":5519,"menu_order":0,"comment_status":"closed","ping_status":"closed","template":"","meta":{"_acf_changed":false,"inline_featured_image":false,"footnotes":""},"class_list":["post-5526","page","type-page","status-publish","hentry"],"acf":[],"mb":[],"yoast_head":"<!-- This site is optimized with the Yoast SEO plugin v27.0 - https:\/\/yoast.com\/product\/yoast-seo-wordpress\/ -->\n<title>IDENA I+D nuestra experiencia en nutrici\u00f3n animal | Idena<\/title>\n<meta name=\"description\" content=\"Descubra c\u00f3mo IDENA I+D optimiza la nutrici\u00f3n animal con innovaciones en aditivos y principios activos bot\u00e1nicos.\" \/>\n<meta name=\"robots\" content=\"index, follow, max-snippet:-1, max-image-preview:large, max-video-preview:-1\" \/>\n<link rel=\"canonical\" href=\"https:\/\/www.idena.fr\/es\/nuestra-experiencia\/investigacion-y-desarrollo\/\" \/>\n<meta property=\"og:locale\" content=\"es_ES\" \/>\n<meta property=\"og:type\" content=\"article\" \/>\n<meta property=\"og:title\" content=\"IDENA I+D nuestra experiencia en nutrici\u00f3n animal | Idena\" \/>\n<meta property=\"og:description\" content=\"Descubra c\u00f3mo IDENA I+D optimiza la nutrici\u00f3n animal con innovaciones en aditivos y principios activos bot\u00e1nicos.\" \/>\n<meta property=\"og:url\" content=\"https:\/\/www.idena.fr\/es\/nuestra-experiencia\/investigacion-y-desarrollo\/\" \/>\n<meta property=\"og:site_name\" content=\"Idena\" \/>\n<meta property=\"article:modified_time\" content=\"2025-02-28T11:37:59+00:00\" \/>\n<meta property=\"og:image\" content=\"https:\/\/www.idena.fr\/wp-content\/uploads\/header-1-5.jpg\" \/>\n\t<meta property=\"og:image:width\" content=\"1300\" \/>\n\t<meta property=\"og:image:height\" content=\"547\" \/>\n\t<meta property=\"og:image:type\" content=\"image\/jpeg\" \/>\n<meta name=\"twitter:card\" content=\"summary_large_image\" \/>\n<meta name=\"twitter:label1\" content=\"Tiempo de lectura\" \/>\n\t<meta name=\"twitter:data1\" content=\"4 minutos\" \/>\n<script type=\"application\/ld+json\" class=\"yoast-schema-graph\">{\"@context\":\"https:\/\/schema.org\",\"@graph\":[{\"@type\":\"WebPage\",\"@id\":\"https:\/\/www.idena.fr\/es\/nuestra-experiencia\/investigacion-y-desarrollo\/\",\"url\":\"https:\/\/www.idena.fr\/es\/nuestra-experiencia\/investigacion-y-desarrollo\/\",\"name\":\"IDENA I+D nuestra experiencia en nutrici\u00f3n animal | Idena\",\"isPartOf\":{\"@id\":\"https:\/\/idena-wordpress-web.dev.imcr.dev\/#website\"},\"primaryImageOfPage\":{\"@id\":\"https:\/\/www.idena.fr\/es\/nuestra-experiencia\/investigacion-y-desarrollo\/#primaryimage\"},\"image\":{\"@id\":\"https:\/\/www.idena.fr\/es\/nuestra-experiencia\/investigacion-y-desarrollo\/#primaryimage\"},\"thumbnailUrl\":\"https:\/\/www.idena.fr\/wp-content\/uploads\/header-1-5.jpg\",\"datePublished\":\"2024-08-12T08:10:27+00:00\",\"dateModified\":\"2025-02-28T11:37:59+00:00\",\"description\":\"Descubra c\u00f3mo IDENA I+D optimiza la nutrici\u00f3n animal con innovaciones en aditivos y principios activos bot\u00e1nicos.\",\"breadcrumb\":{\"@id\":\"https:\/\/www.idena.fr\/es\/nuestra-experiencia\/investigacion-y-desarrollo\/#breadcrumb\"},\"inLanguage\":\"es\",\"potentialAction\":[{\"@type\":\"ReadAction\",\"target\":[\"https:\/\/www.idena.fr\/es\/nuestra-experiencia\/investigacion-y-desarrollo\/\"]}]},{\"@type\":\"ImageObject\",\"inLanguage\":\"es\",\"@id\":\"https:\/\/www.idena.fr\/es\/nuestra-experiencia\/investigacion-y-desarrollo\/#primaryimage\",\"url\":\"https:\/\/www.idena.fr\/wp-content\/uploads\/header-1-5.jpg\",\"contentUrl\":\"https:\/\/www.idena.fr\/wp-content\/uploads\/header-1-5.jpg\"},{\"@type\":\"BreadcrumbList\",\"@id\":\"https:\/\/www.idena.fr\/es\/nuestra-experiencia\/investigacion-y-desarrollo\/#breadcrumb\",\"itemListElement\":[{\"@type\":\"ListItem\",\"position\":1,\"name\":\"Accueil\",\"item\":\"https:\/\/www.idena.fr\/es\/\"},{\"@type\":\"ListItem\",\"position\":2,\"name\":\"Nuestra experiencia\",\"item\":\"https:\/\/www.idena.fr\/es\/nuestra-experiencia\/\"},{\"@type\":\"ListItem\",\"position\":3,\"name\":\"Investigaci\u00f3n y desarrollo\"}]},{\"@type\":\"WebSite\",\"@id\":\"https:\/\/idena-wordpress-web.dev.imcr.dev\/#website\",\"url\":\"https:\/\/idena-wordpress-web.dev.imcr.dev\/\",\"name\":\"Idena\",\"description\":\"\",\"publisher\":{\"@id\":\"https:\/\/idena-wordpress-web.dev.imcr.dev\/#organization\"},\"potentialAction\":[{\"@type\":\"SearchAction\",\"target\":{\"@type\":\"EntryPoint\",\"urlTemplate\":\"https:\/\/idena-wordpress-web.dev.imcr.dev\/?s={search_term_string}\"},\"query-input\":{\"@type\":\"PropertyValueSpecification\",\"valueRequired\":true,\"valueName\":\"search_term_string\"}}],\"inLanguage\":\"es\"},{\"@type\":\"Organization\",\"@id\":\"https:\/\/idena-wordpress-web.dev.imcr.dev\/#organization\",\"name\":\"Idena\",\"url\":\"https:\/\/idena-wordpress-web.dev.imcr.dev\/\",\"logo\":{\"@type\":\"ImageObject\",\"inLanguage\":\"es\",\"@id\":\"https:\/\/idena-wordpress-web.dev.imcr.dev\/#\/schema\/logo\/image\/\",\"url\":\"https:\/\/www.idena.fr\/wp-content\/uploads\/logo-idena-1.svg\",\"contentUrl\":\"https:\/\/www.idena.fr\/wp-content\/uploads\/logo-idena-1.svg\",\"width\":393,\"height\":106,\"caption\":\"Idena\"},\"image\":{\"@id\":\"https:\/\/idena-wordpress-web.dev.imcr.dev\/#\/schema\/logo\/image\/\"}}]}<\/script>\n<!-- \/ Yoast SEO plugin. -->","yoast_head_json":{"title":"IDENA I+D nuestra experiencia en nutrici\u00f3n animal | Idena","description":"Descubra c\u00f3mo IDENA I+D optimiza la nutrici\u00f3n animal con innovaciones en aditivos y principios activos bot\u00e1nicos.","robots":{"index":"index","follow":"follow","max-snippet":"max-snippet:-1","max-image-preview":"max-image-preview:large","max-video-preview":"max-video-preview:-1"},"canonical":"https:\/\/www.idena.fr\/es\/nuestra-experiencia\/investigacion-y-desarrollo\/","og_locale":"es_ES","og_type":"article","og_title":"IDENA I+D nuestra experiencia en nutrici\u00f3n animal | Idena","og_description":"Descubra c\u00f3mo IDENA I+D optimiza la nutrici\u00f3n animal con innovaciones en aditivos y principios activos bot\u00e1nicos.","og_url":"https:\/\/www.idena.fr\/es\/nuestra-experiencia\/investigacion-y-desarrollo\/","og_site_name":"Idena","article_modified_time":"2025-02-28T11:37:59+00:00","og_image":[{"width":1300,"height":547,"url":"https:\/\/www.idena.fr\/wp-content\/uploads\/header-1-5.jpg","type":"image\/jpeg"}],"twitter_card":"summary_large_image","twitter_misc":{"Tiempo de lectura":"4 minutos"},"schema":{"@context":"https:\/\/schema.org","@graph":[{"@type":"WebPage","@id":"https:\/\/www.idena.fr\/es\/nuestra-experiencia\/investigacion-y-desarrollo\/","url":"https:\/\/www.idena.fr\/es\/nuestra-experiencia\/investigacion-y-desarrollo\/","name":"IDENA I+D nuestra experiencia en nutrici\u00f3n animal | Idena","isPartOf":{"@id":"https:\/\/idena-wordpress-web.dev.imcr.dev\/#website"},"primaryImageOfPage":{"@id":"https:\/\/www.idena.fr\/es\/nuestra-experiencia\/investigacion-y-desarrollo\/#primaryimage"},"image":{"@id":"https:\/\/www.idena.fr\/es\/nuestra-experiencia\/investigacion-y-desarrollo\/#primaryimage"},"thumbnailUrl":"https:\/\/www.idena.fr\/wp-content\/uploads\/header-1-5.jpg","datePublished":"2024-08-12T08:10:27+00:00","dateModified":"2025-02-28T11:37:59+00:00","description":"Descubra c\u00f3mo IDENA I+D optimiza la nutrici\u00f3n animal con innovaciones en aditivos y principios activos bot\u00e1nicos.","breadcrumb":{"@id":"https:\/\/www.idena.fr\/es\/nuestra-experiencia\/investigacion-y-desarrollo\/#breadcrumb"},"inLanguage":"es","potentialAction":[{"@type":"ReadAction","target":["https:\/\/www.idena.fr\/es\/nuestra-experiencia\/investigacion-y-desarrollo\/"]}]},{"@type":"ImageObject","inLanguage":"es","@id":"https:\/\/www.idena.fr\/es\/nuestra-experiencia\/investigacion-y-desarrollo\/#primaryimage","url":"https:\/\/www.idena.fr\/wp-content\/uploads\/header-1-5.jpg","contentUrl":"https:\/\/www.idena.fr\/wp-content\/uploads\/header-1-5.jpg"},{"@type":"BreadcrumbList","@id":"https:\/\/www.idena.fr\/es\/nuestra-experiencia\/investigacion-y-desarrollo\/#breadcrumb","itemListElement":[{"@type":"ListItem","position":1,"name":"Accueil","item":"https:\/\/www.idena.fr\/es\/"},{"@type":"ListItem","position":2,"name":"Nuestra experiencia","item":"https:\/\/www.idena.fr\/es\/nuestra-experiencia\/"},{"@type":"ListItem","position":3,"name":"Investigaci\u00f3n y desarrollo"}]},{"@type":"WebSite","@id":"https:\/\/idena-wordpress-web.dev.imcr.dev\/#website","url":"https:\/\/idena-wordpress-web.dev.imcr.dev\/","name":"Idena","description":"","publisher":{"@id":"https:\/\/idena-wordpress-web.dev.imcr.dev\/#organization"},"potentialAction":[{"@type":"SearchAction","target":{"@type":"EntryPoint","urlTemplate":"https:\/\/idena-wordpress-web.dev.imcr.dev\/?s={search_term_string}"},"query-input":{"@type":"PropertyValueSpecification","valueRequired":true,"valueName":"search_term_string"}}],"inLanguage":"es"},{"@type":"Organization","@id":"https:\/\/idena-wordpress-web.dev.imcr.dev\/#organization","name":"Idena","url":"https:\/\/idena-wordpress-web.dev.imcr.dev\/","logo":{"@type":"ImageObject","inLanguage":"es","@id":"https:\/\/idena-wordpress-web.dev.imcr.dev\/#\/schema\/logo\/image\/","url":"https:\/\/www.idena.fr\/wp-content\/uploads\/logo-idena-1.svg","contentUrl":"https:\/\/www.idena.fr\/wp-content\/uploads\/logo-idena-1.svg","width":393,"height":106,"caption":"Idena"},"image":{"@id":"https:\/\/idena-wordpress-web.dev.imcr.dev\/#\/schema\/logo\/image\/"}}]}},"mfb_rest_fields":["title","yoast_head","yoast_head_json"],"_links":{"self":[{"href":"https:\/\/www.idena.fr\/es\/wp-json\/wp\/v2\/pages\/5526","targetHints":{"allow":["GET"]}}],"collection":[{"href":"https:\/\/www.idena.fr\/es\/wp-json\/wp\/v2\/pages"}],"about":[{"href":"https:\/\/www.idena.fr\/es\/wp-json\/wp\/v2\/types\/page"}],"author":[{"embeddable":true,"href":"https:\/\/www.idena.fr\/es\/wp-json\/wp\/v2\/users\/1"}],"replies":[{"embeddable":true,"href":"https:\/\/www.idena.fr\/es\/wp-json\/wp\/v2\/comments?post=5526"}],"version-history":[{"count":1,"href":"https:\/\/www.idena.fr\/es\/wp-json\/wp\/v2\/pages\/5526\/revisions"}],"predecessor-version":[{"id":5604,"href":"https:\/\/www.idena.fr\/es\/wp-json\/wp\/v2\/pages\/5526\/revisions\/5604"}],"up":[{"embeddable":true,"href":"https:\/\/www.idena.fr\/es\/wp-json\/wp\/v2\/pages\/5519"}],"wp:attachment":[{"href":"https:\/\/www.idena.fr\/es\/wp-json\/wp\/v2\/media?parent=5526"}],"curies":[{"name":"wp","href":"https:\/\/api.w.org\/{rel}","templated":true}]}}