{"id":5528,"date":"2024-08-09T16:26:58","date_gmt":"2024-08-09T14:26:58","guid":{"rendered":"https:\/\/www.idena.fr\/nos-expertises\/zootechnie\/"},"modified":"2025-02-28T10:20:26","modified_gmt":"2025-02-28T09:20:26","slug":"zootechnie","status":"publish","type":"page","link":"https:\/\/www.idena.fr\/es\/nuestra-experiencia\/zootechnie\/","title":{"rendered":"Zoot\u00e9cnica"},"content":{"rendered":"\n<div class=\"wp-block-group alignwide header-page has-primary-10-background-color has-background animate__fadeInUp animation-extend paused animate__animated\" style=\"padding-top:0;padding-bottom:0;border-radius:0\"><div class=\"wp-block-group__inner-container is-layout-constrained wp-block-group-is-layout-constrained\">\n<div class=\"wp-block-media-text alignwide has-media-on-the-right is-stacked-on-mobile is-image-fill reverse-mobile\"><div class=\"wp-block-media-text__content\">\n<div class=\"wp-block-group animate__fadeInUp animation-extend paused animate__animated\" style=\"border-radius:0\"><div class=\"wp-block-group__inner-container is-layout-constrained wp-block-group-is-layout-constrained\">\n<h1 class=\"wp-block-heading has-neutral-100-color has-text-color has-link-color icone-cow wp-elements-565f29891ee46d73e08b9cde3bed136c\"><sub>Experiencia <mark style=\"background-color:rgba(0, 0, 0, 0)\" class=\"has-inline-color has-secondary-30-color\">zoot\u00e9cnica<\/mark>.. <sub> <\/sub><span style=\"font-size: 3.125rem; font-weight: 600; background-color: rgb(230, 245, 252);\">Uno de los principales puntos fuertes y diferenciadores de IDENA<\/span><\/sub><\/h1>\n\n\n\n<p class=\"has-text-align-left is-style-intro has-neutral-60-color has-text-color has-link-color wp-elements-a45f07030e936e3c8c0e804c06603b58\">Nuestro equipo est\u00e1 formado por ingenieros nutricionistas y veterinarios especializados que conocen perfectamente la ganader\u00eda. Estamos convencidos de que no hay nada mejor que el contacto y el di\u00e1logo para comprender lo que est\u00e1 en juego en la explotaci\u00f3n, por lo que nuestros equipos t\u00e9cnicos pasan m\u00e1s de la mitad de su tiempo en la explotaci\u00f3n. Tambi\u00e9n realizan <strong>auditor\u00edas en las explotaciones<\/strong> para <strong>adaptar mejor la formulaci\u00f3n y el uso de aditivos<\/strong> al contexto de cada explotaci\u00f3n. Y nuestras <strong>herramientas de toma de decisiones<\/strong> ayudan a aumentar la eficacia de la alimentaci\u00f3n y el rendimiento de las explotaciones.<\/p>\n<\/div><\/div>\n<\/div><figure class=\"wp-block-media-text__media\" style=\"background-image:url(https:\/\/www.idena.fr\/wp-content\/uploads\/header-1-2.jpg);background-position:50% 50%\"><img loading=\"lazy\" decoding=\"async\" width=\"1300\" height=\"547\" src=\"https:\/\/www.idena.fr\/wp-content\/uploads\/header-1-2.jpg\" alt=\"expertise zootechnique IDENA\" class=\"wp-image-3504 size-full\" srcset=\"https:\/\/www.idena.fr\/wp-content\/uploads\/header-1-2.jpg 1300w, https:\/\/www.idena.fr\/wp-content\/uploads\/header-1-2-768x323.jpg 768w\" sizes=\"auto, (max-width: 1300px) 100vw, 1300px\" \/><\/figure><\/div>\n<\/div><\/div>\n\n\n\n<div class=\"wp-block-ic-blocks-responsive-spacer\"><div style=\"height:100px\"><\/div><div style=\"height:50px\"><\/div><\/div>\n\n\n\n<div class=\"wp-block-media-text is-stacked-on-mobile \"><figure class=\"wp-block-media-text__media\"><img loading=\"lazy\" decoding=\"async\" width=\"1061\" height=\"546\" src=\"https:\/\/www.idena.fr\/wp-content\/uploads\/audit-1-e1725873887618.jpg\" alt=\"audit-1\" class=\"wp-image-3505 size-full\" srcset=\"https:\/\/www.idena.fr\/wp-content\/uploads\/audit-1-e1725873887618.jpg 1061w, https:\/\/www.idena.fr\/wp-content\/uploads\/audit-1-e1725873887618-768x395.jpg 768w\" sizes=\"auto, (max-width: 1061px) 100vw, 1061px\" \/><\/figure><div class=\"wp-block-media-text__content\">\n<div class=\"wp-block-group animate__fadeInUp animation-extend paused animate__animated\" style=\"border-radius:0\"><div class=\"wp-block-group__inner-container is-layout-constrained wp-block-group-is-layout-constrained\">\n<h2 class=\"wp-block-heading \">Auditor\u00edas agr\u00edcolas<\/h2>\n\n\n\n<p>En IDENA, la experiencia sobre el terreno es tambi\u00e9n un elemento diferenciador del que nos sentimos orgullosos.<\/p>\n\n\n\n<p>Todas nuestras soluciones se basan en la observaci\u00f3n y la comprensi\u00f3n sobre el terreno, en colaboraci\u00f3n con nuestros socios que depositan su confianza en nosotros y nos hacen transparentes.<\/p>\n\n\n\n<p>Optimizar la eficacia de un programa de alimentaci\u00f3n, una formulaci\u00f3n y unas normas espec\u00edficas y\/o el uso de una especialidad nutricional requiere <strong>un buen conocimiento de la explotaci\u00f3n<\/strong>, <strong>del entorno animal<\/strong> y de los <strong>objetivos perseguidos<\/strong>.<\/p>\n\n\n\n<p>Nuestra experiencia en ganader\u00eda est\u00e1 a disposici\u00f3n de nuestros clientes. Viajamos tanto por Francia como por el extranjero, donde las pr\u00e1cticas de cr\u00eda a veces pueden cambiar, lo que nos obliga a adaptar nuestras f\u00f3rmulas de piensos y la forma de utilizar nuestras especialidades.<\/p>\n<\/div><\/div>\n<\/div><\/div>\n\n\n\n<h2 class=\"wp-block-heading has-text-align-left \">Herramientas para la toma de decisiones<\/h2>\n\n\n\n<p><strong>Estas auditor\u00edas se apoyan en las herramientas t\u00e9cnicas de diagn\u00f3stico y decisi\u00f3n propias de IDENA.<\/strong>\u00a0Estas herramientas se ponen a disposici\u00f3n de nuestros clientes asociados para profundizar en sus conocimientos zoot\u00e9cnicos y ayudarles a aplicar soluciones eficaces para mejorar los resultados ganaderos.<\/p>\n\n\n\n<div class=\"wp-block-media-text has-media-on-the-right is-stacked-on-mobile \"><div class=\"wp-block-media-text__content\">\n<div class=\"wp-block-group animate__fadeInUp animation-extend paused animate__animated\" style=\"border-radius:0\"><div class=\"wp-block-group__inner-container is-layout-constrained wp-block-group-is-layout-constrained\">\n<h3 class=\"wp-block-heading \"><strong><br><br>ID Matrix, \u00a1sus recetas de piensos en tiempo real!<br><\/strong><\/h3>\n\n\n\n<p>ID Matrix es un paquete de <strong>software para el c\u00e1lculo de matrices de materias primas agr\u00edcolas<\/strong>. Utiliza las ecuaciones de predicci\u00f3n de IDENA para actualizar las matrices de materias primas en funci\u00f3n de la evoluci\u00f3n de sus calidades.<\/p>\n\n\n\n<p>El objetivo de ID Matrix es garantizar que sus matrices se actualizan en tiempo real. De este modo, podr\u00e1 aprovechar r\u00e1pidamente los resultados de los an\u00e1lisis (infra o qu\u00edmicos) o ayudarle a ofrecer una nueva materia prima en su planta.<\/p>\n\n\n\n<p>Con m\u00e1s de 25 materias primas disponibles y la actualizaci\u00f3n autom\u00e1tica de las matrices en el software Allix3, ID Matrix ahorra tiempo, recursos y aumenta la precisi\u00f3n.<\/p>\n<\/div><\/div>\n<\/div><figure class=\"wp-block-media-text__media\"><img loading=\"lazy\" decoding=\"async\" width=\"1300\" height=\"975\" src=\"https:\/\/www.idena.fr\/wp-content\/uploads\/idmatrix-1.jpg\" alt=\"outil IDENA id matrix\" class=\"wp-image-3521 size-full\" srcset=\"https:\/\/www.idena.fr\/wp-content\/uploads\/idmatrix-1.jpg 1300w, https:\/\/www.idena.fr\/wp-content\/uploads\/idmatrix-1-768x576.jpg 768w\" sizes=\"auto, (max-width: 1300px) 100vw, 1300px\" \/><\/figure><\/div>\n\n\n\n<div class=\"wp-block-media-text is-stacked-on-mobile \"><figure class=\"wp-block-media-text__media\"><img loading=\"lazy\" decoding=\"async\" width=\"1063\" height=\"710\" src=\"https:\/\/www.idena.fr\/wp-content\/uploads\/photo-poussin-evodit-smartidena.png\" alt=\"Photo Poussin - Outil EVODIT IDENA\" class=\"wp-image-3859 size-full\" srcset=\"https:\/\/www.idena.fr\/wp-content\/uploads\/photo-poussin-evodit-smartidena.png 1063w, https:\/\/www.idena.fr\/wp-content\/uploads\/photo-poussin-evodit-smartidena-768x513.png 768w\" sizes=\"auto, (max-width: 1063px) 100vw, 1063px\" \/><\/figure><div class=\"wp-block-media-text__content\">\n<div class=\"wp-block-group animate__fadeInUp animation-extend paused animate__animated\" style=\"border-radius:0\"><div class=\"wp-block-group__inner-container is-layout-constrained wp-block-group-is-layout-constrained\">\n<h3 class=\"wp-block-heading \"><strong><br><br>EVODIT: una herramienta de an\u00e1lisis de datos a medida<br><\/strong><\/h3>\n\n\n\n<p>EVODIT es una herramienta de an\u00e1lisis de explotaciones para organizaciones de producci\u00f3n (OP).<\/p>\n\n\n\n<p>EVODIT dispone de una plataforma en l\u00ednea con m\u00e1s de 400 preguntas (que se seleccionan-modifican-cumplimentan) que proporcionan una instant\u00e1nea precisa del equipamiento y las pr\u00e1cticas de las explotaciones.<\/p>\n\n\n\n<p>Esta plataforma en l\u00ednea se utiliza para recoger y registrar las respuestas de los participantes durante las auditor\u00edas.<\/p>\n\n\n\n<p>La OP env\u00eda una base de datos con los resultados GTE de las explotaciones encuestadas.<\/p>\n\n\n\n<p>Al final de la fase de auditor\u00eda, se genera una base de datos que es analizada por nuestros especialistas. <\/p>\n\n\n\n<p>Utilizando herramientas bioestad\u00edsticas, el an\u00e1lisis permitir\u00e1 objetivar las principales pr\u00e1cticas de las explotaciones, destacar los puntos fuertes y las \u00e1reas de mejora y medir su impacto en el rendimiento (como GMQ, IC, mortalidad, mortalidad a D10, peso a D10, etc.).<\/p>\n\n\n\n<ul class=\"wp-block-list\">\n<li>Con EVODIT, podr\u00e1 dar formato a sus resultados (gr\u00e1ficos, boxplots, tablas) para ayudarle a :\n<ul class=\"wp-block-list\">\n<li>Definir las prioridades y \u00e1reas de trabajo de su equipo t\u00e9cnico<\/li>\n\n\n\n<li>Animar a las explotaciones a sacar el m\u00e1ximo partido de sus propios resultados\n<ul class=\"wp-block-list\">\n<li>En reuniones (generales o por sectores)<\/li>\n\n\n\n<li>En las visitas a las explotaciones (informe de explotaci\u00f3n &#8211; posici\u00f3n en el grupo, etc.)<\/li>\n<\/ul>\n<\/li>\n<\/ul>\n<\/li>\n\n\n\n<li>EVODIT es una herramienta esencial para liderar las agrupaciones de productores av\u00edcolas.<\/li>\n<\/ul>\n<\/div><\/div>\n<\/div><\/div>\n\n\n\n<div class=\"wp-block-group animate__fadeInUp animation-extend paused animate__animated\" style=\"border-radius:0\"><div class=\"wp-block-group__inner-container is-layout-constrained wp-block-group-is-layout-constrained\">\n<div class=\"wp-block-media-text has-media-on-the-right is-stacked-on-mobile \" style=\"grid-template-columns:auto 52%\"><div class=\"wp-block-media-text__content\">\n<div class=\"wp-block-group animate__fadeInUp animation-extend paused animate__animated\" style=\"border-radius:0\"><div class=\"wp-block-group__inner-container is-layout-constrained wp-block-group-is-layout-constrained\">\n<h3 class=\"wp-block-heading \"><strong>VISIOGRAF y RUMINIX para rumiantes<\/strong><\/h3>\n\n\n\n<p><em><strong>RUMINIX: Racionamiento \/ Previsi\u00f3n de producci\u00f3n \/ Personalizaci\u00f3n<\/strong><\/em><\/p>\n\n\n\n<p>El programa inform\u00e1tico Ruminix le ofrece una previsi\u00f3n refinada de la producci\u00f3n por especies. Basado en ecuaciones desarrolladas por el equipo de IDENA, incorpora los \u00faltimos avances de los principales sistemas de racionamiento internacionales, incluidas las interacciones SYSTALI. Ofrece una integraci\u00f3n autom\u00e1tica de sus an\u00e1lisis forrajeros, as\u00ed como varios modelos de previsi\u00f3n adaptados a un gran n\u00famero de contextos zoot\u00e9cnicos. La posibilidad de personalizar los criterios utilizados para evaluar el equilibrio de la raci\u00f3n y los informes imprimibles hacen que Ruminix sea f\u00e1cil de usar y adaptable.<\/p>\n\n\n\n<p><em><strong>VISIOGRAF : Valorizaci\u00f3n de los an\u00e1lisis forrajeros \/ Herramienta Web \/ Personalizaci\u00f3n<\/strong><\/em><\/p>\n\n\n\n<p>Visiograf es un paquete de software en l\u00ednea para a\u00f1adir valor a sus an\u00e1lisis de forraje. A partir de los datos analizados en su propio laboratorio o por un socio, un procedimiento automatizado calcula todos los nutrientes no analizados y elabora boletines totalmente personalizables. Gracias a un acceso web espec\u00edfico, los usuarios pueden consultar f\u00e1cilmente su historial de an\u00e1lisis o introducir nuevos an\u00e1lisis. Gracias a una plataforma en l\u00ednea, todos los datos calculados en Visiograf se env\u00edan autom\u00e1ticamente al software de racionamiento Ruminix.<\/p>\n<\/div><\/div>\n<\/div><figure class=\"wp-block-media-text__media\"><img loading=\"lazy\" decoding=\"async\" width=\"1400\" height=\"1018\" src=\"https:\/\/www.idena.fr\/wp-content\/uploads\/ruminix-1400x1018.jpg\" alt=\"ruminix\" class=\"wp-image-4986 size-full\" srcset=\"https:\/\/www.idena.fr\/wp-content\/uploads\/ruminix-1400x1018.jpg 1400w, https:\/\/www.idena.fr\/wp-content\/uploads\/ruminix-768x558.jpg 768w, https:\/\/www.idena.fr\/wp-content\/uploads\/ruminix-1536x1117.jpg 1536w, https:\/\/www.idena.fr\/wp-content\/uploads\/ruminix-2048x1489.jpg 2048w\" sizes=\"auto, (max-width: 1400px) 100vw, 1400px\" \/><\/figure><\/div>\n<\/div><\/div>\n\n\n\n<div class=\"wp-block-ic-blocks-responsive-spacer\"><div style=\"height:100px\"><\/div><div style=\"height:50px\"><\/div><\/div>\n","protected":false},"excerpt":{"rendered":"<p>Experiencia zoot\u00e9cnica.. Uno de los principales puntos fuertes y diferenciadores de IDENA Nuestro equipo est\u00e1 formado por ingenieros nutricionistas y veterinarios especializados que conocen perfectamente la ganader\u00eda. Estamos convencidos de que no hay nada mejor que el contacto y el di\u00e1logo para comprender lo que est\u00e1 en juego en la explotaci\u00f3n, por lo que nuestros [&hellip;]<\/p>\n","protected":false},"author":1,"featured_media":0,"parent":5519,"menu_order":0,"comment_status":"closed","ping_status":"closed","template":"","meta":{"_acf_changed":false,"inline_featured_image":false,"footnotes":"[]"},"class_list":["post-5528","page","type-page","status-publish","hentry"],"acf":[],"mb":[],"yoast_head":"<!-- This site is optimized with the Yoast SEO plugin v27.0 - https:\/\/yoast.com\/product\/yoast-seo-wordpress\/ -->\n<title>La experiencia zoot\u00e9cnica de IDENA | Idena<\/title>\n<meta name=\"description\" content=\"Un enfoque \u00fanico con auditor\u00edas en las explotaciones y herramientas de toma de decisiones adaptadas a las necesidades espec\u00edficas de cada explotaci\u00f3n.\" \/>\n<meta name=\"robots\" content=\"index, follow, max-snippet:-1, max-image-preview:large, max-video-preview:-1\" \/>\n<link rel=\"canonical\" href=\"https:\/\/www.idena.fr\/es\/nuestra-experiencia\/zootechnie\/\" \/>\n<meta property=\"og:locale\" content=\"es_ES\" \/>\n<meta property=\"og:type\" content=\"article\" \/>\n<meta property=\"og:title\" content=\"La experiencia zoot\u00e9cnica de IDENA | Idena\" \/>\n<meta property=\"og:description\" content=\"Un enfoque \u00fanico con auditor\u00edas en las explotaciones y herramientas de toma de decisiones adaptadas a las necesidades espec\u00edficas de cada explotaci\u00f3n.\" \/>\n<meta property=\"og:url\" content=\"https:\/\/www.idena.fr\/es\/nuestra-experiencia\/zootechnie\/\" \/>\n<meta property=\"og:site_name\" content=\"Idena\" \/>\n<meta property=\"article:modified_time\" content=\"2025-02-28T09:20:26+00:00\" \/>\n<meta property=\"og:image\" content=\"https:\/\/www.idena.fr\/wp-content\/uploads\/header-1-2.jpg\" \/>\n\t<meta property=\"og:image:width\" content=\"1300\" \/>\n\t<meta property=\"og:image:height\" content=\"547\" \/>\n\t<meta property=\"og:image:type\" content=\"image\/jpeg\" \/>\n<meta name=\"twitter:card\" content=\"summary_large_image\" \/>\n<meta name=\"twitter:label1\" content=\"Tiempo de lectura\" \/>\n\t<meta name=\"twitter:data1\" content=\"6 minutos\" \/>\n<script type=\"application\/ld+json\" class=\"yoast-schema-graph\">{\"@context\":\"https:\/\/schema.org\",\"@graph\":[{\"@type\":\"WebPage\",\"@id\":\"https:\/\/www.idena.fr\/es\/nuestra-experiencia\/zootechnie\/\",\"url\":\"https:\/\/www.idena.fr\/es\/nuestra-experiencia\/zootechnie\/\",\"name\":\"La experiencia zoot\u00e9cnica de IDENA | Idena\",\"isPartOf\":{\"@id\":\"https:\/\/idena-wordpress-web.dev.imcr.dev\/#website\"},\"primaryImageOfPage\":{\"@id\":\"https:\/\/www.idena.fr\/es\/nuestra-experiencia\/zootechnie\/#primaryimage\"},\"image\":{\"@id\":\"https:\/\/www.idena.fr\/es\/nuestra-experiencia\/zootechnie\/#primaryimage\"},\"thumbnailUrl\":\"https:\/\/www.idena.fr\/wp-content\/uploads\/header-1-2.jpg\",\"datePublished\":\"2024-08-09T14:26:58+00:00\",\"dateModified\":\"2025-02-28T09:20:26+00:00\",\"description\":\"Un enfoque \u00fanico con auditor\u00edas en las explotaciones y herramientas de toma de decisiones adaptadas a las necesidades espec\u00edficas de cada explotaci\u00f3n.\",\"breadcrumb\":{\"@id\":\"https:\/\/www.idena.fr\/es\/nuestra-experiencia\/zootechnie\/#breadcrumb\"},\"inLanguage\":\"es\",\"potentialAction\":[{\"@type\":\"ReadAction\",\"target\":[\"https:\/\/www.idena.fr\/es\/nuestra-experiencia\/zootechnie\/\"]}]},{\"@type\":\"ImageObject\",\"inLanguage\":\"es\",\"@id\":\"https:\/\/www.idena.fr\/es\/nuestra-experiencia\/zootechnie\/#primaryimage\",\"url\":\"https:\/\/www.idena.fr\/wp-content\/uploads\/header-1-2.jpg\",\"contentUrl\":\"https:\/\/www.idena.fr\/wp-content\/uploads\/header-1-2.jpg\"},{\"@type\":\"BreadcrumbList\",\"@id\":\"https:\/\/www.idena.fr\/es\/nuestra-experiencia\/zootechnie\/#breadcrumb\",\"itemListElement\":[{\"@type\":\"ListItem\",\"position\":1,\"name\":\"Accueil\",\"item\":\"https:\/\/www.idena.fr\/es\/\"},{\"@type\":\"ListItem\",\"position\":2,\"name\":\"Nuestra experiencia\",\"item\":\"https:\/\/www.idena.fr\/es\/nuestra-experiencia\/\"},{\"@type\":\"ListItem\",\"position\":3,\"name\":\"Experiencia zoot\u00e9cnica\"}]},{\"@type\":\"WebSite\",\"@id\":\"https:\/\/idena-wordpress-web.dev.imcr.dev\/#website\",\"url\":\"https:\/\/idena-wordpress-web.dev.imcr.dev\/\",\"name\":\"Idena\",\"description\":\"\",\"publisher\":{\"@id\":\"https:\/\/idena-wordpress-web.dev.imcr.dev\/#organization\"},\"potentialAction\":[{\"@type\":\"SearchAction\",\"target\":{\"@type\":\"EntryPoint\",\"urlTemplate\":\"https:\/\/idena-wordpress-web.dev.imcr.dev\/?s={search_term_string}\"},\"query-input\":{\"@type\":\"PropertyValueSpecification\",\"valueRequired\":true,\"valueName\":\"search_term_string\"}}],\"inLanguage\":\"es\"},{\"@type\":\"Organization\",\"@id\":\"https:\/\/idena-wordpress-web.dev.imcr.dev\/#organization\",\"name\":\"Idena\",\"url\":\"https:\/\/idena-wordpress-web.dev.imcr.dev\/\",\"logo\":{\"@type\":\"ImageObject\",\"inLanguage\":\"es\",\"@id\":\"https:\/\/idena-wordpress-web.dev.imcr.dev\/#\/schema\/logo\/image\/\",\"url\":\"https:\/\/www.idena.fr\/wp-content\/uploads\/logo-idena-1.svg\",\"contentUrl\":\"https:\/\/www.idena.fr\/wp-content\/uploads\/logo-idena-1.svg\",\"width\":393,\"height\":106,\"caption\":\"Idena\"},\"image\":{\"@id\":\"https:\/\/idena-wordpress-web.dev.imcr.dev\/#\/schema\/logo\/image\/\"}}]}<\/script>\n<!-- \/ Yoast SEO plugin. -->","yoast_head_json":{"title":"La experiencia zoot\u00e9cnica de IDENA | Idena","description":"Un enfoque \u00fanico con auditor\u00edas en las explotaciones y herramientas de toma de decisiones adaptadas a las necesidades espec\u00edficas de cada explotaci\u00f3n.","robots":{"index":"index","follow":"follow","max-snippet":"max-snippet:-1","max-image-preview":"max-image-preview:large","max-video-preview":"max-video-preview:-1"},"canonical":"https:\/\/www.idena.fr\/es\/nuestra-experiencia\/zootechnie\/","og_locale":"es_ES","og_type":"article","og_title":"La experiencia zoot\u00e9cnica de IDENA | Idena","og_description":"Un enfoque \u00fanico con auditor\u00edas en las explotaciones y herramientas de toma de decisiones adaptadas a las necesidades espec\u00edficas de cada explotaci\u00f3n.","og_url":"https:\/\/www.idena.fr\/es\/nuestra-experiencia\/zootechnie\/","og_site_name":"Idena","article_modified_time":"2025-02-28T09:20:26+00:00","og_image":[{"width":1300,"height":547,"url":"https:\/\/www.idena.fr\/wp-content\/uploads\/header-1-2.jpg","type":"image\/jpeg"}],"twitter_card":"summary_large_image","twitter_misc":{"Tiempo de lectura":"6 minutos"},"schema":{"@context":"https:\/\/schema.org","@graph":[{"@type":"WebPage","@id":"https:\/\/www.idena.fr\/es\/nuestra-experiencia\/zootechnie\/","url":"https:\/\/www.idena.fr\/es\/nuestra-experiencia\/zootechnie\/","name":"La experiencia zoot\u00e9cnica de IDENA | Idena","isPartOf":{"@id":"https:\/\/idena-wordpress-web.dev.imcr.dev\/#website"},"primaryImageOfPage":{"@id":"https:\/\/www.idena.fr\/es\/nuestra-experiencia\/zootechnie\/#primaryimage"},"image":{"@id":"https:\/\/www.idena.fr\/es\/nuestra-experiencia\/zootechnie\/#primaryimage"},"thumbnailUrl":"https:\/\/www.idena.fr\/wp-content\/uploads\/header-1-2.jpg","datePublished":"2024-08-09T14:26:58+00:00","dateModified":"2025-02-28T09:20:26+00:00","description":"Un enfoque \u00fanico con auditor\u00edas en las explotaciones y herramientas de toma de decisiones adaptadas a las necesidades espec\u00edficas de cada explotaci\u00f3n.","breadcrumb":{"@id":"https:\/\/www.idena.fr\/es\/nuestra-experiencia\/zootechnie\/#breadcrumb"},"inLanguage":"es","potentialAction":[{"@type":"ReadAction","target":["https:\/\/www.idena.fr\/es\/nuestra-experiencia\/zootechnie\/"]}]},{"@type":"ImageObject","inLanguage":"es","@id":"https:\/\/www.idena.fr\/es\/nuestra-experiencia\/zootechnie\/#primaryimage","url":"https:\/\/www.idena.fr\/wp-content\/uploads\/header-1-2.jpg","contentUrl":"https:\/\/www.idena.fr\/wp-content\/uploads\/header-1-2.jpg"},{"@type":"BreadcrumbList","@id":"https:\/\/www.idena.fr\/es\/nuestra-experiencia\/zootechnie\/#breadcrumb","itemListElement":[{"@type":"ListItem","position":1,"name":"Accueil","item":"https:\/\/www.idena.fr\/es\/"},{"@type":"ListItem","position":2,"name":"Nuestra experiencia","item":"https:\/\/www.idena.fr\/es\/nuestra-experiencia\/"},{"@type":"ListItem","position":3,"name":"Experiencia zoot\u00e9cnica"}]},{"@type":"WebSite","@id":"https:\/\/idena-wordpress-web.dev.imcr.dev\/#website","url":"https:\/\/idena-wordpress-web.dev.imcr.dev\/","name":"Idena","description":"","publisher":{"@id":"https:\/\/idena-wordpress-web.dev.imcr.dev\/#organization"},"potentialAction":[{"@type":"SearchAction","target":{"@type":"EntryPoint","urlTemplate":"https:\/\/idena-wordpress-web.dev.imcr.dev\/?s={search_term_string}"},"query-input":{"@type":"PropertyValueSpecification","valueRequired":true,"valueName":"search_term_string"}}],"inLanguage":"es"},{"@type":"Organization","@id":"https:\/\/idena-wordpress-web.dev.imcr.dev\/#organization","name":"Idena","url":"https:\/\/idena-wordpress-web.dev.imcr.dev\/","logo":{"@type":"ImageObject","inLanguage":"es","@id":"https:\/\/idena-wordpress-web.dev.imcr.dev\/#\/schema\/logo\/image\/","url":"https:\/\/www.idena.fr\/wp-content\/uploads\/logo-idena-1.svg","contentUrl":"https:\/\/www.idena.fr\/wp-content\/uploads\/logo-idena-1.svg","width":393,"height":106,"caption":"Idena"},"image":{"@id":"https:\/\/idena-wordpress-web.dev.imcr.dev\/#\/schema\/logo\/image\/"}}]}},"mfb_rest_fields":["title","yoast_head","yoast_head_json"],"_links":{"self":[{"href":"https:\/\/www.idena.fr\/es\/wp-json\/wp\/v2\/pages\/5528","targetHints":{"allow":["GET"]}}],"collection":[{"href":"https:\/\/www.idena.fr\/es\/wp-json\/wp\/v2\/pages"}],"about":[{"href":"https:\/\/www.idena.fr\/es\/wp-json\/wp\/v2\/types\/page"}],"author":[{"embeddable":true,"href":"https:\/\/www.idena.fr\/es\/wp-json\/wp\/v2\/users\/1"}],"replies":[{"embeddable":true,"href":"https:\/\/www.idena.fr\/es\/wp-json\/wp\/v2\/comments?post=5528"}],"version-history":[{"count":2,"href":"https:\/\/www.idena.fr\/es\/wp-json\/wp\/v2\/pages\/5528\/revisions"}],"predecessor-version":[{"id":5584,"href":"https:\/\/www.idena.fr\/es\/wp-json\/wp\/v2\/pages\/5528\/revisions\/5584"}],"up":[{"embeddable":true,"href":"https:\/\/www.idena.fr\/es\/wp-json\/wp\/v2\/pages\/5519"}],"wp:attachment":[{"href":"https:\/\/www.idena.fr\/es\/wp-json\/wp\/v2\/media?parent=5528"}],"curies":[{"name":"wp","href":"https:\/\/api.w.org\/{rel}","templated":true}]}}