{"id":5101,"date":"2021-07-13T11:42:22","date_gmt":"2021-07-13T09:42:22","guid":{"rendered":"https:\/\/www.idena.fr\/?page_id=5101"},"modified":"2025-02-25T17:54:59","modified_gmt":"2025-02-25T16:54:59","slug":"blog","status":"publish","type":"page","link":"https:\/\/www.idena.fr\/ro\/blog\/","title":{"rendered":"Nout\u0103\u021bi \u0219i evenimente"},"content":{"rendered":"\n<div class=\"wp-block-group animate__fadeInUp animation-extend paused animate__animated\" style=\"border-radius:0\"><div class=\"wp-block-group__inner-container is-layout-constrained wp-block-group-is-layout-constrained\">\n<div class=\"wp-block-columns is-layout-flex wp-container-core-columns-is-layout-9d6595d7 wp-block-columns-is-layout-flex\" style=\"border-radius:0\">\n<div class=\"wp-block-column is-vertically-aligned-top is-layout-flow wp-block-column-is-layout-flow\">\n<h1 class=\"wp-block-heading icone-calendar\"><mark style=\"background-color:rgba(0, 0, 0, 0)\" class=\"has-inline-color has-secondary-30-color\">Nout\u0103\u0163ile<\/mark> \u0219i evenimentele noastre<\/h1>\n<\/div>\n\n\n\n<div class=\"wp-block-column is-layout-flow wp-block-column-is-layout-flow\"><\/div>\n<\/div>\n<\/div><\/div>\n\n\n\n<div class=\"wp-block-ic-blocks-responsive-spacer\"><div style=\"height:60px\"><\/div><div style=\"height:20px\"><\/div><\/div>\n\n\n\n<p class=\"is-style-intro\">IDENA este un grup dinamic \u0219i plin de via\u021b\u0103.<br>Aici ve\u021bi g\u0103si toate cele mai recente \u0219tiri \u0219i evenimente legate de IDENA, de la revista presei la m\u0103rturii ale partenerilor no\u0219tri, precum \u0219i prezen\u021ba noastr\u0103 \u00een Fran\u021ba \u0219i \u00een str\u0103in\u0103tate la diverse evenimente, t\u00e2rguri etc.<\/p>\n\n\n\n<div class=\"wp-block-ic-blocks-responsive-spacer\"><div style=\"height:100px\"><\/div><div style=\"height:50px\"><\/div><\/div>\n","protected":false},"excerpt":{"rendered":"<p>Nout\u0103\u0163ile \u0219i evenimentele noastre IDENA este un grup dinamic \u0219i plin de via\u021b\u0103.Aici ve\u021bi g\u0103si toate cele mai recente \u0219tiri \u0219i evenimente legate de IDENA, de la revista presei la m\u0103rturii ale partenerilor no\u0219tri, precum \u0219i prezen\u021ba noastr\u0103 \u00een Fran\u021ba \u0219i \u00een str\u0103in\u0103tate la diverse evenimente, t\u00e2rguri etc.<\/p>\n","protected":false},"author":1,"featured_media":0,"parent":0,"menu_order":0,"comment_status":"closed","ping_status":"closed","template":"","meta":{"_acf_changed":false,"inline_featured_image":false,"footnotes":""},"class_list":["post-5101","page","type-page","status-publish","hentry"],"acf":[],"mb":[],"yoast_head":"<!-- This site is optimized with the Yoast SEO plugin v27.0 - https:\/\/yoast.com\/product\/yoast-seo-wordpress\/ -->\n<title>Nout\u0103\u0163ile \u0219i evenimentele IDENA | Idena<\/title>\n<meta name=\"description\" content=\"Afla\u021bi mai multe despre \u0219tirile \u0219i evenimentele noastre privind performan\u021ba \u0219i bun\u0103starea animalelor \u0219i agricultura ecologic\u0103.\" \/>\n<meta name=\"robots\" content=\"index, follow, max-snippet:-1, max-image-preview:large, max-video-preview:-1\" \/>\n<link rel=\"canonical\" href=\"https:\/\/www.idena.fr\/ro\/blog\/\" \/>\n<meta property=\"og:locale\" content=\"ro_RO\" \/>\n<meta property=\"og:type\" content=\"article\" \/>\n<meta property=\"og:title\" content=\"Nout\u0103\u0163ile \u0219i evenimentele IDENA | Idena\" \/>\n<meta property=\"og:description\" content=\"Afla\u021bi mai multe despre \u0219tirile \u0219i evenimentele noastre privind performan\u021ba \u0219i bun\u0103starea animalelor \u0219i agricultura ecologic\u0103.\" \/>\n<meta property=\"og:url\" content=\"https:\/\/www.idena.fr\/ro\/blog\/\" \/>\n<meta property=\"og:site_name\" content=\"Idena\" \/>\n<meta property=\"article:modified_time\" content=\"2025-02-25T16:54:59+00:00\" \/>\n<meta name=\"twitter:card\" content=\"summary_large_image\" \/>\n<meta name=\"twitter:label1\" content=\"Timp estimat pentru citire\" \/>\n\t<meta name=\"twitter:data1\" content=\"1 minut\" \/>\n<script type=\"application\/ld+json\" class=\"yoast-schema-graph\">{\"@context\":\"https:\/\/schema.org\",\"@graph\":[{\"@type\":\"WebPage\",\"@id\":\"https:\/\/www.idena.fr\/ro\/blog\/\",\"url\":\"https:\/\/www.idena.fr\/ro\/blog\/\",\"name\":\"Nout\u0103\u0163ile \u0219i evenimentele IDENA | Idena\",\"isPartOf\":{\"@id\":\"https:\/\/idena-wordpress-web.dev.imcr.dev\/#website\"},\"datePublished\":\"2021-07-13T09:42:22+00:00\",\"dateModified\":\"2025-02-25T16:54:59+00:00\",\"description\":\"Afla\u021bi mai multe despre \u0219tirile \u0219i evenimentele noastre privind performan\u021ba \u0219i bun\u0103starea animalelor \u0219i agricultura ecologic\u0103.\",\"breadcrumb\":{\"@id\":\"https:\/\/www.idena.fr\/ro\/blog\/#breadcrumb\"},\"inLanguage\":\"ro-RO\",\"potentialAction\":[{\"@type\":\"ReadAction\",\"target\":[\"https:\/\/www.idena.fr\/ro\/blog\/\"]}]},{\"@type\":\"BreadcrumbList\",\"@id\":\"https:\/\/www.idena.fr\/ro\/blog\/#breadcrumb\",\"itemListElement\":[{\"@type\":\"ListItem\",\"position\":1,\"name\":\"Accueil\",\"item\":\"https:\/\/www.idena.fr\/ro\/\"},{\"@type\":\"ListItem\",\"position\":2,\"name\":\"Nout\u0103\u021bi \u0219i evenimente\"}]},{\"@type\":\"WebSite\",\"@id\":\"https:\/\/idena-wordpress-web.dev.imcr.dev\/#website\",\"url\":\"https:\/\/idena-wordpress-web.dev.imcr.dev\/\",\"name\":\"Idena\",\"description\":\"\",\"publisher\":{\"@id\":\"https:\/\/idena-wordpress-web.dev.imcr.dev\/#organization\"},\"potentialAction\":[{\"@type\":\"SearchAction\",\"target\":{\"@type\":\"EntryPoint\",\"urlTemplate\":\"https:\/\/idena-wordpress-web.dev.imcr.dev\/?s={search_term_string}\"},\"query-input\":{\"@type\":\"PropertyValueSpecification\",\"valueRequired\":true,\"valueName\":\"search_term_string\"}}],\"inLanguage\":\"ro-RO\"},{\"@type\":\"Organization\",\"@id\":\"https:\/\/idena-wordpress-web.dev.imcr.dev\/#organization\",\"name\":\"Idena\",\"url\":\"https:\/\/idena-wordpress-web.dev.imcr.dev\/\",\"logo\":{\"@type\":\"ImageObject\",\"inLanguage\":\"ro-RO\",\"@id\":\"https:\/\/idena-wordpress-web.dev.imcr.dev\/#\/schema\/logo\/image\/\",\"url\":\"https:\/\/www.idena.fr\/wp-content\/uploads\/logo-idena-1.svg\",\"contentUrl\":\"https:\/\/www.idena.fr\/wp-content\/uploads\/logo-idena-1.svg\",\"width\":393,\"height\":106,\"caption\":\"Idena\"},\"image\":{\"@id\":\"https:\/\/idena-wordpress-web.dev.imcr.dev\/#\/schema\/logo\/image\/\"}}]}<\/script>\n<!-- \/ Yoast SEO plugin. -->","yoast_head_json":{"title":"Nout\u0103\u0163ile \u0219i evenimentele IDENA | Idena","description":"Afla\u021bi mai multe despre \u0219tirile \u0219i evenimentele noastre privind performan\u021ba \u0219i bun\u0103starea animalelor \u0219i agricultura ecologic\u0103.","robots":{"index":"index","follow":"follow","max-snippet":"max-snippet:-1","max-image-preview":"max-image-preview:large","max-video-preview":"max-video-preview:-1"},"canonical":"https:\/\/www.idena.fr\/ro\/blog\/","og_locale":"ro_RO","og_type":"article","og_title":"Nout\u0103\u0163ile \u0219i evenimentele IDENA | Idena","og_description":"Afla\u021bi mai multe despre \u0219tirile \u0219i evenimentele noastre privind performan\u021ba \u0219i bun\u0103starea animalelor \u0219i agricultura ecologic\u0103.","og_url":"https:\/\/www.idena.fr\/ro\/blog\/","og_site_name":"Idena","article_modified_time":"2025-02-25T16:54:59+00:00","twitter_card":"summary_large_image","twitter_misc":{"Timp estimat pentru citire":"1 minut"},"schema":{"@context":"https:\/\/schema.org","@graph":[{"@type":"WebPage","@id":"https:\/\/www.idena.fr\/ro\/blog\/","url":"https:\/\/www.idena.fr\/ro\/blog\/","name":"Nout\u0103\u0163ile \u0219i evenimentele IDENA | Idena","isPartOf":{"@id":"https:\/\/idena-wordpress-web.dev.imcr.dev\/#website"},"datePublished":"2021-07-13T09:42:22+00:00","dateModified":"2025-02-25T16:54:59+00:00","description":"Afla\u021bi mai multe despre \u0219tirile \u0219i evenimentele noastre privind performan\u021ba \u0219i bun\u0103starea animalelor \u0219i agricultura ecologic\u0103.","breadcrumb":{"@id":"https:\/\/www.idena.fr\/ro\/blog\/#breadcrumb"},"inLanguage":"ro-RO","potentialAction":[{"@type":"ReadAction","target":["https:\/\/www.idena.fr\/ro\/blog\/"]}]},{"@type":"BreadcrumbList","@id":"https:\/\/www.idena.fr\/ro\/blog\/#breadcrumb","itemListElement":[{"@type":"ListItem","position":1,"name":"Accueil","item":"https:\/\/www.idena.fr\/ro\/"},{"@type":"ListItem","position":2,"name":"Nout\u0103\u021bi \u0219i evenimente"}]},{"@type":"WebSite","@id":"https:\/\/idena-wordpress-web.dev.imcr.dev\/#website","url":"https:\/\/idena-wordpress-web.dev.imcr.dev\/","name":"Idena","description":"","publisher":{"@id":"https:\/\/idena-wordpress-web.dev.imcr.dev\/#organization"},"potentialAction":[{"@type":"SearchAction","target":{"@type":"EntryPoint","urlTemplate":"https:\/\/idena-wordpress-web.dev.imcr.dev\/?s={search_term_string}"},"query-input":{"@type":"PropertyValueSpecification","valueRequired":true,"valueName":"search_term_string"}}],"inLanguage":"ro-RO"},{"@type":"Organization","@id":"https:\/\/idena-wordpress-web.dev.imcr.dev\/#organization","name":"Idena","url":"https:\/\/idena-wordpress-web.dev.imcr.dev\/","logo":{"@type":"ImageObject","inLanguage":"ro-RO","@id":"https:\/\/idena-wordpress-web.dev.imcr.dev\/#\/schema\/logo\/image\/","url":"https:\/\/www.idena.fr\/wp-content\/uploads\/logo-idena-1.svg","contentUrl":"https:\/\/www.idena.fr\/wp-content\/uploads\/logo-idena-1.svg","width":393,"height":106,"caption":"Idena"},"image":{"@id":"https:\/\/idena-wordpress-web.dev.imcr.dev\/#\/schema\/logo\/image\/"}}]}},"mfb_rest_fields":["title","yoast_head","yoast_head_json"],"_links":{"self":[{"href":"https:\/\/www.idena.fr\/ro\/wp-json\/wp\/v2\/pages\/5101","targetHints":{"allow":["GET"]}}],"collection":[{"href":"https:\/\/www.idena.fr\/ro\/wp-json\/wp\/v2\/pages"}],"about":[{"href":"https:\/\/www.idena.fr\/ro\/wp-json\/wp\/v2\/types\/page"}],"author":[{"embeddable":true,"href":"https:\/\/www.idena.fr\/ro\/wp-json\/wp\/v2\/users\/1"}],"replies":[{"embeddable":true,"href":"https:\/\/www.idena.fr\/ro\/wp-json\/wp\/v2\/comments?post=5101"}],"version-history":[{"count":3,"href":"https:\/\/www.idena.fr\/ro\/wp-json\/wp\/v2\/pages\/5101\/revisions"}],"predecessor-version":[{"id":5435,"href":"https:\/\/www.idena.fr\/ro\/wp-json\/wp\/v2\/pages\/5101\/revisions\/5435"}],"wp:attachment":[{"href":"https:\/\/www.idena.fr\/ro\/wp-json\/wp\/v2\/media?parent=5101"}],"curies":[{"name":"wp","href":"https:\/\/api.w.org\/{rel}","templated":true}]}}