{"id":5107,"date":"2024-09-16T10:44:57","date_gmt":"2024-09-16T08:44:57","guid":{"rendered":"https:\/\/www.idena.fr\/?page_id=5107"},"modified":"2025-02-04T11:26:17","modified_gmt":"2025-02-04T10:26:17","slug":"politica-privind-modulele-cookie","status":"publish","type":"page","link":"https:\/\/www.idena.fr\/ro\/politica-privind-modulele-cookie\/","title":{"rendered":"Politica privind modulele cookie"},"content":{"rendered":"\n<p>Data intr\u0103rii \u00een vigoare: 15-mai-2024<\/p>\n\n\n\n<p><strong>Ce sunt modulele cookie?<\/strong><\/p>\n\n\n\n<p>Aceast\u0103 politic\u0103 privind modulele cookie explic\u0103 ce sunt modulele cookie \u0219i cum le folosim, tipurile de module cookie pe care le folosim, adic\u0103 informa\u021biile pe care le colect\u0103m cu ajutorul modulelor cookie \u0219i cum sunt folosite aceste informa\u021bii, precum \u0219i modul de gestionare a set\u0103rilor modulelor cookie.<\/p>\n\n\n\n<p>Modulele cookie sunt fi\u0219iere text de mici dimensiuni care sunt utilizate pentru a stoca fragmente mici de informa\u021bii. Acestea sunt stocate pe dispozitivul dumneavoastr\u0103 atunci c\u00e2nd site-ul web este \u00eenc\u0103rcat pe browserul dumneavoastr\u0103. Aceste module cookie ne ajut\u0103 s\u0103 facem site-ul web s\u0103 func\u021bioneze corect, s\u0103 \u00eel facem mai sigur, s\u0103 oferim o experien\u021b\u0103 mai bun\u0103 utilizatorului, s\u0103 \u00een\u021belegem cum func\u021bioneaz\u0103 site-ul web \u0219i s\u0103 analiz\u0103m ce func\u021bioneaz\u0103 \u0219i unde trebuie s\u0103 fie \u00eembun\u0103t\u0103\u021bit.<\/p>\n\n\n\n<p><strong>Cum folosim modulele cookie?<\/strong><\/p>\n\n\n\n<p>La fel ca majoritatea serviciilor online, site-ul nostru utilizeaz\u0103 module cookie proprietare \u0219i de la ter\u021bi \u00een mai multe scopuri. Modulele cookie de proprietate sunt necesare \u00een primul r\u00e2nd pentru ca site-ul web s\u0103 func\u021bioneze corect \u0219i nu colecteaz\u0103 nicio informa\u021bie personal\u0103 identificabil\u0103.<\/p>\n\n\n\n<p>Cookie-urile ter\u021b\u0103 parte utilizate pe site-ul nostru web sunt folosite \u00een principal pentru a \u00een\u021belege performan\u021ba site-ului web, modul \u00een care interac\u021biona\u021bi cu site-ul nostru web, pentru a asigura securitatea serviciilor noastre, pentru a furniza reclame care sunt relevante pentru dvs. \u0219i, \u00een general, pentru a v\u0103 oferi o experien\u021b\u0103 de utilizare mai bun\u0103 \u0219i \u00eembun\u0103t\u0103\u021bit\u0103 \u0219i pentru a accelera interac\u021biunile dvs. viitoare cu site-ul nostru web.<\/p>\n\n\n\n<p>[wcc_category_list]<\/p>\n\n\n\n<p><br><strong>Gestionarea preferin\u021belor cookie<\/strong><\/p>\n\n\n\n<p><br>V\u0103 pute\u021bi modifica preferin\u021bele cookie \u00een orice moment f\u0103c\u00e2nd clic pe butonul<\/p>\n\n\n\n<p><br>[wcc_preference_button].<\/p>\n\n\n\n<p><br>Acest lucru v\u0103 va permite s\u0103 revizui\u021bi bannerul de consim\u021b\u0103m\u00e2nt privind cookie-urile \u0219i s\u0103 v\u0103 modifica\u021bi preferin\u021bele sau s\u0103 v\u0103 retrage\u021bi consim\u021b\u0103m\u00e2ntul imediat.<br>\u00cen plus, diferite browsere ofer\u0103 diferite metode de blocare \u0219i \u0219tergere a modulelor cookie utilizate de site-uri web. Pute\u021bi modifica set\u0103rile browserului dvs. pentru a bloca\/\u0219terge modulele cookie. Mai jos sunt linkuri c\u0103tre documente de asisten\u021b\u0103 privind gestionarea \u0219i \u0219tergerea modulelor cookie pentru principalele browsere web.<br><strong>Chrome<\/strong>: https:\/\/support.google.com\/accounts\/answer\/32050<br><strong>Safari:<\/strong> https:\/\/support.apple.com\/en-in\/guide\/safari\/sfri11471\/mac<br><strong>Firefox:<\/strong> https:\/\/support.mozilla.org\/en-US\/kb\/clear-cookies-and-site-data-firefox?redirectslug=delete-cookies-remove-info-websites-stored&amp;redirectlocale=en-US<br><strong>Microsoft Edge:<\/strong> \u0218tergerea modulelor cookie \u00een Microsoft Edge &#8211; Asisten\u021b\u0103 Microsoft Dac\u0103 utiliza\u021bi un alt browser web, v\u0103 rug\u0103m s\u0103 consulta\u021bi documentele oficiale de asisten\u021b\u0103 pentru browserul dvs.<\/p>\n\n\n\n<p><\/p>\n\n\n\n<p><\/p>\n","protected":false},"excerpt":{"rendered":"<p>Data intr\u0103rii \u00een vigoare: 15-mai-2024 Ce sunt modulele cookie? Aceast\u0103 politic\u0103 privind modulele cookie explic\u0103 ce sunt modulele cookie \u0219i cum le folosim, tipurile de module cookie pe care le folosim, adic\u0103 informa\u021biile pe care le colect\u0103m cu ajutorul modulelor cookie \u0219i cum sunt folosite aceste informa\u021bii, precum \u0219i modul de gestionare a set\u0103rilor modulelor [&hellip;]<\/p>\n","protected":false},"author":1,"featured_media":0,"parent":0,"menu_order":0,"comment_status":"closed","ping_status":"closed","template":"","meta":{"_acf_changed":false,"inline_featured_image":false,"footnotes":""},"class_list":["post-5107","page","type-page","status-publish","hentry"],"acf":[],"mb":[],"yoast_head":"<!-- This site is optimized with the Yoast SEO plugin v27.0 - https:\/\/yoast.com\/product\/yoast-seo-wordpress\/ -->\n<title>Politica privind modulele cookie | Idena<\/title>\n<meta name=\"description\" content=\"Data intr\u0103rii \u00een vigoare: 15-mai-2024 Ce sunt modulele cookie? Aceast\u0103 politic\u0103 privind modulele cookie explic\u0103 ce sunt modulele cookie \u0219i cum le folosim,\" \/>\n<meta name=\"robots\" content=\"index, follow, max-snippet:-1, max-image-preview:large, max-video-preview:-1\" \/>\n<link rel=\"canonical\" href=\"https:\/\/www.idena.fr\/ro\/politica-privind-modulele-cookie\/\" \/>\n<meta property=\"og:locale\" content=\"ro_RO\" \/>\n<meta property=\"og:type\" content=\"article\" \/>\n<meta property=\"og:title\" content=\"Politica privind modulele cookie | Idena\" \/>\n<meta property=\"og:description\" content=\"Data intr\u0103rii \u00een vigoare: 15-mai-2024 Ce sunt modulele cookie? Aceast\u0103 politic\u0103 privind modulele cookie explic\u0103 ce sunt modulele cookie \u0219i cum le folosim,\" \/>\n<meta property=\"og:url\" content=\"https:\/\/www.idena.fr\/ro\/politica-privind-modulele-cookie\/\" \/>\n<meta property=\"og:site_name\" content=\"Idena\" \/>\n<meta property=\"article:modified_time\" content=\"2025-02-04T10:26:17+00:00\" \/>\n<meta name=\"twitter:card\" content=\"summary_large_image\" \/>\n<meta name=\"twitter:label1\" content=\"Timp estimat pentru citire\" \/>\n\t<meta name=\"twitter:data1\" content=\"2 minute\" \/>\n<script type=\"application\/ld+json\" class=\"yoast-schema-graph\">{\"@context\":\"https:\/\/schema.org\",\"@graph\":[{\"@type\":\"WebPage\",\"@id\":\"https:\/\/www.idena.fr\/ro\/politica-privind-modulele-cookie\/\",\"url\":\"https:\/\/www.idena.fr\/ro\/politica-privind-modulele-cookie\/\",\"name\":\"Politica privind modulele cookie | Idena\",\"isPartOf\":{\"@id\":\"https:\/\/idena-wordpress-web.dev.imcr.dev\/#website\"},\"datePublished\":\"2024-09-16T08:44:57+00:00\",\"dateModified\":\"2025-02-04T10:26:17+00:00\",\"description\":\"Data intr\u0103rii \u00een vigoare: 15-mai-2024 Ce sunt modulele cookie? Aceast\u0103 politic\u0103 privind modulele cookie explic\u0103 ce sunt modulele cookie \u0219i cum le folosim,\",\"breadcrumb\":{\"@id\":\"https:\/\/www.idena.fr\/ro\/politica-privind-modulele-cookie\/#breadcrumb\"},\"inLanguage\":\"ro-RO\",\"potentialAction\":[{\"@type\":\"ReadAction\",\"target\":[\"https:\/\/www.idena.fr\/ro\/politica-privind-modulele-cookie\/\"]}]},{\"@type\":\"BreadcrumbList\",\"@id\":\"https:\/\/www.idena.fr\/ro\/politica-privind-modulele-cookie\/#breadcrumb\",\"itemListElement\":[{\"@type\":\"ListItem\",\"position\":1,\"name\":\"Accueil\",\"item\":\"https:\/\/www.idena.fr\/ro\/\"},{\"@type\":\"ListItem\",\"position\":2,\"name\":\"Politica privind modulele cookie\"}]},{\"@type\":\"WebSite\",\"@id\":\"https:\/\/idena-wordpress-web.dev.imcr.dev\/#website\",\"url\":\"https:\/\/idena-wordpress-web.dev.imcr.dev\/\",\"name\":\"Idena\",\"description\":\"\",\"publisher\":{\"@id\":\"https:\/\/idena-wordpress-web.dev.imcr.dev\/#organization\"},\"potentialAction\":[{\"@type\":\"SearchAction\",\"target\":{\"@type\":\"EntryPoint\",\"urlTemplate\":\"https:\/\/idena-wordpress-web.dev.imcr.dev\/?s={search_term_string}\"},\"query-input\":{\"@type\":\"PropertyValueSpecification\",\"valueRequired\":true,\"valueName\":\"search_term_string\"}}],\"inLanguage\":\"ro-RO\"},{\"@type\":\"Organization\",\"@id\":\"https:\/\/idena-wordpress-web.dev.imcr.dev\/#organization\",\"name\":\"Idena\",\"url\":\"https:\/\/idena-wordpress-web.dev.imcr.dev\/\",\"logo\":{\"@type\":\"ImageObject\",\"inLanguage\":\"ro-RO\",\"@id\":\"https:\/\/idena-wordpress-web.dev.imcr.dev\/#\/schema\/logo\/image\/\",\"url\":\"https:\/\/www.idena.fr\/wp-content\/uploads\/logo-idena-1.svg\",\"contentUrl\":\"https:\/\/www.idena.fr\/wp-content\/uploads\/logo-idena-1.svg\",\"width\":393,\"height\":106,\"caption\":\"Idena\"},\"image\":{\"@id\":\"https:\/\/idena-wordpress-web.dev.imcr.dev\/#\/schema\/logo\/image\/\"}}]}<\/script>\n<!-- \/ Yoast SEO plugin. -->","yoast_head_json":{"title":"Politica privind modulele cookie | Idena","description":"Data intr\u0103rii \u00een vigoare: 15-mai-2024 Ce sunt modulele cookie? Aceast\u0103 politic\u0103 privind modulele cookie explic\u0103 ce sunt modulele cookie \u0219i cum le folosim,","robots":{"index":"index","follow":"follow","max-snippet":"max-snippet:-1","max-image-preview":"max-image-preview:large","max-video-preview":"max-video-preview:-1"},"canonical":"https:\/\/www.idena.fr\/ro\/politica-privind-modulele-cookie\/","og_locale":"ro_RO","og_type":"article","og_title":"Politica privind modulele cookie | Idena","og_description":"Data intr\u0103rii \u00een vigoare: 15-mai-2024 Ce sunt modulele cookie? Aceast\u0103 politic\u0103 privind modulele cookie explic\u0103 ce sunt modulele cookie \u0219i cum le folosim,","og_url":"https:\/\/www.idena.fr\/ro\/politica-privind-modulele-cookie\/","og_site_name":"Idena","article_modified_time":"2025-02-04T10:26:17+00:00","twitter_card":"summary_large_image","twitter_misc":{"Timp estimat pentru citire":"2 minute"},"schema":{"@context":"https:\/\/schema.org","@graph":[{"@type":"WebPage","@id":"https:\/\/www.idena.fr\/ro\/politica-privind-modulele-cookie\/","url":"https:\/\/www.idena.fr\/ro\/politica-privind-modulele-cookie\/","name":"Politica privind modulele cookie | Idena","isPartOf":{"@id":"https:\/\/idena-wordpress-web.dev.imcr.dev\/#website"},"datePublished":"2024-09-16T08:44:57+00:00","dateModified":"2025-02-04T10:26:17+00:00","description":"Data intr\u0103rii \u00een vigoare: 15-mai-2024 Ce sunt modulele cookie? Aceast\u0103 politic\u0103 privind modulele cookie explic\u0103 ce sunt modulele cookie \u0219i cum le folosim,","breadcrumb":{"@id":"https:\/\/www.idena.fr\/ro\/politica-privind-modulele-cookie\/#breadcrumb"},"inLanguage":"ro-RO","potentialAction":[{"@type":"ReadAction","target":["https:\/\/www.idena.fr\/ro\/politica-privind-modulele-cookie\/"]}]},{"@type":"BreadcrumbList","@id":"https:\/\/www.idena.fr\/ro\/politica-privind-modulele-cookie\/#breadcrumb","itemListElement":[{"@type":"ListItem","position":1,"name":"Accueil","item":"https:\/\/www.idena.fr\/ro\/"},{"@type":"ListItem","position":2,"name":"Politica privind modulele cookie"}]},{"@type":"WebSite","@id":"https:\/\/idena-wordpress-web.dev.imcr.dev\/#website","url":"https:\/\/idena-wordpress-web.dev.imcr.dev\/","name":"Idena","description":"","publisher":{"@id":"https:\/\/idena-wordpress-web.dev.imcr.dev\/#organization"},"potentialAction":[{"@type":"SearchAction","target":{"@type":"EntryPoint","urlTemplate":"https:\/\/idena-wordpress-web.dev.imcr.dev\/?s={search_term_string}"},"query-input":{"@type":"PropertyValueSpecification","valueRequired":true,"valueName":"search_term_string"}}],"inLanguage":"ro-RO"},{"@type":"Organization","@id":"https:\/\/idena-wordpress-web.dev.imcr.dev\/#organization","name":"Idena","url":"https:\/\/idena-wordpress-web.dev.imcr.dev\/","logo":{"@type":"ImageObject","inLanguage":"ro-RO","@id":"https:\/\/idena-wordpress-web.dev.imcr.dev\/#\/schema\/logo\/image\/","url":"https:\/\/www.idena.fr\/wp-content\/uploads\/logo-idena-1.svg","contentUrl":"https:\/\/www.idena.fr\/wp-content\/uploads\/logo-idena-1.svg","width":393,"height":106,"caption":"Idena"},"image":{"@id":"https:\/\/idena-wordpress-web.dev.imcr.dev\/#\/schema\/logo\/image\/"}}]}},"mfb_rest_fields":["title","yoast_head","yoast_head_json"],"_links":{"self":[{"href":"https:\/\/www.idena.fr\/ro\/wp-json\/wp\/v2\/pages\/5107","targetHints":{"allow":["GET"]}}],"collection":[{"href":"https:\/\/www.idena.fr\/ro\/wp-json\/wp\/v2\/pages"}],"about":[{"href":"https:\/\/www.idena.fr\/ro\/wp-json\/wp\/v2\/types\/page"}],"author":[{"embeddable":true,"href":"https:\/\/www.idena.fr\/ro\/wp-json\/wp\/v2\/users\/1"}],"replies":[{"embeddable":true,"href":"https:\/\/www.idena.fr\/ro\/wp-json\/wp\/v2\/comments?post=5107"}],"version-history":[{"count":2,"href":"https:\/\/www.idena.fr\/ro\/wp-json\/wp\/v2\/pages\/5107\/revisions"}],"predecessor-version":[{"id":5225,"href":"https:\/\/www.idena.fr\/ro\/wp-json\/wp\/v2\/pages\/5107\/revisions\/5225"}],"wp:attachment":[{"href":"https:\/\/www.idena.fr\/ro\/wp-json\/wp\/v2\/media?parent=5107"}],"curies":[{"name":"wp","href":"https:\/\/api.w.org\/{rel}","templated":true}]}}