{"id":5109,"date":"2024-08-12T10:13:10","date_gmt":"2024-08-12T08:13:10","guid":{"rendered":"https:\/\/www.idena.fr\/?page_id=5109"},"modified":"2025-02-24T16:29:27","modified_gmt":"2025-02-24T15:29:27","slug":"idinfo","status":"publish","type":"page","link":"https:\/\/www.idena.fr\/ro\/idinfo\/","title":{"rendered":"Informa\u0163ii Id"},"content":{"rendered":"\n<div class=\"wp-block-group animate__fadeInUp animation-extend paused animate__animated\" style=\"border-radius:0\"><div class=\"wp-block-group__inner-container is-layout-constrained wp-block-group-is-layout-constrained\">\n<div class=\"wp-block-columns is-layout-flex wp-container-core-columns-is-layout-9d6595d7 wp-block-columns-is-layout-flex\" style=\"border-radius:0\">\n<div class=\"wp-block-column is-vertically-aligned-top is-layout-flow wp-block-column-is-layout-flow\">\n<h1 class=\"wp-block-heading icone-newspaper\">Informa\u0163ii Id \u2013 <mark style=\"background-color:rgba(0, 0, 0, 0)\" class=\"has-inline-color has-secondary-30-color\">Sfaturile noastre<\/mark> pentru bun\u0103starea animalelor dumneavoastr\u0103<\/h1>\n<\/div>\n\n\n\n<div class=\"wp-block-column is-layout-flow wp-block-column-is-layout-flow\"><div class=\"slider post-list  post-pinned\n pinned-post-slider  on-mobile on-desktop col-mob-1 col-desk-1 hide-out-mobile hide-out-desktop hide-inline arrows-hidden editor\"  data-spacing-mobile=\"0\" data-spacing-desktop=\"0\" data-effect=\"fade\" data-speed=\"800\" data-delay=\"2000\" data-loop=\"true\"><div class=\"post-list-wrapper swiper-wrapper\"><div class=\"post-item swiper-slide\">\t<div class=\"post-wrapper\">\n\t\t<span class=\"chip-pinned\">\n\t\t\tPinned post\t\t<\/span>\n\t\t\n\t\t<img decoding=\"async\" src=\"\/wp-content\/themes\/ic-main-theme\/img\/icone-twisty-arrow.svg\" width=\"\" height=\"\" style=\"margin:0; padding:0; border:none; display:block;\" border=\"0\" class=\"img\" alt=\"\">\n\t\t\n\t\t<h2><a href=\"https:\/\/www.idena.fr\/ro\/conseil\/idafix-solutie-multipla-pentru-atenuarea-efectelor-negative-ale-micotoxinelor\/\">IDAFIX: solu\u021bie multipl\u0103 pentru atenuarea efectelor negative ale micotoxinelor<\/a><\/h2>\n\t<\/div>\n\t\t\t<div class=\"wp-block-buttons is-content-justification-right is-layout-flex wp-container-core-buttons-is-layout-1 wp-block-buttons-is-layout-flex\"\n\t\t\tstyle=\"align-items: flex-end;\">\n\t\t\t<div class=\"wp-block-button is-style-link icone-arrow-right-diagonal\">\n\t\t\t\t<a class=\"wp-block-button__link has-volailles-1-color has-text-color has-link-color wp-element-button\"\thref=\"https:\/\/www.idena.fr\/ro\/conseil\/idafix-solutie-multipla-pentru-atenuarea-efectelor-negative-ale-micotoxinelor\/\">\n\t\t\t\t\tLire l\u2019article\t\t\t\t<\/a>\n\t\t\t<\/div>\n\t\t<\/div>\n\n\n<\/div><div class=\"post-item swiper-slide\">\t<div class=\"post-wrapper\">\n\t\t<span class=\"chip-pinned\">\n\t\t\tPinned post\t\t<\/span>\n\t\t\n\t\t<img decoding=\"async\" src=\"\/wp-content\/themes\/ic-main-theme\/img\/icone-twisty-arrow.svg\" width=\"\" height=\"\" style=\"margin:0; padding:0; border:none; display:block;\" border=\"0\" class=\"img\" alt=\"\">\n\t\t\n\t\t<h2><a href=\"https:\/\/www.idena.fr\/ro\/conseil\/micotoxinele-un-pericol-vizibil-si-invizibil-care-trebuie-luat-in-considerare\/\">Micotoxinele: un pericol vizibil \u0219i invizibil care trebuie luat \u00een considerare<\/a><\/h2>\n\t<\/div>\n\t\t\t<div class=\"wp-block-buttons is-content-justification-right is-layout-flex wp-container-core-buttons-is-layout-1 wp-block-buttons-is-layout-flex\"\n\t\t\tstyle=\"align-items: flex-end;\">\n\t\t\t<div class=\"wp-block-button is-style-link icone-arrow-right-diagonal\">\n\t\t\t\t<a class=\"wp-block-button__link has-volailles-1-color has-text-color has-link-color wp-element-button\"\thref=\"https:\/\/www.idena.fr\/ro\/conseil\/micotoxinele-un-pericol-vizibil-si-invizibil-care-trebuie-luat-in-considerare\/\">\n\t\t\t\t\tLire l\u2019article\t\t\t\t<\/a>\n\t\t\t<\/div>\n\t\t<\/div>\n\n\n<\/div><\/div><div class=\"dots\"><span class=\"swiper-pagination-bullet\"><\/span><span class=\"swiper-pagination-bullet\"><\/span><span class=\"swiper-pagination-bullet\"><\/span><span class=\"swiper-pagination-bullet\"><\/span><\/div><div class=\"button-prev\"><\/div><div class=\"button-next\"><\/div><\/div><\/div>\n<\/div>\n<\/div><\/div>\n\n\n\n<div class=\"wp-block-ic-blocks-responsive-spacer\"><div style=\"height:60px\"><\/div><div style=\"height:20px\"><\/div><\/div>\n\n\n\n<p class=\"is-style-intro\">Aici pute\u021bi g\u0103si sfaturile \u0219i articolele noastre pe diverse teme legate de nutri\u021bia animalelor \u0219i de nevoile specifice \u0219i bun\u0103starea diferitelor specii de animale.&nbsp;<br><br>Fie c\u0103 sunte\u021bi \u00een c\u0103utarea de informa\u021bii privind alternativele naturale la antibiotice, noile tehnici avansate de nutri\u021bie sau cum s\u0103 \u00eembun\u0103t\u0103\u021bi\u021bi randamentul animalelor, exper\u021bii no\u0219tri \u00een nutri\u021bia animalelor v\u0103 vor \u00eemp\u0103rt\u0103\u0219i cuno\u0219tin\u021bele \u0219i recomand\u0103rile lor pentru a optimiza performan\u021ba animalelor, asigur\u00e2nd \u00een acela\u0219i timp un viitor durabil pentru fermele de cre\u0219tere a animalelor de m\u00e2ine.&nbsp;<\/p>\n\n\n\n<div class=\"wp-block-ic-blocks-responsive-spacer\"><div style=\"height:100px\"><\/div><div style=\"height:50px\"><\/div><\/div>\n\n\n\n<p><\/p>\n","protected":false},"excerpt":{"rendered":"<p>Informa\u0163ii Id \u2013 Sfaturile noastre pentru bun\u0103starea animalelor dumneavoastr\u0103 Aici pute\u021bi g\u0103si sfaturile \u0219i articolele noastre pe diverse teme legate de nutri\u021bia animalelor \u0219i de nevoile specifice \u0219i bun\u0103starea diferitelor specii de animale.&nbsp; Fie c\u0103 sunte\u021bi \u00een c\u0103utarea de informa\u021bii privind alternativele naturale la antibiotice, noile tehnici avansate de nutri\u021bie sau cum s\u0103 \u00eembun\u0103t\u0103\u021bi\u021bi randamentul [&hellip;]<\/p>\n","protected":false},"author":1,"featured_media":0,"parent":0,"menu_order":0,"comment_status":"closed","ping_status":"closed","template":"","meta":{"_acf_changed":false,"inline_featured_image":false,"footnotes":""},"class_list":["post-5109","page","type-page","status-publish","hentry"],"acf":[],"mb":[],"yoast_head":"<!-- This site is optimized with the Yoast SEO plugin v27.0 - https:\/\/yoast.com\/product\/yoast-seo-wordpress\/ -->\n<title>Sfaturile noastre privind nutri\u021bia animalelor | Idena<\/title>\n<meta name=\"description\" content=\"Informa\u0163ii Id sfaturi de specialitate privind nutri\u021bia animalelor. \u00cembun\u0103t\u0103\u021bi\u021bi bun\u0103starea \u0219i performan\u021ba animalelor dumneavoastr\u0103 cu solu\u021bii inovatoare \u0219i durabile.\" \/>\n<meta name=\"robots\" content=\"index, follow, max-snippet:-1, max-image-preview:large, max-video-preview:-1\" \/>\n<link rel=\"canonical\" href=\"https:\/\/www.idena.fr\/ro\/idinfo\/\" \/>\n<meta property=\"og:locale\" content=\"ro_RO\" \/>\n<meta property=\"og:type\" content=\"article\" \/>\n<meta property=\"og:title\" content=\"Sfaturile noastre privind nutri\u021bia animalelor | Idena\" \/>\n<meta property=\"og:description\" content=\"Informa\u0163ii Id sfaturi de specialitate privind nutri\u021bia animalelor. \u00cembun\u0103t\u0103\u021bi\u021bi bun\u0103starea \u0219i performan\u021ba animalelor dumneavoastr\u0103 cu solu\u021bii inovatoare \u0219i durabile.\" \/>\n<meta property=\"og:url\" content=\"https:\/\/www.idena.fr\/ro\/idinfo\/\" \/>\n<meta property=\"og:site_name\" content=\"Idena\" \/>\n<meta property=\"article:modified_time\" content=\"2025-02-24T15:29:27+00:00\" \/>\n<meta name=\"twitter:card\" content=\"summary_large_image\" \/>\n<meta name=\"twitter:label1\" content=\"Timp estimat pentru citire\" \/>\n\t<meta name=\"twitter:data1\" content=\"1 minut\" \/>\n<script type=\"application\/ld+json\" class=\"yoast-schema-graph\">{\"@context\":\"https:\/\/schema.org\",\"@graph\":[{\"@type\":\"WebPage\",\"@id\":\"https:\/\/www.idena.fr\/ro\/idinfo\/\",\"url\":\"https:\/\/www.idena.fr\/ro\/idinfo\/\",\"name\":\"Sfaturile noastre privind nutri\u021bia animalelor | Idena\",\"isPartOf\":{\"@id\":\"https:\/\/idena-wordpress-web.dev.imcr.dev\/#website\"},\"datePublished\":\"2024-08-12T08:13:10+00:00\",\"dateModified\":\"2025-02-24T15:29:27+00:00\",\"description\":\"Informa\u0163ii Id sfaturi de specialitate privind nutri\u021bia animalelor. \u00cembun\u0103t\u0103\u021bi\u021bi bun\u0103starea \u0219i performan\u021ba animalelor dumneavoastr\u0103 cu solu\u021bii inovatoare \u0219i durabile.\",\"breadcrumb\":{\"@id\":\"https:\/\/www.idena.fr\/ro\/idinfo\/#breadcrumb\"},\"inLanguage\":\"ro-RO\",\"potentialAction\":[{\"@type\":\"ReadAction\",\"target\":[\"https:\/\/www.idena.fr\/ro\/idinfo\/\"]}]},{\"@type\":\"BreadcrumbList\",\"@id\":\"https:\/\/www.idena.fr\/ro\/idinfo\/#breadcrumb\",\"itemListElement\":[{\"@type\":\"ListItem\",\"position\":1,\"name\":\"Accueil\",\"item\":\"https:\/\/www.idena.fr\/ro\/\"},{\"@type\":\"ListItem\",\"position\":2,\"name\":\"Informa\u0163ii Id\"}]},{\"@type\":\"WebSite\",\"@id\":\"https:\/\/idena-wordpress-web.dev.imcr.dev\/#website\",\"url\":\"https:\/\/idena-wordpress-web.dev.imcr.dev\/\",\"name\":\"Idena\",\"description\":\"\",\"publisher\":{\"@id\":\"https:\/\/idena-wordpress-web.dev.imcr.dev\/#organization\"},\"potentialAction\":[{\"@type\":\"SearchAction\",\"target\":{\"@type\":\"EntryPoint\",\"urlTemplate\":\"https:\/\/idena-wordpress-web.dev.imcr.dev\/?s={search_term_string}\"},\"query-input\":{\"@type\":\"PropertyValueSpecification\",\"valueRequired\":true,\"valueName\":\"search_term_string\"}}],\"inLanguage\":\"ro-RO\"},{\"@type\":\"Organization\",\"@id\":\"https:\/\/idena-wordpress-web.dev.imcr.dev\/#organization\",\"name\":\"Idena\",\"url\":\"https:\/\/idena-wordpress-web.dev.imcr.dev\/\",\"logo\":{\"@type\":\"ImageObject\",\"inLanguage\":\"ro-RO\",\"@id\":\"https:\/\/idena-wordpress-web.dev.imcr.dev\/#\/schema\/logo\/image\/\",\"url\":\"https:\/\/www.idena.fr\/wp-content\/uploads\/logo-idena-1.svg\",\"contentUrl\":\"https:\/\/www.idena.fr\/wp-content\/uploads\/logo-idena-1.svg\",\"width\":393,\"height\":106,\"caption\":\"Idena\"},\"image\":{\"@id\":\"https:\/\/idena-wordpress-web.dev.imcr.dev\/#\/schema\/logo\/image\/\"}}]}<\/script>\n<!-- \/ Yoast SEO plugin. -->","yoast_head_json":{"title":"Sfaturile noastre privind nutri\u021bia animalelor | Idena","description":"Informa\u0163ii Id sfaturi de specialitate privind nutri\u021bia animalelor. \u00cembun\u0103t\u0103\u021bi\u021bi bun\u0103starea \u0219i performan\u021ba animalelor dumneavoastr\u0103 cu solu\u021bii inovatoare \u0219i durabile.","robots":{"index":"index","follow":"follow","max-snippet":"max-snippet:-1","max-image-preview":"max-image-preview:large","max-video-preview":"max-video-preview:-1"},"canonical":"https:\/\/www.idena.fr\/ro\/idinfo\/","og_locale":"ro_RO","og_type":"article","og_title":"Sfaturile noastre privind nutri\u021bia animalelor | Idena","og_description":"Informa\u0163ii Id sfaturi de specialitate privind nutri\u021bia animalelor. \u00cembun\u0103t\u0103\u021bi\u021bi bun\u0103starea \u0219i performan\u021ba animalelor dumneavoastr\u0103 cu solu\u021bii inovatoare \u0219i durabile.","og_url":"https:\/\/www.idena.fr\/ro\/idinfo\/","og_site_name":"Idena","article_modified_time":"2025-02-24T15:29:27+00:00","twitter_card":"summary_large_image","twitter_misc":{"Timp estimat pentru citire":"1 minut"},"schema":{"@context":"https:\/\/schema.org","@graph":[{"@type":"WebPage","@id":"https:\/\/www.idena.fr\/ro\/idinfo\/","url":"https:\/\/www.idena.fr\/ro\/idinfo\/","name":"Sfaturile noastre privind nutri\u021bia animalelor | Idena","isPartOf":{"@id":"https:\/\/idena-wordpress-web.dev.imcr.dev\/#website"},"datePublished":"2024-08-12T08:13:10+00:00","dateModified":"2025-02-24T15:29:27+00:00","description":"Informa\u0163ii Id sfaturi de specialitate privind nutri\u021bia animalelor. \u00cembun\u0103t\u0103\u021bi\u021bi bun\u0103starea \u0219i performan\u021ba animalelor dumneavoastr\u0103 cu solu\u021bii inovatoare \u0219i durabile.","breadcrumb":{"@id":"https:\/\/www.idena.fr\/ro\/idinfo\/#breadcrumb"},"inLanguage":"ro-RO","potentialAction":[{"@type":"ReadAction","target":["https:\/\/www.idena.fr\/ro\/idinfo\/"]}]},{"@type":"BreadcrumbList","@id":"https:\/\/www.idena.fr\/ro\/idinfo\/#breadcrumb","itemListElement":[{"@type":"ListItem","position":1,"name":"Accueil","item":"https:\/\/www.idena.fr\/ro\/"},{"@type":"ListItem","position":2,"name":"Informa\u0163ii Id"}]},{"@type":"WebSite","@id":"https:\/\/idena-wordpress-web.dev.imcr.dev\/#website","url":"https:\/\/idena-wordpress-web.dev.imcr.dev\/","name":"Idena","description":"","publisher":{"@id":"https:\/\/idena-wordpress-web.dev.imcr.dev\/#organization"},"potentialAction":[{"@type":"SearchAction","target":{"@type":"EntryPoint","urlTemplate":"https:\/\/idena-wordpress-web.dev.imcr.dev\/?s={search_term_string}"},"query-input":{"@type":"PropertyValueSpecification","valueRequired":true,"valueName":"search_term_string"}}],"inLanguage":"ro-RO"},{"@type":"Organization","@id":"https:\/\/idena-wordpress-web.dev.imcr.dev\/#organization","name":"Idena","url":"https:\/\/idena-wordpress-web.dev.imcr.dev\/","logo":{"@type":"ImageObject","inLanguage":"ro-RO","@id":"https:\/\/idena-wordpress-web.dev.imcr.dev\/#\/schema\/logo\/image\/","url":"https:\/\/www.idena.fr\/wp-content\/uploads\/logo-idena-1.svg","contentUrl":"https:\/\/www.idena.fr\/wp-content\/uploads\/logo-idena-1.svg","width":393,"height":106,"caption":"Idena"},"image":{"@id":"https:\/\/idena-wordpress-web.dev.imcr.dev\/#\/schema\/logo\/image\/"}}]}},"mfb_rest_fields":["title","yoast_head","yoast_head_json"],"_links":{"self":[{"href":"https:\/\/www.idena.fr\/ro\/wp-json\/wp\/v2\/pages\/5109","targetHints":{"allow":["GET"]}}],"collection":[{"href":"https:\/\/www.idena.fr\/ro\/wp-json\/wp\/v2\/pages"}],"about":[{"href":"https:\/\/www.idena.fr\/ro\/wp-json\/wp\/v2\/types\/page"}],"author":[{"embeddable":true,"href":"https:\/\/www.idena.fr\/ro\/wp-json\/wp\/v2\/users\/1"}],"replies":[{"embeddable":true,"href":"https:\/\/www.idena.fr\/ro\/wp-json\/wp\/v2\/comments?post=5109"}],"version-history":[{"count":3,"href":"https:\/\/www.idena.fr\/ro\/wp-json\/wp\/v2\/pages\/5109\/revisions"}],"predecessor-version":[{"id":5433,"href":"https:\/\/www.idena.fr\/ro\/wp-json\/wp\/v2\/pages\/5109\/revisions\/5433"}],"wp:attachment":[{"href":"https:\/\/www.idena.fr\/ro\/wp-json\/wp\/v2\/media?parent=5109"}],"curies":[{"name":"wp","href":"https:\/\/api.w.org\/{rel}","templated":true}]}}