{"id":5120,"date":"2019-11-12T14:16:37","date_gmt":"2019-11-12T13:16:37","guid":{"rendered":"https:\/\/www.idena.fr\/?page_id=5120"},"modified":"2025-02-24T16:30:18","modified_gmt":"2025-02-24T15:30:18","slug":"informatii-juridice","status":"publish","type":"page","link":"https:\/\/www.idena.fr\/ro\/informatii-juridice\/","title":{"rendered":"Informa\u021bii juridice \u0219i confiden\u021bialitate"},"content":{"rendered":"\n<h1 class=\"wp-block-heading has-text-align-center \"><strong>Informa\u021bii juridice<\/strong><\/h1>\n\n\n\n<div class=\"wp-block-group aligncenter animate__fadeInUp animation-extend paused animate__animated\" style=\"border-radius:0\"><div class=\"wp-block-group__inner-container is-layout-constrained wp-block-group-is-layout-constrained\">\n<p><strong>Acest site este proprietatea IDENA<\/strong>, S.A.S.U. cu un capital de 220.000 \u20ac, RCS 402 299 549, cu sediul \u00een Sautron (Fran\u021ba).<\/p>\n\n\n\n<p>Diferitele nume de domeniu au fost rezervate \u00een conformitate cu dispozi\u021biile \u00een vigoare la AFNIC. Site-ul este realizat \u0219i g\u0103zduit de Images Cr\u00e9ations.&nbsp; \u00cen conformitate cu legisla\u021bia \u00een vigoare, ave\u021bi dreptul de a accesa, modifica, rectifica \u0219i \u0219terge orice date cu caracter personal care v\u0103 privesc, trimi\u021b\u00e2nd cererea dumneavoastr\u0103 exclusiv prin po\u0219t\u0103 la IDENA (adresa de mai jos). De asemenea, IDENA se angajeaz\u0103 s\u0103 ia toate m\u0103surile de precau\u021bie necesare pentru a proteja datele cu caracter personal prelucrate prin serviciile sale \u0219i, \u00een special, pentru a preveni denaturarea, deteriorarea sau comunicarea acestora c\u0103tre ter\u021bi neautoriza\u021bi.&nbsp; V\u0103 reamintim c\u0103 con\u021binutul acestui site poate fi modificat sau actualizat f\u0103r\u0103 notificare prealabil\u0103 \u0219i nu constituie \u00een niciun caz un angajament contractual.<\/p>\n\n\n\n<p>Orice link c\u0103tre acest site trebuie notificat \u00een prealabil prin e-mail, iar IDENA \u00ee\u0219i rezerv\u0103 dreptul de a solicita eliminarea linkului.&nbsp; Acest site constituie o oper\u0103 protejat\u0103 \u00een Fran\u021ba de Codul propriet\u0103\u021bii intelectuale, iar \u00een str\u0103in\u0103tate de conven\u021biile interna\u021bionale \u00een vigoare privind drepturile de autor.&nbsp; \u00cenc\u0103lcarea oric\u0103ruia dintre drepturile de autor asupra operei constituie o infrac\u021biune de contrafacere pedepsit\u0103, \u00een conformitate cu articolul L.335-2 din Codul francez al propriet\u0103\u021bii intelectuale, cu 2 ani de \u00eenchisoare \u0219i o amend\u0103 de 152.450 EUR.<\/p>\n\n\n\n<p>IDENA &#8211; capital de 220 000 EUR &#8211; RCS 402 299 549 Nantes &#8211; 21 rue du moulin &#8211; 44880 SAUTRON &#8211; Fran\u021ba<br><br><\/p>\n\n\n\n<p><strong>Toate drepturile rezervate &#8211; Reproducerea integral\u0103 sau par\u021bial\u0103 f\u0103r\u0103 autoriza\u021bie scris\u0103 este interzis\u0103.<\/strong><\/p>\n\n\n\n<p><em>Protec\u021bia datelor cu caracter personal<\/em><\/p>\n\n\n\n<p>Aceste date sunt utilizate exclusiv de c\u0103tre echipele companiei \u0219i nu sunt transmise ter\u021bilor. Datele sunt p\u0103strate timp de trei p\u00e2n\u0103 la cinci ani, \u00een func\u021bie de natura solicit\u0103rii sau contactului dvs. \u0219i p\u00e2n\u0103 c\u00e2nd v\u0103 dezabona\u021bi de la buletinul nostru informativ.<\/p>\n\n\n\n<p>\u00cen conformitate cu legisla\u021bia \u00een vigoare, ave\u021bi dreptul de a accesa, rectifica, porta, \u0219terge sau limita prelucrarea datelor dumneavoastr\u0103 cu caracter personal. V\u0103 pute\u021bi opune prelucr\u0103rii datelor dumneavoastr\u0103, pute\u021bi depune o pl\u00e2ngere la o autoritate de supraveghere \u0219i ave\u021bi dreptul de a v\u0103 retrage consim\u021b\u0103m\u00e2ntul \u00een orice moment, trimi\u021b\u00e2nd un e-mail la contact@idena.fr.<\/p>\n\n\n\n<p>Mai simplu, v\u0103 pute\u021bi dezabona definitiv de fiecare dat\u0103 c\u00e2nd primi\u021bi un e-mail, f\u0103c\u00e2nd clic pe link-ul de dezabonare din partea de jos a paginii. Astfel, nu ve\u021bi mai primi nicio comunicare automat\u0103 din partea noastr\u0103, nici alerte de securitate sau informa\u021bii despre clien\u021bi, dac\u0103 sunte\u021bi client.<\/p>\n\n\n\n<p>La fel ca marea majoritate a site-urilor web, pe acest site sunt utilizate module cookie. Acestea sunt utilizate pentru a optimiza experien\u021ba utilizatorului, dar pot fi utilizate \u0219i ca parte a campaniilor punctuale de remarketing. Acestea sunt p\u0103strate pentru o perioad\u0103 de maximum 12 luni. Ave\u021bi op\u021biunea de a refuza utilizarea lor atunci c\u00e2nd accesa\u021bi pentru prima dat\u0103 o pagin\u0103 de pe site-ul nostru prin intermediul unui banner de informare. De asemenea, pute\u021bi refuza utilizarea lor \u00een orice moment prin selectarea set\u0103rilor corespunz\u0103toare ale browserului dumneavoastr\u0103.<\/p>\n\n\n\n<div class=\"wp-block-ic-blocks-responsive-spacer\"><div style=\"height:100px\"><\/div><div style=\"height:50px\"><\/div><\/div>\n<\/div><\/div>\n","protected":false},"excerpt":{"rendered":"<p>Informa\u021bii juridice Acest site este proprietatea IDENA, S.A.S.U. cu un capital de 220.000 \u20ac, RCS 402 299 549, cu sediul \u00een Sautron (Fran\u021ba). Diferitele nume de domeniu au fost rezervate \u00een conformitate cu dispozi\u021biile \u00een vigoare la AFNIC. Site-ul este realizat \u0219i g\u0103zduit de Images Cr\u00e9ations.&nbsp; \u00cen conformitate cu legisla\u021bia \u00een vigoare, ave\u021bi dreptul de [&hellip;]<\/p>\n","protected":false},"author":1,"featured_media":0,"parent":0,"menu_order":0,"comment_status":"closed","ping_status":"closed","template":"","meta":{"_acf_changed":false,"inline_featured_image":false,"footnotes":""},"class_list":["post-5120","page","type-page","status-publish","hentry"],"acf":[],"mb":[],"yoast_head":"<!-- This site is optimized with the Yoast SEO plugin v27.0 - https:\/\/yoast.com\/product\/yoast-seo-wordpress\/ -->\n<title>Informa\u021bii juridice \u0219i confiden\u021bialitate | Idena<\/title>\n<meta name=\"description\" content=\"Informa\u021bii juridice Acest site este proprietatea IDENA, S.A.S.U. cu un capital de 220.000 \u20ac, RCS 402 299 549, cu sediul \u00een Sautron (Fran\u021ba). Diferitele\" \/>\n<meta name=\"robots\" content=\"index, follow, max-snippet:-1, max-image-preview:large, max-video-preview:-1\" \/>\n<link rel=\"canonical\" href=\"https:\/\/www.idena.fr\/ro\/informatii-juridice\/\" \/>\n<meta property=\"og:locale\" content=\"ro_RO\" \/>\n<meta property=\"og:type\" content=\"article\" \/>\n<meta property=\"og:title\" content=\"Informa\u021bii juridice \u0219i confiden\u021bialitate | Idena\" \/>\n<meta property=\"og:description\" content=\"Informa\u021bii juridice Acest site este proprietatea IDENA, S.A.S.U. cu un capital de 220.000 \u20ac, RCS 402 299 549, cu sediul \u00een Sautron (Fran\u021ba). Diferitele\" \/>\n<meta property=\"og:url\" content=\"https:\/\/www.idena.fr\/ro\/informatii-juridice\/\" \/>\n<meta property=\"og:site_name\" content=\"Idena\" \/>\n<meta property=\"article:modified_time\" content=\"2025-02-24T15:30:18+00:00\" \/>\n<meta name=\"twitter:card\" content=\"summary_large_image\" \/>\n<meta name=\"twitter:label1\" content=\"Timp estimat pentru citire\" \/>\n\t<meta name=\"twitter:data1\" content=\"3 minute\" \/>\n<script type=\"application\/ld+json\" class=\"yoast-schema-graph\">{\"@context\":\"https:\/\/schema.org\",\"@graph\":[{\"@type\":\"WebPage\",\"@id\":\"https:\/\/www.idena.fr\/ro\/informatii-juridice\/\",\"url\":\"https:\/\/www.idena.fr\/ro\/informatii-juridice\/\",\"name\":\"Informa\u021bii juridice \u0219i confiden\u021bialitate | Idena\",\"isPartOf\":{\"@id\":\"https:\/\/idena-wordpress-web.dev.imcr.dev\/#website\"},\"datePublished\":\"2019-11-12T13:16:37+00:00\",\"dateModified\":\"2025-02-24T15:30:18+00:00\",\"description\":\"Informa\u021bii juridice Acest site este proprietatea IDENA, S.A.S.U. cu un capital de 220.000 \u20ac, RCS 402 299 549, cu sediul \u00een Sautron (Fran\u021ba). Diferitele\",\"breadcrumb\":{\"@id\":\"https:\/\/www.idena.fr\/ro\/informatii-juridice\/#breadcrumb\"},\"inLanguage\":\"ro-RO\",\"potentialAction\":[{\"@type\":\"ReadAction\",\"target\":[\"https:\/\/www.idena.fr\/ro\/informatii-juridice\/\"]}]},{\"@type\":\"BreadcrumbList\",\"@id\":\"https:\/\/www.idena.fr\/ro\/informatii-juridice\/#breadcrumb\",\"itemListElement\":[{\"@type\":\"ListItem\",\"position\":1,\"name\":\"Accueil\",\"item\":\"https:\/\/www.idena.fr\/ro\/\"},{\"@type\":\"ListItem\",\"position\":2,\"name\":\"Informa\u021bii juridice \u0219i confiden\u021bialitate\"}]},{\"@type\":\"WebSite\",\"@id\":\"https:\/\/idena-wordpress-web.dev.imcr.dev\/#website\",\"url\":\"https:\/\/idena-wordpress-web.dev.imcr.dev\/\",\"name\":\"Idena\",\"description\":\"\",\"publisher\":{\"@id\":\"https:\/\/idena-wordpress-web.dev.imcr.dev\/#organization\"},\"potentialAction\":[{\"@type\":\"SearchAction\",\"target\":{\"@type\":\"EntryPoint\",\"urlTemplate\":\"https:\/\/idena-wordpress-web.dev.imcr.dev\/?s={search_term_string}\"},\"query-input\":{\"@type\":\"PropertyValueSpecification\",\"valueRequired\":true,\"valueName\":\"search_term_string\"}}],\"inLanguage\":\"ro-RO\"},{\"@type\":\"Organization\",\"@id\":\"https:\/\/idena-wordpress-web.dev.imcr.dev\/#organization\",\"name\":\"Idena\",\"url\":\"https:\/\/idena-wordpress-web.dev.imcr.dev\/\",\"logo\":{\"@type\":\"ImageObject\",\"inLanguage\":\"ro-RO\",\"@id\":\"https:\/\/idena-wordpress-web.dev.imcr.dev\/#\/schema\/logo\/image\/\",\"url\":\"https:\/\/www.idena.fr\/wp-content\/uploads\/logo-idena-1.svg\",\"contentUrl\":\"https:\/\/www.idena.fr\/wp-content\/uploads\/logo-idena-1.svg\",\"width\":393,\"height\":106,\"caption\":\"Idena\"},\"image\":{\"@id\":\"https:\/\/idena-wordpress-web.dev.imcr.dev\/#\/schema\/logo\/image\/\"}}]}<\/script>\n<!-- \/ Yoast SEO plugin. -->","yoast_head_json":{"title":"Informa\u021bii juridice \u0219i confiden\u021bialitate | Idena","description":"Informa\u021bii juridice Acest site este proprietatea IDENA, S.A.S.U. cu un capital de 220.000 \u20ac, RCS 402 299 549, cu sediul \u00een Sautron (Fran\u021ba). Diferitele","robots":{"index":"index","follow":"follow","max-snippet":"max-snippet:-1","max-image-preview":"max-image-preview:large","max-video-preview":"max-video-preview:-1"},"canonical":"https:\/\/www.idena.fr\/ro\/informatii-juridice\/","og_locale":"ro_RO","og_type":"article","og_title":"Informa\u021bii juridice \u0219i confiden\u021bialitate | Idena","og_description":"Informa\u021bii juridice Acest site este proprietatea IDENA, S.A.S.U. cu un capital de 220.000 \u20ac, RCS 402 299 549, cu sediul \u00een Sautron (Fran\u021ba). Diferitele","og_url":"https:\/\/www.idena.fr\/ro\/informatii-juridice\/","og_site_name":"Idena","article_modified_time":"2025-02-24T15:30:18+00:00","twitter_card":"summary_large_image","twitter_misc":{"Timp estimat pentru citire":"3 minute"},"schema":{"@context":"https:\/\/schema.org","@graph":[{"@type":"WebPage","@id":"https:\/\/www.idena.fr\/ro\/informatii-juridice\/","url":"https:\/\/www.idena.fr\/ro\/informatii-juridice\/","name":"Informa\u021bii juridice \u0219i confiden\u021bialitate | Idena","isPartOf":{"@id":"https:\/\/idena-wordpress-web.dev.imcr.dev\/#website"},"datePublished":"2019-11-12T13:16:37+00:00","dateModified":"2025-02-24T15:30:18+00:00","description":"Informa\u021bii juridice Acest site este proprietatea IDENA, S.A.S.U. cu un capital de 220.000 \u20ac, RCS 402 299 549, cu sediul \u00een Sautron (Fran\u021ba). Diferitele","breadcrumb":{"@id":"https:\/\/www.idena.fr\/ro\/informatii-juridice\/#breadcrumb"},"inLanguage":"ro-RO","potentialAction":[{"@type":"ReadAction","target":["https:\/\/www.idena.fr\/ro\/informatii-juridice\/"]}]},{"@type":"BreadcrumbList","@id":"https:\/\/www.idena.fr\/ro\/informatii-juridice\/#breadcrumb","itemListElement":[{"@type":"ListItem","position":1,"name":"Accueil","item":"https:\/\/www.idena.fr\/ro\/"},{"@type":"ListItem","position":2,"name":"Informa\u021bii juridice \u0219i confiden\u021bialitate"}]},{"@type":"WebSite","@id":"https:\/\/idena-wordpress-web.dev.imcr.dev\/#website","url":"https:\/\/idena-wordpress-web.dev.imcr.dev\/","name":"Idena","description":"","publisher":{"@id":"https:\/\/idena-wordpress-web.dev.imcr.dev\/#organization"},"potentialAction":[{"@type":"SearchAction","target":{"@type":"EntryPoint","urlTemplate":"https:\/\/idena-wordpress-web.dev.imcr.dev\/?s={search_term_string}"},"query-input":{"@type":"PropertyValueSpecification","valueRequired":true,"valueName":"search_term_string"}}],"inLanguage":"ro-RO"},{"@type":"Organization","@id":"https:\/\/idena-wordpress-web.dev.imcr.dev\/#organization","name":"Idena","url":"https:\/\/idena-wordpress-web.dev.imcr.dev\/","logo":{"@type":"ImageObject","inLanguage":"ro-RO","@id":"https:\/\/idena-wordpress-web.dev.imcr.dev\/#\/schema\/logo\/image\/","url":"https:\/\/www.idena.fr\/wp-content\/uploads\/logo-idena-1.svg","contentUrl":"https:\/\/www.idena.fr\/wp-content\/uploads\/logo-idena-1.svg","width":393,"height":106,"caption":"Idena"},"image":{"@id":"https:\/\/idena-wordpress-web.dev.imcr.dev\/#\/schema\/logo\/image\/"}}]}},"mfb_rest_fields":["title","yoast_head","yoast_head_json"],"_links":{"self":[{"href":"https:\/\/www.idena.fr\/ro\/wp-json\/wp\/v2\/pages\/5120","targetHints":{"allow":["GET"]}}],"collection":[{"href":"https:\/\/www.idena.fr\/ro\/wp-json\/wp\/v2\/pages"}],"about":[{"href":"https:\/\/www.idena.fr\/ro\/wp-json\/wp\/v2\/types\/page"}],"author":[{"embeddable":true,"href":"https:\/\/www.idena.fr\/ro\/wp-json\/wp\/v2\/users\/1"}],"replies":[{"embeddable":true,"href":"https:\/\/www.idena.fr\/ro\/wp-json\/wp\/v2\/comments?post=5120"}],"version-history":[{"count":2,"href":"https:\/\/www.idena.fr\/ro\/wp-json\/wp\/v2\/pages\/5120\/revisions"}],"predecessor-version":[{"id":5228,"href":"https:\/\/www.idena.fr\/ro\/wp-json\/wp\/v2\/pages\/5120\/revisions\/5228"}],"wp:attachment":[{"href":"https:\/\/www.idena.fr\/ro\/wp-json\/wp\/v2\/media?parent=5120"}],"curies":[{"name":"wp","href":"https:\/\/api.w.org\/{rel}","templated":true}]}}