{"id":5128,"date":"2024-08-09T16:45:18","date_gmt":"2024-08-09T14:45:18","guid":{"rendered":"https:\/\/www.idena.fr\/?page_id=5128"},"modified":"2025-02-21T09:45:11","modified_gmt":"2025-02-21T08:45:11","slug":"fabricarea","status":"publish","type":"page","link":"https:\/\/www.idena.fr\/ro\/expertiza-noastra\/fabricarea\/","title":{"rendered":"Fabricarea"},"content":{"rendered":"\n<div class=\"wp-block-group alignwide header-page has-primary-10-background-color has-background animate__fadeInUp animation-extend paused animate__animated\" style=\"padding-top:0;padding-bottom:0;border-radius:0\"><div class=\"wp-block-group__inner-container is-layout-constrained wp-block-group-is-layout-constrained\">\n<div class=\"wp-block-media-text alignwide has-media-on-the-right is-stacked-on-mobile is-image-fill reverse-mobile\"><div class=\"wp-block-media-text__content\">\n<div class=\"wp-block-group animate__fadeInUp animation-extend paused animate__animated\" style=\"border-radius:0\"><div class=\"wp-block-group__inner-container is-layout-constrained wp-block-group-is-layout-constrained\">\n<h1 class=\"wp-block-heading has-neutral-100-color has-text-color has-link-color icone-seedling wp-elements-0cbfaa01932a1feeb678fe4d2a982a11\"><mark style=\"background-color:rgba(0, 0, 0, 0)\" class=\"has-inline-color has-secondary-30-color\">IDENA PRODUCTION<\/mark>, un proces industrial unic de ultim\u0103 genera\u021bie<\/h1>\n\n\n\n<p class=\"is-style-intro has-neutral-60-color has-text-color has-link-color wp-elements-3df54a93b26d4066d290da6204825848\">Construit\u0103 \u00een 2001, fabrica noastr\u0103 IDENA PRODUCTION din Pontch\u00e2teau (44) &#8211; Fran\u0163a, este \u00eentruchiparea spiritului inovator al companiei.&nbsp;<br><br>Fidel\u0103 ideii noastre de a lucra pentru <strong>nutri\u021bia animalelor \u00eentr-un mod diferit<\/strong>, ni s-a p\u0103rut evident s\u0103 proiect\u0103m fabrica ca atare.<br><br>Am luat decizia \u00eendr\u0103znea\u021b\u0103 de a concepe procesul nostru industrial dup\u0103 modelul industriei farmaceutice, cu constr\u00e2ngerile sale sanitare \u0219i controalele extrem de precise.<br><br>Cu o experien\u021b\u0103 de peste 20 de ani, eficien\u021ba acestui proces,&nbsp;<strong>unic<\/strong>&nbsp;<strong>\u00een Fran\u0163a<\/strong>, este bine stabilit\u0103.<br><br>Din 2001, facilit\u0103\u021bile noastre de produc\u021bie au fost extinse \u00een 2 r\u00e2nduri pentru a ne asigura c\u0103 partenerii no\u0219tri pot continua s\u0103 aprecieze capacitatea noastr\u0103 de reac\u021bie.<\/p>\n\n\n\n<p class=\"is-style-intro has-neutral-60-color has-text-color has-link-color wp-elements-8c18e0637c7ae7a0d712f39bf4aee993\"><br><\/p>\n<\/div><\/div>\n<\/div><figure class=\"wp-block-media-text__media\" style=\"background-image:url(https:\/\/www.idena.fr\/wp-content\/uploads\/header-1-4.jpg);background-position:50% 50%\"><img loading=\"lazy\" decoding=\"async\" width=\"1300\" height=\"731\" src=\"https:\/\/www.idena.fr\/wp-content\/uploads\/header-1-4.jpg\" alt=\"IDENA PRODUCTION Usine de fabrication technologie \" class=\"wp-image-3514 size-full\" srcset=\"https:\/\/www.idena.fr\/wp-content\/uploads\/header-1-4.jpg 1300w, https:\/\/www.idena.fr\/wp-content\/uploads\/header-1-4-768x432.jpg 768w\" sizes=\"auto, (max-width: 1300px) 100vw, 1300px\" \/><\/figure><\/div>\n<\/div><\/div>\n\n\n\n<div class=\"wp-block-ic-blocks-responsive-spacer\"><div style=\"height:100px\"><\/div><div style=\"height:50px\"><\/div><\/div>\n\n\n\n<div class=\"wp-block-media-text is-stacked-on-mobile \"><figure class=\"wp-block-media-text__media\"><img loading=\"lazy\" decoding=\"async\" width=\"1300\" height=\"732\" src=\"https:\/\/www.idena.fr\/wp-content\/uploads\/usine-de-premelanges.jpg\" alt=\"idena production usine de premelanges\" class=\"wp-image-3515 size-full\" srcset=\"https:\/\/www.idena.fr\/wp-content\/uploads\/usine-de-premelanges.jpg 1300w, https:\/\/www.idena.fr\/wp-content\/uploads\/usine-de-premelanges-768x432.jpg 768w\" sizes=\"auto, (max-width: 1300px) 100vw, 1300px\" \/><\/figure><div class=\"wp-block-media-text__content\">\n<div class=\"wp-block-group animate__fadeInUp animation-extend paused animate__animated\" style=\"border-radius:0\"><div class=\"wp-block-group__inner-container is-layout-constrained wp-block-group-is-layout-constrained\">\n<h2 class=\"wp-block-heading \">Fabrica de premixuri, expertiza noastr\u0103 de v\u00e2rf&nbsp;<\/h2>\n\n\n\n<p>Fabrica noastr\u0103 inovatoare de premixuri \u0219i specialit\u0103\u021bi beneficiaz\u0103 de o tehnologie inspirat\u0103 din industria farmaceutic\u0103, unde&nbsp;<strong>precizia, omogenitatea<\/strong>&nbsp;\u015fi&nbsp;<strong>absen\u021ba contamin\u0103rii \u00eencruci\u0219ate<\/strong>, sunt punctele forte ale tehnologiei noastre.<\/p>\n\n\n\n<p>De fapt, IDENA are propriul s\u0103u proces de siguran\u021b\u0103 numit IAS* (IDENA Secure Application),&nbsp;<strong>cre\u00e2nd o ruptur\u0103 tehnologic\u0103 cu instala\u021biile conven\u021bionale de premixuri.<\/strong>&nbsp;<br>\u2022 Proces f\u0103r\u0103 conducte pentru a preveni contaminarea \u00eencruci\u0219at\u0103,<br>\u2022 Dozare precis\u0103 datorit\u0103 tehnologiei noastre de ultim\u0103 or\u0103,<br>\u2022 Control \u00een fiecare etap\u0103 a procesului, datorit\u0103 tehnologiei noastre RFID,<br>\u2022 Sp\u0103larea obligatorie a recipientelor \u00eentre fiecare utilizare.<\/p>\n\n\n\n<p>Am ad\u0103ugat o linie extrem de sigur\u0103 pentru produse \u0219i canale specifice.<\/p>\n<\/div><\/div>\n<\/div><\/div>\n\n\n\n<div class=\"wp-block-ic-blocks-responsive-spacer\"><div style=\"height:60px\"><\/div><div style=\"height:30px\"><\/div><\/div>\n\n\n\n<div class=\"wp-block-media-text has-media-on-the-right is-stacked-on-mobile \"><div class=\"wp-block-media-text__content\">\n<div class=\"wp-block-group animate__fadeInUp animation-extend paused animate__animated\" style=\"border-radius:0\"><div class=\"wp-block-group__inner-container is-layout-constrained wp-block-group-is-layout-constrained\">\n<h2 class=\"wp-block-heading \">Ultima noastr\u0103 tehnologie \u00een ac\u021biune<\/h2>\n\n\n\n<p>\u00cen ultimii c\u00e2\u021biva ani, am dezvoltat o tehnologie nou\u0103 \u0219i disruptiv\u0103 al c\u0103rei proprietar suntem.&nbsp;<\/p>\n\n\n\n<p>ECHV este o tehnologie exclusiv\u0103 de microemulsie care utilizeaz\u0103 un omogenizator cu agitare ridicat\u0103. Aceast\u0103 tehnologie ne permite s\u0103 producem produse lichide \u00een fabrica noastr\u0103 inovatoare IDENA PRODUCTION. &nbsp;<\/p>\n\n\n\n<p>Optimizarea raportului doz\u0103 de ingredient activ\/eficacitate a produselor noastre este unul dintre avantajele majore ale tehnologiei ECHV dezvoltate pentru noua noastr\u0103 linie de produse lichide.<\/p>\n\n\n\n<p>O piatr\u0103 de hotar pe drumul c\u0103tre utilizarea mai eficient\u0103 a resurselor naturale, respect\u00e2nd \u00een acela\u0219i timp echilibrul digestiv al animalelor.<\/p>\n\n\n\n<p>Tehnologia ECHV este utilizat\u0103 \u00een toate produsele noastre alternative, pulberi \u0219i lichide.<\/p>\n<\/div><\/div>\n<\/div><figure class=\"wp-block-media-text__media\"><img loading=\"lazy\" decoding=\"async\" width=\"1066\" height=\"546\" src=\"https:\/\/www.idena.fr\/wp-content\/uploads\/technologie-echv-idena-e1725874900284.jpg\" alt=\"idena production technologie echv homogeneite \" class=\"wp-image-3516 size-full\" srcset=\"https:\/\/www.idena.fr\/wp-content\/uploads\/technologie-echv-idena-e1725874900284.jpg 1066w, https:\/\/www.idena.fr\/wp-content\/uploads\/technologie-echv-idena-e1725874900284-768x393.jpg 768w\" sizes=\"auto, (max-width: 1066px) 100vw, 1066px\" \/><\/figure><\/div>\n\n\n\n<div class=\"wp-block-ic-blocks-responsive-spacer\"><div style=\"height:100px\"><\/div><div style=\"height:50px\"><\/div><\/div>\n","protected":false},"excerpt":{"rendered":"<p>IDENA PRODUCTION, un proces industrial unic de ultim\u0103 genera\u021bie Construit\u0103 \u00een 2001, fabrica noastr\u0103 IDENA PRODUCTION din Pontch\u00e2teau (44) &#8211; Fran\u0163a, este \u00eentruchiparea spiritului inovator al companiei.&nbsp; Fidel\u0103 ideii noastre de a lucra pentru nutri\u021bia animalelor \u00eentr-un mod diferit, ni s-a p\u0103rut evident s\u0103 proiect\u0103m fabrica ca atare. Am luat decizia \u00eendr\u0103znea\u021b\u0103 de a concepe [&hellip;]<\/p>\n","protected":false},"author":1,"featured_media":0,"parent":5221,"menu_order":0,"comment_status":"closed","ping_status":"closed","template":"","meta":{"_acf_changed":false,"inline_featured_image":false,"footnotes":""},"class_list":["post-5128","page","type-page","status-publish","hentry"],"acf":[],"mb":[],"yoast_head":"<!-- This site is optimized with the Yoast SEO plugin v27.0 - https:\/\/yoast.com\/product\/yoast-seo-wordpress\/ -->\n<title>IDENA PRODUCTION: Plante inovatoare pentru nutri\u021bia animalelor | Idena<\/title>\n<meta name=\"description\" content=\"Descoperi\u021bi fabrica noastr\u0103 inovatoare din Fran\u021ba, care combin\u0103 tehnologia farmaceutic\u0103 \u0219i precizia pentru premixuri \u0219i produse lichide.\" \/>\n<meta name=\"robots\" content=\"index, follow, max-snippet:-1, max-image-preview:large, max-video-preview:-1\" \/>\n<link rel=\"canonical\" href=\"https:\/\/www.idena.fr\/ro\/expertiza-noastra\/fabricarea\/\" \/>\n<meta property=\"og:locale\" content=\"ro_RO\" \/>\n<meta property=\"og:type\" content=\"article\" \/>\n<meta property=\"og:title\" content=\"IDENA PRODUCTION: Plante inovatoare pentru nutri\u021bia animalelor | Idena\" \/>\n<meta property=\"og:description\" content=\"Descoperi\u021bi fabrica noastr\u0103 inovatoare din Fran\u021ba, care combin\u0103 tehnologia farmaceutic\u0103 \u0219i precizia pentru premixuri \u0219i produse lichide.\" \/>\n<meta property=\"og:url\" content=\"https:\/\/www.idena.fr\/ro\/expertiza-noastra\/fabricarea\/\" \/>\n<meta property=\"og:site_name\" content=\"Idena\" \/>\n<meta property=\"article:modified_time\" content=\"2025-02-21T08:45:11+00:00\" \/>\n<meta property=\"og:image\" content=\"https:\/\/www.idena.fr\/wp-content\/uploads\/header-1-4.jpg\" \/>\n\t<meta property=\"og:image:width\" content=\"1300\" \/>\n\t<meta property=\"og:image:height\" content=\"731\" \/>\n\t<meta property=\"og:image:type\" content=\"image\/jpeg\" \/>\n<meta name=\"twitter:card\" content=\"summary_large_image\" \/>\n<meta name=\"twitter:label1\" content=\"Timp estimat pentru citire\" \/>\n\t<meta name=\"twitter:data1\" content=\"3 minute\" \/>\n<script type=\"application\/ld+json\" class=\"yoast-schema-graph\">{\"@context\":\"https:\/\/schema.org\",\"@graph\":[{\"@type\":\"WebPage\",\"@id\":\"https:\/\/www.idena.fr\/ro\/expertiza-noastra\/fabricarea\/\",\"url\":\"https:\/\/www.idena.fr\/ro\/expertiza-noastra\/fabricarea\/\",\"name\":\"IDENA PRODUCTION: Plante inovatoare pentru nutri\u021bia animalelor | Idena\",\"isPartOf\":{\"@id\":\"https:\/\/idena-wordpress-web.dev.imcr.dev\/#website\"},\"primaryImageOfPage\":{\"@id\":\"https:\/\/www.idena.fr\/ro\/expertiza-noastra\/fabricarea\/#primaryimage\"},\"image\":{\"@id\":\"https:\/\/www.idena.fr\/ro\/expertiza-noastra\/fabricarea\/#primaryimage\"},\"thumbnailUrl\":\"https:\/\/www.idena.fr\/wp-content\/uploads\/header-1-4.jpg\",\"datePublished\":\"2024-08-09T14:45:18+00:00\",\"dateModified\":\"2025-02-21T08:45:11+00:00\",\"description\":\"Descoperi\u021bi fabrica noastr\u0103 inovatoare din Fran\u021ba, care combin\u0103 tehnologia farmaceutic\u0103 \u0219i precizia pentru premixuri \u0219i produse lichide.\",\"breadcrumb\":{\"@id\":\"https:\/\/www.idena.fr\/ro\/expertiza-noastra\/fabricarea\/#breadcrumb\"},\"inLanguage\":\"ro-RO\",\"potentialAction\":[{\"@type\":\"ReadAction\",\"target\":[\"https:\/\/www.idena.fr\/ro\/expertiza-noastra\/fabricarea\/\"]}]},{\"@type\":\"ImageObject\",\"inLanguage\":\"ro-RO\",\"@id\":\"https:\/\/www.idena.fr\/ro\/expertiza-noastra\/fabricarea\/#primaryimage\",\"url\":\"https:\/\/www.idena.fr\/wp-content\/uploads\/header-1-4.jpg\",\"contentUrl\":\"https:\/\/www.idena.fr\/wp-content\/uploads\/header-1-4.jpg\"},{\"@type\":\"BreadcrumbList\",\"@id\":\"https:\/\/www.idena.fr\/ro\/expertiza-noastra\/fabricarea\/#breadcrumb\",\"itemListElement\":[{\"@type\":\"ListItem\",\"position\":1,\"name\":\"Accueil\",\"item\":\"https:\/\/www.idena.fr\/ro\/\"},{\"@type\":\"ListItem\",\"position\":2,\"name\":\"Expertiza noastr\u0103\",\"item\":\"https:\/\/www.idena.fr\/ro\/expertiza-noastra\/\"},{\"@type\":\"ListItem\",\"position\":3,\"name\":\"Fabricarea\"}]},{\"@type\":\"WebSite\",\"@id\":\"https:\/\/idena-wordpress-web.dev.imcr.dev\/#website\",\"url\":\"https:\/\/idena-wordpress-web.dev.imcr.dev\/\",\"name\":\"Idena\",\"description\":\"\",\"publisher\":{\"@id\":\"https:\/\/idena-wordpress-web.dev.imcr.dev\/#organization\"},\"potentialAction\":[{\"@type\":\"SearchAction\",\"target\":{\"@type\":\"EntryPoint\",\"urlTemplate\":\"https:\/\/idena-wordpress-web.dev.imcr.dev\/?s={search_term_string}\"},\"query-input\":{\"@type\":\"PropertyValueSpecification\",\"valueRequired\":true,\"valueName\":\"search_term_string\"}}],\"inLanguage\":\"ro-RO\"},{\"@type\":\"Organization\",\"@id\":\"https:\/\/idena-wordpress-web.dev.imcr.dev\/#organization\",\"name\":\"Idena\",\"url\":\"https:\/\/idena-wordpress-web.dev.imcr.dev\/\",\"logo\":{\"@type\":\"ImageObject\",\"inLanguage\":\"ro-RO\",\"@id\":\"https:\/\/idena-wordpress-web.dev.imcr.dev\/#\/schema\/logo\/image\/\",\"url\":\"https:\/\/www.idena.fr\/wp-content\/uploads\/logo-idena-1.svg\",\"contentUrl\":\"https:\/\/www.idena.fr\/wp-content\/uploads\/logo-idena-1.svg\",\"width\":393,\"height\":106,\"caption\":\"Idena\"},\"image\":{\"@id\":\"https:\/\/idena-wordpress-web.dev.imcr.dev\/#\/schema\/logo\/image\/\"}}]}<\/script>\n<!-- \/ Yoast SEO plugin. -->","yoast_head_json":{"title":"IDENA PRODUCTION: Plante inovatoare pentru nutri\u021bia animalelor | Idena","description":"Descoperi\u021bi fabrica noastr\u0103 inovatoare din Fran\u021ba, care combin\u0103 tehnologia farmaceutic\u0103 \u0219i precizia pentru premixuri \u0219i produse lichide.","robots":{"index":"index","follow":"follow","max-snippet":"max-snippet:-1","max-image-preview":"max-image-preview:large","max-video-preview":"max-video-preview:-1"},"canonical":"https:\/\/www.idena.fr\/ro\/expertiza-noastra\/fabricarea\/","og_locale":"ro_RO","og_type":"article","og_title":"IDENA PRODUCTION: Plante inovatoare pentru nutri\u021bia animalelor | Idena","og_description":"Descoperi\u021bi fabrica noastr\u0103 inovatoare din Fran\u021ba, care combin\u0103 tehnologia farmaceutic\u0103 \u0219i precizia pentru premixuri \u0219i produse lichide.","og_url":"https:\/\/www.idena.fr\/ro\/expertiza-noastra\/fabricarea\/","og_site_name":"Idena","article_modified_time":"2025-02-21T08:45:11+00:00","og_image":[{"width":1300,"height":731,"url":"https:\/\/www.idena.fr\/wp-content\/uploads\/header-1-4.jpg","type":"image\/jpeg"}],"twitter_card":"summary_large_image","twitter_misc":{"Timp estimat pentru citire":"3 minute"},"schema":{"@context":"https:\/\/schema.org","@graph":[{"@type":"WebPage","@id":"https:\/\/www.idena.fr\/ro\/expertiza-noastra\/fabricarea\/","url":"https:\/\/www.idena.fr\/ro\/expertiza-noastra\/fabricarea\/","name":"IDENA PRODUCTION: Plante inovatoare pentru nutri\u021bia animalelor | Idena","isPartOf":{"@id":"https:\/\/idena-wordpress-web.dev.imcr.dev\/#website"},"primaryImageOfPage":{"@id":"https:\/\/www.idena.fr\/ro\/expertiza-noastra\/fabricarea\/#primaryimage"},"image":{"@id":"https:\/\/www.idena.fr\/ro\/expertiza-noastra\/fabricarea\/#primaryimage"},"thumbnailUrl":"https:\/\/www.idena.fr\/wp-content\/uploads\/header-1-4.jpg","datePublished":"2024-08-09T14:45:18+00:00","dateModified":"2025-02-21T08:45:11+00:00","description":"Descoperi\u021bi fabrica noastr\u0103 inovatoare din Fran\u021ba, care combin\u0103 tehnologia farmaceutic\u0103 \u0219i precizia pentru premixuri \u0219i produse lichide.","breadcrumb":{"@id":"https:\/\/www.idena.fr\/ro\/expertiza-noastra\/fabricarea\/#breadcrumb"},"inLanguage":"ro-RO","potentialAction":[{"@type":"ReadAction","target":["https:\/\/www.idena.fr\/ro\/expertiza-noastra\/fabricarea\/"]}]},{"@type":"ImageObject","inLanguage":"ro-RO","@id":"https:\/\/www.idena.fr\/ro\/expertiza-noastra\/fabricarea\/#primaryimage","url":"https:\/\/www.idena.fr\/wp-content\/uploads\/header-1-4.jpg","contentUrl":"https:\/\/www.idena.fr\/wp-content\/uploads\/header-1-4.jpg"},{"@type":"BreadcrumbList","@id":"https:\/\/www.idena.fr\/ro\/expertiza-noastra\/fabricarea\/#breadcrumb","itemListElement":[{"@type":"ListItem","position":1,"name":"Accueil","item":"https:\/\/www.idena.fr\/ro\/"},{"@type":"ListItem","position":2,"name":"Expertiza noastr\u0103","item":"https:\/\/www.idena.fr\/ro\/expertiza-noastra\/"},{"@type":"ListItem","position":3,"name":"Fabricarea"}]},{"@type":"WebSite","@id":"https:\/\/idena-wordpress-web.dev.imcr.dev\/#website","url":"https:\/\/idena-wordpress-web.dev.imcr.dev\/","name":"Idena","description":"","publisher":{"@id":"https:\/\/idena-wordpress-web.dev.imcr.dev\/#organization"},"potentialAction":[{"@type":"SearchAction","target":{"@type":"EntryPoint","urlTemplate":"https:\/\/idena-wordpress-web.dev.imcr.dev\/?s={search_term_string}"},"query-input":{"@type":"PropertyValueSpecification","valueRequired":true,"valueName":"search_term_string"}}],"inLanguage":"ro-RO"},{"@type":"Organization","@id":"https:\/\/idena-wordpress-web.dev.imcr.dev\/#organization","name":"Idena","url":"https:\/\/idena-wordpress-web.dev.imcr.dev\/","logo":{"@type":"ImageObject","inLanguage":"ro-RO","@id":"https:\/\/idena-wordpress-web.dev.imcr.dev\/#\/schema\/logo\/image\/","url":"https:\/\/www.idena.fr\/wp-content\/uploads\/logo-idena-1.svg","contentUrl":"https:\/\/www.idena.fr\/wp-content\/uploads\/logo-idena-1.svg","width":393,"height":106,"caption":"Idena"},"image":{"@id":"https:\/\/idena-wordpress-web.dev.imcr.dev\/#\/schema\/logo\/image\/"}}]}},"mfb_rest_fields":["title","yoast_head","yoast_head_json"],"_links":{"self":[{"href":"https:\/\/www.idena.fr\/ro\/wp-json\/wp\/v2\/pages\/5128","targetHints":{"allow":["GET"]}}],"collection":[{"href":"https:\/\/www.idena.fr\/ro\/wp-json\/wp\/v2\/pages"}],"about":[{"href":"https:\/\/www.idena.fr\/ro\/wp-json\/wp\/v2\/types\/page"}],"author":[{"embeddable":true,"href":"https:\/\/www.idena.fr\/ro\/wp-json\/wp\/v2\/users\/1"}],"replies":[{"embeddable":true,"href":"https:\/\/www.idena.fr\/ro\/wp-json\/wp\/v2\/comments?post=5128"}],"version-history":[{"count":2,"href":"https:\/\/www.idena.fr\/ro\/wp-json\/wp\/v2\/pages\/5128\/revisions"}],"predecessor-version":[{"id":5232,"href":"https:\/\/www.idena.fr\/ro\/wp-json\/wp\/v2\/pages\/5128\/revisions\/5232"}],"up":[{"embeddable":true,"href":"https:\/\/www.idena.fr\/ro\/wp-json\/wp\/v2\/pages\/5221"}],"wp:attachment":[{"href":"https:\/\/www.idena.fr\/ro\/wp-json\/wp\/v2\/media?parent=5128"}],"curies":[{"name":"wp","href":"https:\/\/api.w.org\/{rel}","templated":true}]}}