{"id":5133,"date":"2024-08-09T17:07:49","date_gmt":"2024-08-09T15:07:49","guid":{"rendered":"https:\/\/www.idena.fr\/?page_id=5133"},"modified":"2025-02-03T12:27:16","modified_gmt":"2025-02-03T11:27:16","slug":"formula","status":"publish","type":"page","link":"https:\/\/www.idena.fr\/ro\/expertiza-noastra\/formula\/","title":{"rendered":"Formul\u0103"},"content":{"rendered":"\n<div class=\"wp-block-group alignwide header-page has-primary-10-background-color has-background animate__fadeInUp animation-extend paused animate__animated\" style=\"padding-top:0;padding-bottom:0;border-radius:0\"><div class=\"wp-block-group__inner-container is-layout-constrained wp-block-group-is-layout-constrained\">\n<div class=\"wp-block-media-text alignwide has-media-on-the-right is-stacked-on-mobile is-image-fill reverse-mobile\"><div class=\"wp-block-media-text__content\">\n<div class=\"wp-block-group animate__fadeInUp animation-extend paused animate__animated\" style=\"border-radius:0\"><div class=\"wp-block-group__inner-container is-layout-constrained wp-block-group-is-layout-constrained\">\n<h1 class=\"wp-block-heading has-neutral-100-color has-text-color has-link-color icone-chicken wp-elements-aede5bd36a57fb7d983eeddede0ff03c\">Formula, o <mark style=\"background-color:rgba(0, 0, 0, 0)\" class=\"has-inline-color has-secondary-50-color\">verig\u0103 esen\u021bial\u0103<\/mark> \u00een lan\u021bul nutri\u021biei animale<\/h1>\n\n\n\n<p class=\"is-style-intro has-neutral-60-color has-text-color has-link-color wp-elements-d4939baf17f1e2aba2d42de1c7b5a35f\">Activitatea noastr\u0103 se bazeaz\u0103 pe<strong> trei fundamente<\/strong> : cunoa\u0219terea nutri\u021biei, cunoa\u0219terea animalului \u0219i cunoa\u0219terea tehnicilor de cre\u0219tere.<\/p>\n\n\n\n<p class=\"is-style-intro has-neutral-60-color has-text-color has-link-color wp-elements-330546f257506f087e74e2188b5a56a9\">Expertiza noastr\u0103, combinat\u0103 cu aceste cuno\u0219tin\u021be, a condus la dezvoltarea de standarde nutri\u021bionale pentru formularea furajelor &#8211; o verig\u0103 esen\u021bial\u0103 \u00een exprimarea performan\u021bei animalelor. Aceste standarde pot fi adaptate \u00een func\u021bie de genetic\u0103 \u0219i de obiectivele urm\u0103rite.<\/p>\n\n\n\n<p class=\"is-style-intro has-neutral-60-color has-text-color has-link-color wp-elements-1a5eb784082b4f2b84a7f5d19bbe5040\">Consolid\u0103m acest know-how prin utilizarea unor aditivi specifici, adapta\u021bi fiec\u0103rui context zootehnic.&nbsp;<a href=\"https:\/\/www.idena.fr\/nos-expertises\/recherche-et-developpement\/\">Echipele noastre de cercetare<\/a>&nbsp;creeaz\u0103 ace\u0219ti aditivi.<\/p>\n<\/div><\/div>\n<\/div><figure class=\"wp-block-media-text__media\" style=\"background-image:url(https:\/\/www.idena.fr\/wp-content\/uploads\/header.jpg);background-position:50% 50%\"><img loading=\"lazy\" decoding=\"async\" width=\"1300\" height=\"867\" src=\"https:\/\/www.idena.fr\/wp-content\/uploads\/header.jpg\" alt=\"header\" class=\"wp-image-3518 size-full\" srcset=\"https:\/\/www.idena.fr\/wp-content\/uploads\/header.jpg 1300w, https:\/\/www.idena.fr\/wp-content\/uploads\/header-768x512.jpg 768w\" sizes=\"auto, (max-width: 1300px) 100vw, 1300px\" \/><\/figure><\/div>\n<\/div><\/div>\n\n\n\n<div class=\"wp-block-ic-blocks-responsive-spacer\"><div style=\"height:100px\"><\/div><div style=\"height:50px\"><\/div><\/div>\n\n\n\n<h2 class=\"wp-block-heading \">Cunoa\u0219terea materiilor prime, atuul nostru<\/h2>\n\n\n\n<p><strong>Cunoa\u0219terea materiilor prime<\/strong> \u015fi a <strong>formulei<\/strong> furajelor se afl\u0103 \u00een centrul activit\u0103\u021bii noastre. Acestea transmit know-how-ul nostru \u00een cre\u0219terea animalelor, furniz\u00e2nd standardele, echilibrele nutri\u021bionale \u0219i aditivii no\u0219tri.<\/p>\n\n\n\n<p>Echipa noastr\u0103 de <strong>speciali\u0219ti \u00een formul\u0103<\/strong> este dedicat\u0103 ascult\u0103rii pie\u021belor partenerilor no\u0219tri, at\u00e2t \u00een Fran\u021ba, c\u00e2t \u0219i \u00een str\u0103in\u0103tate. Ei lucreaz\u0103 \u00een sinergie cu nutri\u021bioni\u0219tii no\u0219tri \u0219i cu to\u021bi operatorii implica\u021bi \u00een fabricile de furaje: formulatori, cump\u0103r\u0103tori, directori de produc\u021bie, directori de calitate, directori de specii \u0219i nutri\u021bioni\u0219ti.<\/p>\n\n\n\n<div class=\"wp-block-media-text is-stacked-on-mobile \"><figure class=\"wp-block-media-text__media\"><img loading=\"lazy\" decoding=\"async\" width=\"702\" height=\"1052\" src=\"https:\/\/www.idena.fr\/wp-content\/uploads\/connaissance-matiere-premiere-1-702x1052.jpg\" alt=\"connaissance-matiere-premiere-1\" class=\"wp-image-3520 size-full\" srcset=\"https:\/\/www.idena.fr\/wp-content\/uploads\/connaissance-matiere-premiere-1-702x1052.jpg 702w, https:\/\/www.idena.fr\/wp-content\/uploads\/connaissance-matiere-premiere-1-768x1150.jpg 768w, https:\/\/www.idena.fr\/wp-content\/uploads\/connaissance-matiere-premiere-1-1026x1536.jpg 1026w, https:\/\/www.idena.fr\/wp-content\/uploads\/connaissance-matiere-premiere-1.jpg 1300w\" sizes=\"auto, (max-width: 702px) 100vw, 702px\" \/><\/figure><div class=\"wp-block-media-text__content\">\n<div class=\"wp-block-group animate__fadeInUp animation-extend paused animate__animated\" style=\"border-radius:0\"><div class=\"wp-block-group__inner-container is-layout-constrained wp-block-group-is-layout-constrained\">\n<h3 class=\"wp-block-heading \"><strong><br><br>Aceasta asigur\u0103, respect\u00e2nd \u00een acela\u0219i timp independen\u021ba produc\u0103torului de furaje:<br><\/strong><\/h3>\n\n\n\n<ul class=\"wp-block-list\">\n<li><strong>Monitorizarea pie\u021belor<\/strong> \u015fi &#8216;<strong>investigarea interesului pentru noi materii prime,<\/strong><\/li>\n\n\n\n<li><strong>Monitorizarea materiilor prime<\/strong> \u0219i actualizarea <strong>matricelor de formul\u0103<\/strong>,<\/li>\n\n\n\n<li><strong>Elaborarea de standarde nutri\u021bionale specifice pentru fiecare specie<\/strong>. Sunt luate \u00een considerare mai multe standarde interna\u021bionale,<\/li>\n\n\n\n<li>Stabilirea de <strong>planuri de control<\/strong> pentru partenerii clien\u021bi,<\/li>\n\n\n\n<li><strong>Formula<\/strong>, intern\u0103 sau descentralizat\u0103, \u00een <strong>c\u0103utarea permanent\u0103 a optimului tehnico-economic<\/strong>,<\/li>\n\n\n\n<li>Auditul organiza\u021bional al schemelor \u0219i circuitelor de <strong>formul\u0103<\/strong>&#8211;<strong>uzin\u0103<\/strong> la clien\u021bii no\u0219tri parteneri.<\/li>\n<\/ul>\n\n\n\n<p><strong>Activitatea continu\u0103 de optimizare a utiliz\u0103rii materiilor prime de c\u0103tre animale.<\/strong><\/p>\n\n\n\n<p>Standardele nutri\u021bionale pentru formularea furajelor pentru p\u0103s\u0103ri \u0219i porci sunt o verig\u0103 esen\u021bial\u0103 \u00een exprimarea performan\u021belor de cre\u0219tere.<\/p>\n\n\n\n<p><strong>IDENA elaboreaz\u0103 standarde de formul\u0103<\/strong> pe baza cercet\u0103rilor sale \u0219i a experien\u021bei de teren.<\/p>\n\n\n\n<p>De asemenea, sunt propuse <strong>raporturi specifice \u00eentre nutrien\u021bi<\/strong>. Scopul acestora este de a optimiza digestia \u0219i de a \u00eembun\u0103t\u0103\u021bi costurile de produc\u021bie.<\/p>\n\n\n\n<p><strong>Aceste standarde sunt structurate \u00een programe nutri\u021bionale<\/strong>. Ele pot fi adaptate \u00een func\u021bie de contextul de cre\u0219tere, genetic\u0103 \u0219i mediu din fiecare \u021bar\u0103.<\/p>\n<\/div><\/div>\n<\/div><\/div>\n\n\n\n<div class=\"wp-block-ic-blocks-responsive-spacer\"><div style=\"height:60px\"><\/div><div style=\"height:30px\"><\/div><\/div>\n\n\n\n<div class=\"wp-block-media-text has-media-on-the-right is-stacked-on-mobile \"><div class=\"wp-block-media-text__content\">\n<div class=\"wp-block-group animate__fadeInUp animation-extend paused animate__animated\" style=\"border-radius:0\"><div class=\"wp-block-group__inner-container is-layout-constrained wp-block-group-is-layout-constrained\">\n<h2 class=\"wp-block-heading \">Laboratorul, locul \u00een care se \u00eent\u00e2mpl\u0103 totul<\/h2>\n\n\n\n<p>Laboratorul IDENA este echipat cu un infralyzer, care ne permite&nbsp;<strong>s\u0103 analiz\u0103m materiile prime sau produsele finite<\/strong>&nbsp;ale clien\u021bilor no\u0219tri parteneri. De asemenea, putem&nbsp;<strong>oferi calibr\u0103ri \u00een infraro\u0219u apropiat (NIR)<\/strong>&nbsp;celor echipa\u021bi cu un infralizator.<\/p>\n\n\n\n<p>Ce este NIR? &nbsp;<\/p>\n\n\n\n<p>NIR este o tehnic\u0103 de analiz\u0103 care furnizeaz\u0103 informa\u021bii privind compozi\u021bia biochimic\u0103 a produselor alimentare \u0219i a materiilor prime mai rapid dec\u00e2t testele chimice conven\u021bionale.<br>Prin urmare, aceasta ofer\u0103 acces rapid la compozi\u021bia produselor (analize cantitative) \u0219i permite identificarea unui produs pe baza amprentei sale spectrale (analize calitative), reduc\u00e2nd \u00een acela\u0219i timp costul acestor analize. &nbsp;<\/p>\n\n\n\n<p><strong>IDENA este partener al mai multor laboratoare certificate Cofrac<\/strong>, pentru analize chimice. Cu ajutorul codului lor de acces, clien\u021bii no\u0219tri \u00ee\u0219i pot recupera rezultatele analizelor prin intermediul unui link direct pe site-ul nostru.<\/p>\n<\/div><\/div>\n<\/div><figure class=\"wp-block-media-text__media\"><img loading=\"lazy\" decoding=\"async\" width=\"700\" height=\"1052\" src=\"https:\/\/www.idena.fr\/wp-content\/uploads\/laboratoire-1-700x1052.jpg\" alt=\"laboratoire-1\" class=\"wp-image-3522 size-full\" srcset=\"https:\/\/www.idena.fr\/wp-content\/uploads\/laboratoire-1-700x1052.jpg 700w, https:\/\/www.idena.fr\/wp-content\/uploads\/laboratoire-1-768x1154.jpg 768w, https:\/\/www.idena.fr\/wp-content\/uploads\/laboratoire-1-1022x1536.jpg 1022w, https:\/\/www.idena.fr\/wp-content\/uploads\/laboratoire-1.jpg 1300w\" sizes=\"auto, (max-width: 700px) 100vw, 700px\" \/><\/figure><\/div>\n\n\n\n<div class=\"wp-block-ic-blocks-responsive-spacer\"><div style=\"height:100px\"><\/div><div style=\"height:50px\"><\/div><\/div>\n","protected":false},"excerpt":{"rendered":"<p>Formula, o verig\u0103 esen\u021bial\u0103 \u00een lan\u021bul nutri\u021biei animale Activitatea noastr\u0103 se bazeaz\u0103 pe trei fundamente : cunoa\u0219terea nutri\u021biei, cunoa\u0219terea animalului \u0219i cunoa\u0219terea tehnicilor de cre\u0219tere. Expertiza noastr\u0103, combinat\u0103 cu aceste cuno\u0219tin\u021be, a condus la dezvoltarea de standarde nutri\u021bionale pentru formularea furajelor &#8211; o verig\u0103 esen\u021bial\u0103 \u00een exprimarea performan\u021bei animalelor. Aceste standarde pot fi adaptate \u00een [&hellip;]<\/p>\n","protected":false},"author":1,"featured_media":0,"parent":5221,"menu_order":0,"comment_status":"closed","ping_status":"closed","template":"","meta":{"_acf_changed":false,"inline_featured_image":false,"footnotes":""},"class_list":["post-5133","page","type-page","status-publish","hentry"],"acf":[],"mb":[],"yoast_head":"<!-- This site is optimized with the Yoast SEO plugin v27.0 - https:\/\/yoast.com\/product\/yoast-seo-wordpress\/ -->\n<title>Formulai furajelor | Idena<\/title>\n<meta name=\"description\" content=\"Optimiza\u021bi nutri\u021bia animalelor datorit\u0103 expertizei aprofundate a IDENA \u00een formularea furajelor \u0219i utilizarea materiilor prime.\" \/>\n<meta name=\"robots\" content=\"index, follow, max-snippet:-1, max-image-preview:large, max-video-preview:-1\" \/>\n<link rel=\"canonical\" href=\"https:\/\/www.idena.fr\/ro\/expertiza-noastra\/formula\/\" \/>\n<meta property=\"og:locale\" content=\"ro_RO\" \/>\n<meta property=\"og:type\" content=\"article\" \/>\n<meta property=\"og:title\" content=\"Formulai furajelor | Idena\" \/>\n<meta property=\"og:description\" content=\"Optimiza\u021bi nutri\u021bia animalelor datorit\u0103 expertizei aprofundate a IDENA \u00een formularea furajelor \u0219i utilizarea materiilor prime.\" \/>\n<meta property=\"og:url\" content=\"https:\/\/www.idena.fr\/ro\/expertiza-noastra\/formula\/\" \/>\n<meta property=\"og:site_name\" content=\"Idena\" \/>\n<meta property=\"article:modified_time\" content=\"2025-02-03T11:27:16+00:00\" \/>\n<meta property=\"og:image\" content=\"https:\/\/www.idena.fr\/wp-content\/uploads\/header.jpg\" \/>\n\t<meta property=\"og:image:width\" content=\"1300\" \/>\n\t<meta property=\"og:image:height\" content=\"867\" \/>\n\t<meta property=\"og:image:type\" content=\"image\/jpeg\" \/>\n<meta name=\"twitter:card\" content=\"summary_large_image\" \/>\n<meta name=\"twitter:label1\" content=\"Timp estimat pentru citire\" \/>\n\t<meta name=\"twitter:data1\" content=\"3 minute\" \/>\n<script type=\"application\/ld+json\" class=\"yoast-schema-graph\">{\"@context\":\"https:\/\/schema.org\",\"@graph\":[{\"@type\":\"WebPage\",\"@id\":\"https:\/\/www.idena.fr\/ro\/expertiza-noastra\/formula\/\",\"url\":\"https:\/\/www.idena.fr\/ro\/expertiza-noastra\/formula\/\",\"name\":\"Formulai furajelor | Idena\",\"isPartOf\":{\"@id\":\"https:\/\/idena-wordpress-web.dev.imcr.dev\/#website\"},\"primaryImageOfPage\":{\"@id\":\"https:\/\/www.idena.fr\/ro\/expertiza-noastra\/formula\/#primaryimage\"},\"image\":{\"@id\":\"https:\/\/www.idena.fr\/ro\/expertiza-noastra\/formula\/#primaryimage\"},\"thumbnailUrl\":\"https:\/\/www.idena.fr\/wp-content\/uploads\/header.jpg\",\"datePublished\":\"2024-08-09T15:07:49+00:00\",\"dateModified\":\"2025-02-03T11:27:16+00:00\",\"description\":\"Optimiza\u021bi nutri\u021bia animalelor datorit\u0103 expertizei aprofundate a IDENA \u00een formularea furajelor \u0219i utilizarea materiilor prime.\",\"breadcrumb\":{\"@id\":\"https:\/\/www.idena.fr\/ro\/expertiza-noastra\/formula\/#breadcrumb\"},\"inLanguage\":\"ro-RO\",\"potentialAction\":[{\"@type\":\"ReadAction\",\"target\":[\"https:\/\/www.idena.fr\/ro\/expertiza-noastra\/formula\/\"]}]},{\"@type\":\"ImageObject\",\"inLanguage\":\"ro-RO\",\"@id\":\"https:\/\/www.idena.fr\/ro\/expertiza-noastra\/formula\/#primaryimage\",\"url\":\"https:\/\/www.idena.fr\/wp-content\/uploads\/header.jpg\",\"contentUrl\":\"https:\/\/www.idena.fr\/wp-content\/uploads\/header.jpg\"},{\"@type\":\"BreadcrumbList\",\"@id\":\"https:\/\/www.idena.fr\/ro\/expertiza-noastra\/formula\/#breadcrumb\",\"itemListElement\":[{\"@type\":\"ListItem\",\"position\":1,\"name\":\"Accueil\",\"item\":\"https:\/\/www.idena.fr\/ro\/\"},{\"@type\":\"ListItem\",\"position\":2,\"name\":\"Expertiza noastr\u0103\",\"item\":\"https:\/\/www.idena.fr\/ro\/expertiza-noastra\/\"},{\"@type\":\"ListItem\",\"position\":3,\"name\":\"Formul\u0103\"}]},{\"@type\":\"WebSite\",\"@id\":\"https:\/\/idena-wordpress-web.dev.imcr.dev\/#website\",\"url\":\"https:\/\/idena-wordpress-web.dev.imcr.dev\/\",\"name\":\"Idena\",\"description\":\"\",\"publisher\":{\"@id\":\"https:\/\/idena-wordpress-web.dev.imcr.dev\/#organization\"},\"potentialAction\":[{\"@type\":\"SearchAction\",\"target\":{\"@type\":\"EntryPoint\",\"urlTemplate\":\"https:\/\/idena-wordpress-web.dev.imcr.dev\/?s={search_term_string}\"},\"query-input\":{\"@type\":\"PropertyValueSpecification\",\"valueRequired\":true,\"valueName\":\"search_term_string\"}}],\"inLanguage\":\"ro-RO\"},{\"@type\":\"Organization\",\"@id\":\"https:\/\/idena-wordpress-web.dev.imcr.dev\/#organization\",\"name\":\"Idena\",\"url\":\"https:\/\/idena-wordpress-web.dev.imcr.dev\/\",\"logo\":{\"@type\":\"ImageObject\",\"inLanguage\":\"ro-RO\",\"@id\":\"https:\/\/idena-wordpress-web.dev.imcr.dev\/#\/schema\/logo\/image\/\",\"url\":\"https:\/\/www.idena.fr\/wp-content\/uploads\/logo-idena-1.svg\",\"contentUrl\":\"https:\/\/www.idena.fr\/wp-content\/uploads\/logo-idena-1.svg\",\"width\":393,\"height\":106,\"caption\":\"Idena\"},\"image\":{\"@id\":\"https:\/\/idena-wordpress-web.dev.imcr.dev\/#\/schema\/logo\/image\/\"}}]}<\/script>\n<!-- \/ Yoast SEO plugin. -->","yoast_head_json":{"title":"Formulai furajelor | Idena","description":"Optimiza\u021bi nutri\u021bia animalelor datorit\u0103 expertizei aprofundate a IDENA \u00een formularea furajelor \u0219i utilizarea materiilor prime.","robots":{"index":"index","follow":"follow","max-snippet":"max-snippet:-1","max-image-preview":"max-image-preview:large","max-video-preview":"max-video-preview:-1"},"canonical":"https:\/\/www.idena.fr\/ro\/expertiza-noastra\/formula\/","og_locale":"ro_RO","og_type":"article","og_title":"Formulai furajelor | Idena","og_description":"Optimiza\u021bi nutri\u021bia animalelor datorit\u0103 expertizei aprofundate a IDENA \u00een formularea furajelor \u0219i utilizarea materiilor prime.","og_url":"https:\/\/www.idena.fr\/ro\/expertiza-noastra\/formula\/","og_site_name":"Idena","article_modified_time":"2025-02-03T11:27:16+00:00","og_image":[{"width":1300,"height":867,"url":"https:\/\/www.idena.fr\/wp-content\/uploads\/header.jpg","type":"image\/jpeg"}],"twitter_card":"summary_large_image","twitter_misc":{"Timp estimat pentru citire":"3 minute"},"schema":{"@context":"https:\/\/schema.org","@graph":[{"@type":"WebPage","@id":"https:\/\/www.idena.fr\/ro\/expertiza-noastra\/formula\/","url":"https:\/\/www.idena.fr\/ro\/expertiza-noastra\/formula\/","name":"Formulai furajelor | Idena","isPartOf":{"@id":"https:\/\/idena-wordpress-web.dev.imcr.dev\/#website"},"primaryImageOfPage":{"@id":"https:\/\/www.idena.fr\/ro\/expertiza-noastra\/formula\/#primaryimage"},"image":{"@id":"https:\/\/www.idena.fr\/ro\/expertiza-noastra\/formula\/#primaryimage"},"thumbnailUrl":"https:\/\/www.idena.fr\/wp-content\/uploads\/header.jpg","datePublished":"2024-08-09T15:07:49+00:00","dateModified":"2025-02-03T11:27:16+00:00","description":"Optimiza\u021bi nutri\u021bia animalelor datorit\u0103 expertizei aprofundate a IDENA \u00een formularea furajelor \u0219i utilizarea materiilor prime.","breadcrumb":{"@id":"https:\/\/www.idena.fr\/ro\/expertiza-noastra\/formula\/#breadcrumb"},"inLanguage":"ro-RO","potentialAction":[{"@type":"ReadAction","target":["https:\/\/www.idena.fr\/ro\/expertiza-noastra\/formula\/"]}]},{"@type":"ImageObject","inLanguage":"ro-RO","@id":"https:\/\/www.idena.fr\/ro\/expertiza-noastra\/formula\/#primaryimage","url":"https:\/\/www.idena.fr\/wp-content\/uploads\/header.jpg","contentUrl":"https:\/\/www.idena.fr\/wp-content\/uploads\/header.jpg"},{"@type":"BreadcrumbList","@id":"https:\/\/www.idena.fr\/ro\/expertiza-noastra\/formula\/#breadcrumb","itemListElement":[{"@type":"ListItem","position":1,"name":"Accueil","item":"https:\/\/www.idena.fr\/ro\/"},{"@type":"ListItem","position":2,"name":"Expertiza noastr\u0103","item":"https:\/\/www.idena.fr\/ro\/expertiza-noastra\/"},{"@type":"ListItem","position":3,"name":"Formul\u0103"}]},{"@type":"WebSite","@id":"https:\/\/idena-wordpress-web.dev.imcr.dev\/#website","url":"https:\/\/idena-wordpress-web.dev.imcr.dev\/","name":"Idena","description":"","publisher":{"@id":"https:\/\/idena-wordpress-web.dev.imcr.dev\/#organization"},"potentialAction":[{"@type":"SearchAction","target":{"@type":"EntryPoint","urlTemplate":"https:\/\/idena-wordpress-web.dev.imcr.dev\/?s={search_term_string}"},"query-input":{"@type":"PropertyValueSpecification","valueRequired":true,"valueName":"search_term_string"}}],"inLanguage":"ro-RO"},{"@type":"Organization","@id":"https:\/\/idena-wordpress-web.dev.imcr.dev\/#organization","name":"Idena","url":"https:\/\/idena-wordpress-web.dev.imcr.dev\/","logo":{"@type":"ImageObject","inLanguage":"ro-RO","@id":"https:\/\/idena-wordpress-web.dev.imcr.dev\/#\/schema\/logo\/image\/","url":"https:\/\/www.idena.fr\/wp-content\/uploads\/logo-idena-1.svg","contentUrl":"https:\/\/www.idena.fr\/wp-content\/uploads\/logo-idena-1.svg","width":393,"height":106,"caption":"Idena"},"image":{"@id":"https:\/\/idena-wordpress-web.dev.imcr.dev\/#\/schema\/logo\/image\/"}}]}},"mfb_rest_fields":["title","yoast_head","yoast_head_json"],"_links":{"self":[{"href":"https:\/\/www.idena.fr\/ro\/wp-json\/wp\/v2\/pages\/5133","targetHints":{"allow":["GET"]}}],"collection":[{"href":"https:\/\/www.idena.fr\/ro\/wp-json\/wp\/v2\/pages"}],"about":[{"href":"https:\/\/www.idena.fr\/ro\/wp-json\/wp\/v2\/types\/page"}],"author":[{"embeddable":true,"href":"https:\/\/www.idena.fr\/ro\/wp-json\/wp\/v2\/users\/1"}],"replies":[{"embeddable":true,"href":"https:\/\/www.idena.fr\/ro\/wp-json\/wp\/v2\/comments?post=5133"}],"version-history":[{"count":1,"href":"https:\/\/www.idena.fr\/ro\/wp-json\/wp\/v2\/pages\/5133\/revisions"}],"predecessor-version":[{"id":5134,"href":"https:\/\/www.idena.fr\/ro\/wp-json\/wp\/v2\/pages\/5133\/revisions\/5134"}],"up":[{"embeddable":true,"href":"https:\/\/www.idena.fr\/ro\/wp-json\/wp\/v2\/pages\/5221"}],"wp:attachment":[{"href":"https:\/\/www.idena.fr\/ro\/wp-json\/wp\/v2\/media?parent=5133"}],"curies":[{"name":"wp","href":"https:\/\/api.w.org\/{rel}","templated":true}]}}