{"id":5145,"date":"2024-08-09T16:26:58","date_gmt":"2024-08-09T14:26:58","guid":{"rendered":"https:\/\/www.idena.fr\/?page_id=5145"},"modified":"2025-02-24T16:21:57","modified_gmt":"2025-02-24T15:21:57","slug":"zootehnica","status":"publish","type":"page","link":"https:\/\/www.idena.fr\/ro\/expertiza-noastra\/zootehnica\/","title":{"rendered":"Zootehnic\u0103"},"content":{"rendered":"\n<div class=\"wp-block-group alignwide header-page has-primary-10-background-color has-background animate__fadeInUp animation-extend paused animate__animated\" style=\"padding-top:0;padding-bottom:0;border-radius:0\"><div class=\"wp-block-group__inner-container is-layout-constrained wp-block-group-is-layout-constrained\">\n<div class=\"wp-block-media-text alignwide has-media-on-the-right is-stacked-on-mobile is-image-fill reverse-mobile\"><div class=\"wp-block-media-text__content\">\n<div class=\"wp-block-group animate__fadeInUp animation-extend paused animate__animated\" style=\"border-radius:0\"><div class=\"wp-block-group__inner-container is-layout-constrained wp-block-group-is-layout-constrained\">\n<h1 class=\"wp-block-heading has-neutral-100-color has-text-color has-link-color icone-cow wp-elements-a802979cbeea0057a9c0565110803115\"><sub>Expertiza <mark style=\"background-color:rgba(0, 0, 0, 0)\" class=\"has-inline-color has-secondary-30-color\">zootehnic\u0103<\/mark>&#8230; <strong>Un punct forte \u0219i de diferen\u021biere major la IDENA<\/strong><\/sub><\/h1>\n\n\n\n<p class=\"has-text-align-left is-style-intro has-neutral-60-color has-text-color has-link-color wp-elements-75c247c3c62163ada57a1e086bc1eae4\">Echipa noastr\u0103 este format\u0103 din ingineri nutri\u021bioni\u0219ti specializa\u021bi \u0219i medici veterinari care cunosc \u00eendeaproape cre\u0219terea animalelor. Suntem convin\u0219i c\u0103 nimic nu poate \u00eenlocui contactul \u0219i dialogul pentru a \u00een\u021belege provoc\u0103rile cu care se confrunt\u0103 fermele zootehnice. Acesta este motivul pentru care echipele noastre tehnice \u00ee\u0219i petrec mai mult de jum\u0103tate din timp \u00een ferme. De asemenea, acestea efectueaz\u0103&nbsp;<strong>audituri \u00een ferme<\/strong>&nbsp;pentru a adapta mai bine&nbsp;<strong>formula \u0219i utilizarea aditivilor&nbsp;<\/strong>la contextul fiec\u0103rei ferme. Iar&nbsp;<strong>instrumentele noastre de luare a deciziilor<\/strong>&nbsp;contribuie la cre\u0219terea eficien\u021bei furajelor \u0219i a performan\u021bei exploata\u021biilor.<\/p>\n<\/div><\/div>\n<\/div><figure class=\"wp-block-media-text__media\" style=\"background-image:url(https:\/\/www.idena.fr\/wp-content\/uploads\/header-1-2.jpg);background-position:50% 50%\"><img loading=\"lazy\" decoding=\"async\" width=\"1300\" height=\"547\" src=\"https:\/\/www.idena.fr\/wp-content\/uploads\/header-1-2.jpg\" alt=\"expertise zootechnique IDENA\" class=\"wp-image-3504 size-full\" srcset=\"https:\/\/www.idena.fr\/wp-content\/uploads\/header-1-2.jpg 1300w, https:\/\/www.idena.fr\/wp-content\/uploads\/header-1-2-768x323.jpg 768w\" sizes=\"auto, (max-width: 1300px) 100vw, 1300px\" \/><\/figure><\/div>\n<\/div><\/div>\n\n\n\n<div class=\"wp-block-ic-blocks-responsive-spacer\"><div style=\"height:100px\"><\/div><div style=\"height:50px\"><\/div><\/div>\n\n\n\n<div class=\"wp-block-media-text is-stacked-on-mobile \"><figure class=\"wp-block-media-text__media\"><img loading=\"lazy\" decoding=\"async\" width=\"1061\" height=\"546\" src=\"https:\/\/www.idena.fr\/wp-content\/uploads\/audit-1-e1725873887618.jpg\" alt=\"audit-1\" class=\"wp-image-3505 size-full\" srcset=\"https:\/\/www.idena.fr\/wp-content\/uploads\/audit-1-e1725873887618.jpg 1061w, https:\/\/www.idena.fr\/wp-content\/uploads\/audit-1-e1725873887618-768x395.jpg 768w\" sizes=\"auto, (max-width: 1061px) 100vw, 1061px\" \/><\/figure><div class=\"wp-block-media-text__content\">\n<div class=\"wp-block-group animate__fadeInUp animation-extend paused animate__animated\" style=\"border-radius:0\"><div class=\"wp-block-group__inner-container is-layout-constrained wp-block-group-is-layout-constrained\">\n<h2 class=\"wp-block-heading \">Audituri \u00een ferme<\/h2>\n\n\n\n<p>La IDENA, expertiza \u00een domeniu este un alt diferen\u021biator cheie de care suntem m\u00e2ndri.<\/p>\n\n\n\n<p>Toate solu\u021biile noastre sunt dezvoltate \u00eentr-un context care este observat \u0219i \u00een\u021beles pe teren, \u00een colaborare cu partenerii no\u0219tri, care ne acord\u0103 \u00eencredere \u0219i ne fac transparen\u021bi.<\/p>\n\n\n\n<p>Optimizarea eficacit\u0103\u021bii unui program alimentar, a unei formule \u0219i a unor standarde specifice \u0219i\/sau utilizarea unei specialit\u0103\u021bi nutri\u021bionale necesit\u0103&nbsp;<strong>o bun\u0103 cunoa\u0219tere a fermei,&nbsp;<\/strong>&nbsp;<strong>a mediului animal<\/strong> \u015fi a&nbsp;<strong>obiectivelor urm\u0103rite<\/strong>.<\/p>\n\n\n\n<p>Expertiza noastr\u0103 \u00een zootehnie este la dispozi\u021bia clien\u021bilor no\u0219tri. C\u0103l\u0103torim at\u00e2t \u00een Fran\u021ba, c\u00e2t \u0219i \u00een str\u0103in\u0103tate, unde practicile agricole se pot schimba uneori, ceea ce \u00eenseamn\u0103 c\u0103 trebuie s\u0103 ne adapt\u0103m formulele de hran\u0103 \u0219i modul \u00een care ne folosim specialit\u0103\u021bile.<\/p>\n<\/div><\/div>\n<\/div><\/div>\n\n\n\n<h2 class=\"wp-block-heading has-text-align-left \">Instrumente decizionale<\/h2>\n\n\n\n<p><strong>Aceste audituri sunt sus\u021binute de propriile instrumente tehnice IDENA de diagnosticare \u0219i decizie. <\/strong>&nbsp;Aceste instrumente sunt puse la dispozi\u021bia clien\u021bilor no\u0219tri parteneri pentru a-\u0219i aprofunda expertiza zootehnic\u0103 \u0219i a-i ajuta s\u0103 pun\u0103 \u00een aplicare solu\u021bii eficiente pentru a \u00eembun\u0103t\u0103\u021bi rezultatele de cre\u0219tere.<\/p>\n\n\n\n<div class=\"wp-block-media-text has-media-on-the-right is-stacked-on-mobile \"><div class=\"wp-block-media-text__content\">\n<div class=\"wp-block-group animate__fadeInUp animation-extend paused animate__animated\" style=\"border-radius:0\"><div class=\"wp-block-group__inner-container is-layout-constrained wp-block-group-is-layout-constrained\">\n<h3 class=\"wp-block-heading \"><strong><br><br>ID Matrix, re\u021betele dumneavoastr\u0103 de furaje \u00een timp real!<\/strong><br><\/h3>\n\n\n\n<p>ID Matrix este un <strong>pachet software pentru calcularea matricelor de materii prime agricole<\/strong>. Acesta utilizeaz\u0103 ecua\u021biile de predic\u021bie IDENA pentru a actualiza matricile materiilor prime \u00een func\u021bie de modificarea calit\u0103\u021bilor acestora.<\/p>\n\n\n\n<p>Scopul ID Matrix este de a garanta c\u0103 matricile dvs. sunt actualizate \u00een timp real. Acest lucru \u00eenseamn\u0103 c\u0103 pute\u021bi profita rapid de rezultatele analizelor (infra sau chimice) sau v\u0103 poate ajuta s\u0103 oferi\u021bi o nou\u0103 materie prim\u0103 \u00een fabrica dumneavoastr\u0103.<\/p>\n\n\n\n<p>Cu mai mult de 25 de materii prime disponibile \u0219i actualizarea automat\u0103 a matricelor \u00een software-ul Allix<sup>3<\/sup>, ID Matrix economise\u0219te timp, resurse \u0219i cre\u0219te precizia.<\/p>\n<\/div><\/div>\n<\/div><figure class=\"wp-block-media-text__media\"><img loading=\"lazy\" decoding=\"async\" width=\"1300\" height=\"975\" src=\"https:\/\/www.idena.fr\/wp-content\/uploads\/idmatrix-1.jpg\" alt=\"outil IDENA id matrix\" class=\"wp-image-3521 size-full\" srcset=\"https:\/\/www.idena.fr\/wp-content\/uploads\/idmatrix-1.jpg 1300w, https:\/\/www.idena.fr\/wp-content\/uploads\/idmatrix-1-768x576.jpg 768w\" sizes=\"auto, (max-width: 1300px) 100vw, 1300px\" \/><\/figure><\/div>\n\n\n\n<div class=\"wp-block-media-text is-stacked-on-mobile \"><figure class=\"wp-block-media-text__media\"><img loading=\"lazy\" decoding=\"async\" width=\"1063\" height=\"710\" src=\"https:\/\/www.idena.fr\/wp-content\/uploads\/photo-poussin-evodit-smartidena.png\" alt=\"Photo Poussin - Outil EVODIT IDENA\" class=\"wp-image-3859 size-full\" srcset=\"https:\/\/www.idena.fr\/wp-content\/uploads\/photo-poussin-evodit-smartidena.png 1063w, https:\/\/www.idena.fr\/wp-content\/uploads\/photo-poussin-evodit-smartidena-768x513.png 768w\" sizes=\"auto, (max-width: 1063px) 100vw, 1063px\" \/><\/figure><div class=\"wp-block-media-text__content\">\n<div class=\"wp-block-group animate__fadeInUp animation-extend paused animate__animated\" style=\"border-radius:0\"><div class=\"wp-block-group__inner-container is-layout-constrained wp-block-group-is-layout-constrained\">\n<h3 class=\"wp-block-heading \"><strong><br><br><br><br>EVODIT, un instrument personalizat de analiz\u0103 a datelor<br><\/strong><\/h3>\n\n\n\n<p>EVODIT este un instrument de analiz\u0103 a exploata\u021biilor agricole pentru organiza\u021biile de produc\u021bie (OP).<\/p>\n\n\n\n<p>EVODIT are o platform\u0103 online cu peste 400 de \u00eentreb\u0103ri (care trebuie selectate-modificate-completate) care ofer\u0103 o imagine precis\u0103 a echipamentelor \u0219i practicilor agricole.<\/p>\n\n\n\n<p>Aceast\u0103 platform\u0103 online este utilizat\u0103 pentru a colecta \u0219i \u00eenregistra r\u0103spunsurile participan\u021bilor \u00een timpul auditurilor.<\/p>\n\n\n\n<p>OP trimite o baz\u0103 de date cu rezultatele GTE ale fermelor controlate.<\/p>\n\n\n\n<p>La sf\u00e2r\u0219itul etapei de audit, o baz\u0103 de date este generat\u0103 \u0219i analizat\u0103 de speciali\u0219tii no\u0219tri.<\/p>\n\n\n\n<p>Folosind instrumente biostatistice, analiza va permite obiectivarea principalelor practici ale fermelor, eviden\u021bierea punctelor forte \u0219i a punctelor de \u00eembun\u0103t\u0103\u021bire \u0219i m\u0103surarea impactului acestora asupra performan\u021belor (cum ar fi GMQ, IC, mortalitate, mortalitate la D10, greutate la D10 etc.).<\/p>\n\n\n\n<ul class=\"wp-block-list\">\n<li>Cu EVODIT, ve\u021bi ob\u021bine rezultate prezentate \u00een grafice, boxploturi \u0219i tabele pentru a v\u0103 ajuta s\u0103:<ul><li>Clarifica\u021bi priorit\u0103\u021bile \u0219i domeniile de lucru pentru echipa tehnic\u0103<\/li><\/ul>\n<ul class=\"wp-block-list\">\n<li>\u00cencuraja\u021bi fermele prin promovarea propriilor rezultate<ul><li>La reuniuni (generale sau pe sectoare)<\/li><\/ul>\n<ul class=\"wp-block-list\">\n<li>\u00cen cadrul vizitelor la ferme (raport despre o ferm\u0103 &#8211; pozi\u021bia fa\u021b\u0103 de grup etc.)<\/li>\n<\/ul>\n<\/li>\n<\/ul>\n<\/li>\n\n\n\n<li>EVODIT este un instrument esen\u021bial pentru conducerea grupurilor de produc\u0103tori avicoli.<\/li>\n<\/ul>\n<\/div><\/div>\n<\/div><\/div>\n\n\n\n<div class=\"wp-block-group animate__fadeInUp animation-extend paused animate__animated\" style=\"border-radius:0\"><div class=\"wp-block-group__inner-container is-layout-constrained wp-block-group-is-layout-constrained\">\n<div class=\"wp-block-media-text has-media-on-the-right is-stacked-on-mobile \" style=\"grid-template-columns:auto 52%\"><div class=\"wp-block-media-text__content\">\n<div class=\"wp-block-group animate__fadeInUp animation-extend paused animate__animated\" style=\"border-radius:0\"><div class=\"wp-block-group__inner-container is-layout-constrained wp-block-group-is-layout-constrained\">\n<h3 class=\"wp-block-heading \"><strong><br><br>VISIOGRAF &amp; RUMINIX pentru rumeg\u0103toare<\/strong><\/h3>\n\n\n\n<p><em><strong><br>RUMINIX: Ra\u021bionalizare\/previziune a produc\u021biei\/personalizare<\/strong><\/em><br><\/p>\n\n\n\n<p>Software-ul Ruminix v\u0103 ofer\u0103 o previziune rafinat\u0103 a produc\u021biei pe specii. Bazat pe ecua\u021biile dezvoltate de echipa Idena, acesta integreaz\u0103 ultimele evolu\u021bii ale principalelor sisteme interna\u021bionale de ra\u021bionalizare, inclusiv interac\u021biunile SYSTALI. Acesta ofer\u0103 integrarea automat\u0103 a analizelor dumnmeavoastr\u0103 furajere, precum \u0219i diverse modele de predic\u021bie adaptate la un num\u0103r mare de contexte zootehnice. Posibilitatea de a personaliza criteriile utilizate pentru a evalua echilibrul ra\u021biei \u0219i rapoartele imprimabile fac ca Ruminix s\u0103 fie u\u0219or de utilizat \u0219i adaptabil.<\/p>\n\n\n\n<p><em><strong>VISIOGRAF&nbsp;: Adaug\u0103 valoare analizelor furajelor\/instrument web\/personalizare<\/strong><\/em><\/p>\n\n\n\n<p>Visiograf este un pachet software online pentru a ad\u0103uga valoare analizelor furajelor dumneavoastr\u0103. Folosind datele analizate \u00een propriul laborator sau de c\u0103tre un partener, o procedur\u0103 automat\u0103 calculeaz\u0103 to\u021bi nutrien\u021bii neanaliza\u021bi \u0219i produce buletine complet personalizabile. Datorit\u0103 accesului web dedicat, utilizatorii \u00ee\u0219i pot consulta cu u\u0219urin\u021b\u0103 istoricul analizelor sau pot introduce noi analize. Datorit\u0103 unei platforme online, toate datele calculate \u00een Visiograph sunt trimise automat c\u0103tre programul de ra\u021bionalizare Ruminix.<\/p>\n<\/div><\/div>\n<\/div><figure class=\"wp-block-media-text__media\"><img loading=\"lazy\" decoding=\"async\" width=\"1400\" height=\"1018\" src=\"https:\/\/www.idena.fr\/wp-content\/uploads\/ruminix-1400x1018.jpg\" alt=\"ruminix\" class=\"wp-image-4986 size-full\" srcset=\"https:\/\/www.idena.fr\/wp-content\/uploads\/ruminix-1400x1018.jpg 1400w, https:\/\/www.idena.fr\/wp-content\/uploads\/ruminix-768x558.jpg 768w, https:\/\/www.idena.fr\/wp-content\/uploads\/ruminix-1536x1117.jpg 1536w, https:\/\/www.idena.fr\/wp-content\/uploads\/ruminix-2048x1489.jpg 2048w\" sizes=\"auto, (max-width: 1400px) 100vw, 1400px\" \/><\/figure><\/div>\n<\/div><\/div>\n\n\n\n<div class=\"wp-block-ic-blocks-responsive-spacer\"><div style=\"height:100px\"><\/div><div style=\"height:50px\"><\/div><\/div>\n","protected":false},"excerpt":{"rendered":"<p>Expertiza zootehnic\u0103&#8230; Un punct forte \u0219i de diferen\u021biere major la IDENA Echipa noastr\u0103 este format\u0103 din ingineri nutri\u021bioni\u0219ti specializa\u021bi \u0219i medici veterinari care cunosc \u00eendeaproape cre\u0219terea animalelor. Suntem convin\u0219i c\u0103 nimic nu poate \u00eenlocui contactul \u0219i dialogul pentru a \u00een\u021belege provoc\u0103rile cu care se confrunt\u0103 fermele zootehnice. Acesta este motivul pentru care echipele noastre tehnice [&hellip;]<\/p>\n","protected":false},"author":1,"featured_media":0,"parent":5221,"menu_order":0,"comment_status":"closed","ping_status":"closed","template":"","meta":{"_acf_changed":false,"inline_featured_image":false,"footnotes":""},"class_list":["post-5145","page","type-page","status-publish","hentry"],"acf":[],"mb":[],"yoast_head":"<!-- This site is optimized with the Yoast SEO plugin v27.0 - https:\/\/yoast.com\/product\/yoast-seo-wordpress\/ -->\n<title>Expertiza zootehnic\u0103 a IDENA | Idena<\/title>\n<meta name=\"description\" content=\"Expertiza zootehnic\u0103 pentru o abordare unic\u0103, cu audituri la ferm\u0103 \u0219i instrumente decizionale adaptate nevoilor specifice ale fiec\u0103rei ferme.\" \/>\n<meta name=\"robots\" content=\"index, follow, max-snippet:-1, max-image-preview:large, max-video-preview:-1\" \/>\n<link rel=\"canonical\" href=\"https:\/\/www.idena.fr\/ro\/expertiza-noastra\/zootehnica\/\" \/>\n<meta property=\"og:locale\" content=\"ro_RO\" \/>\n<meta property=\"og:type\" content=\"article\" \/>\n<meta property=\"og:title\" content=\"Expertiza zootehnic\u0103 a IDENA | Idena\" \/>\n<meta property=\"og:description\" content=\"Expertiza zootehnic\u0103 pentru o abordare unic\u0103, cu audituri la ferm\u0103 \u0219i instrumente decizionale adaptate nevoilor specifice ale fiec\u0103rei ferme.\" \/>\n<meta property=\"og:url\" content=\"https:\/\/www.idena.fr\/ro\/expertiza-noastra\/zootehnica\/\" \/>\n<meta property=\"og:site_name\" content=\"Idena\" \/>\n<meta property=\"article:modified_time\" content=\"2025-02-24T15:21:57+00:00\" \/>\n<meta property=\"og:image\" content=\"https:\/\/www.idena.fr\/wp-content\/uploads\/header-1-2.jpg\" \/>\n\t<meta property=\"og:image:width\" content=\"1300\" \/>\n\t<meta property=\"og:image:height\" content=\"547\" \/>\n\t<meta property=\"og:image:type\" content=\"image\/jpeg\" \/>\n<meta name=\"twitter:card\" content=\"summary_large_image\" \/>\n<meta name=\"twitter:label1\" content=\"Timp estimat pentru citire\" \/>\n\t<meta name=\"twitter:data1\" content=\"5 minute\" \/>\n<script type=\"application\/ld+json\" class=\"yoast-schema-graph\">{\"@context\":\"https:\/\/schema.org\",\"@graph\":[{\"@type\":\"WebPage\",\"@id\":\"https:\/\/www.idena.fr\/ro\/expertiza-noastra\/zootehnica\/\",\"url\":\"https:\/\/www.idena.fr\/ro\/expertiza-noastra\/zootehnica\/\",\"name\":\"Expertiza zootehnic\u0103 a IDENA | Idena\",\"isPartOf\":{\"@id\":\"https:\/\/idena-wordpress-web.dev.imcr.dev\/#website\"},\"primaryImageOfPage\":{\"@id\":\"https:\/\/www.idena.fr\/ro\/expertiza-noastra\/zootehnica\/#primaryimage\"},\"image\":{\"@id\":\"https:\/\/www.idena.fr\/ro\/expertiza-noastra\/zootehnica\/#primaryimage\"},\"thumbnailUrl\":\"https:\/\/www.idena.fr\/wp-content\/uploads\/header-1-2.jpg\",\"datePublished\":\"2024-08-09T14:26:58+00:00\",\"dateModified\":\"2025-02-24T15:21:57+00:00\",\"description\":\"Expertiza zootehnic\u0103 pentru o abordare unic\u0103, cu audituri la ferm\u0103 \u0219i instrumente decizionale adaptate nevoilor specifice ale fiec\u0103rei ferme.\",\"breadcrumb\":{\"@id\":\"https:\/\/www.idena.fr\/ro\/expertiza-noastra\/zootehnica\/#breadcrumb\"},\"inLanguage\":\"ro-RO\",\"potentialAction\":[{\"@type\":\"ReadAction\",\"target\":[\"https:\/\/www.idena.fr\/ro\/expertiza-noastra\/zootehnica\/\"]}]},{\"@type\":\"ImageObject\",\"inLanguage\":\"ro-RO\",\"@id\":\"https:\/\/www.idena.fr\/ro\/expertiza-noastra\/zootehnica\/#primaryimage\",\"url\":\"https:\/\/www.idena.fr\/wp-content\/uploads\/header-1-2.jpg\",\"contentUrl\":\"https:\/\/www.idena.fr\/wp-content\/uploads\/header-1-2.jpg\"},{\"@type\":\"BreadcrumbList\",\"@id\":\"https:\/\/www.idena.fr\/ro\/expertiza-noastra\/zootehnica\/#breadcrumb\",\"itemListElement\":[{\"@type\":\"ListItem\",\"position\":1,\"name\":\"Accueil\",\"item\":\"https:\/\/www.idena.fr\/ro\/\"},{\"@type\":\"ListItem\",\"position\":2,\"name\":\"Expertiza noastr\u0103\",\"item\":\"https:\/\/www.idena.fr\/ro\/expertiza-noastra\/\"},{\"@type\":\"ListItem\",\"position\":3,\"name\":\"Zootehnic\u0103\"}]},{\"@type\":\"WebSite\",\"@id\":\"https:\/\/idena-wordpress-web.dev.imcr.dev\/#website\",\"url\":\"https:\/\/idena-wordpress-web.dev.imcr.dev\/\",\"name\":\"Idena\",\"description\":\"\",\"publisher\":{\"@id\":\"https:\/\/idena-wordpress-web.dev.imcr.dev\/#organization\"},\"potentialAction\":[{\"@type\":\"SearchAction\",\"target\":{\"@type\":\"EntryPoint\",\"urlTemplate\":\"https:\/\/idena-wordpress-web.dev.imcr.dev\/?s={search_term_string}\"},\"query-input\":{\"@type\":\"PropertyValueSpecification\",\"valueRequired\":true,\"valueName\":\"search_term_string\"}}],\"inLanguage\":\"ro-RO\"},{\"@type\":\"Organization\",\"@id\":\"https:\/\/idena-wordpress-web.dev.imcr.dev\/#organization\",\"name\":\"Idena\",\"url\":\"https:\/\/idena-wordpress-web.dev.imcr.dev\/\",\"logo\":{\"@type\":\"ImageObject\",\"inLanguage\":\"ro-RO\",\"@id\":\"https:\/\/idena-wordpress-web.dev.imcr.dev\/#\/schema\/logo\/image\/\",\"url\":\"https:\/\/www.idena.fr\/wp-content\/uploads\/logo-idena-1.svg\",\"contentUrl\":\"https:\/\/www.idena.fr\/wp-content\/uploads\/logo-idena-1.svg\",\"width\":393,\"height\":106,\"caption\":\"Idena\"},\"image\":{\"@id\":\"https:\/\/idena-wordpress-web.dev.imcr.dev\/#\/schema\/logo\/image\/\"}}]}<\/script>\n<!-- \/ Yoast SEO plugin. -->","yoast_head_json":{"title":"Expertiza zootehnic\u0103 a IDENA | Idena","description":"Expertiza zootehnic\u0103 pentru o abordare unic\u0103, cu audituri la ferm\u0103 \u0219i instrumente decizionale adaptate nevoilor specifice ale fiec\u0103rei ferme.","robots":{"index":"index","follow":"follow","max-snippet":"max-snippet:-1","max-image-preview":"max-image-preview:large","max-video-preview":"max-video-preview:-1"},"canonical":"https:\/\/www.idena.fr\/ro\/expertiza-noastra\/zootehnica\/","og_locale":"ro_RO","og_type":"article","og_title":"Expertiza zootehnic\u0103 a IDENA | Idena","og_description":"Expertiza zootehnic\u0103 pentru o abordare unic\u0103, cu audituri la ferm\u0103 \u0219i instrumente decizionale adaptate nevoilor specifice ale fiec\u0103rei ferme.","og_url":"https:\/\/www.idena.fr\/ro\/expertiza-noastra\/zootehnica\/","og_site_name":"Idena","article_modified_time":"2025-02-24T15:21:57+00:00","og_image":[{"width":1300,"height":547,"url":"https:\/\/www.idena.fr\/wp-content\/uploads\/header-1-2.jpg","type":"image\/jpeg"}],"twitter_card":"summary_large_image","twitter_misc":{"Timp estimat pentru citire":"5 minute"},"schema":{"@context":"https:\/\/schema.org","@graph":[{"@type":"WebPage","@id":"https:\/\/www.idena.fr\/ro\/expertiza-noastra\/zootehnica\/","url":"https:\/\/www.idena.fr\/ro\/expertiza-noastra\/zootehnica\/","name":"Expertiza zootehnic\u0103 a IDENA | Idena","isPartOf":{"@id":"https:\/\/idena-wordpress-web.dev.imcr.dev\/#website"},"primaryImageOfPage":{"@id":"https:\/\/www.idena.fr\/ro\/expertiza-noastra\/zootehnica\/#primaryimage"},"image":{"@id":"https:\/\/www.idena.fr\/ro\/expertiza-noastra\/zootehnica\/#primaryimage"},"thumbnailUrl":"https:\/\/www.idena.fr\/wp-content\/uploads\/header-1-2.jpg","datePublished":"2024-08-09T14:26:58+00:00","dateModified":"2025-02-24T15:21:57+00:00","description":"Expertiza zootehnic\u0103 pentru o abordare unic\u0103, cu audituri la ferm\u0103 \u0219i instrumente decizionale adaptate nevoilor specifice ale fiec\u0103rei ferme.","breadcrumb":{"@id":"https:\/\/www.idena.fr\/ro\/expertiza-noastra\/zootehnica\/#breadcrumb"},"inLanguage":"ro-RO","potentialAction":[{"@type":"ReadAction","target":["https:\/\/www.idena.fr\/ro\/expertiza-noastra\/zootehnica\/"]}]},{"@type":"ImageObject","inLanguage":"ro-RO","@id":"https:\/\/www.idena.fr\/ro\/expertiza-noastra\/zootehnica\/#primaryimage","url":"https:\/\/www.idena.fr\/wp-content\/uploads\/header-1-2.jpg","contentUrl":"https:\/\/www.idena.fr\/wp-content\/uploads\/header-1-2.jpg"},{"@type":"BreadcrumbList","@id":"https:\/\/www.idena.fr\/ro\/expertiza-noastra\/zootehnica\/#breadcrumb","itemListElement":[{"@type":"ListItem","position":1,"name":"Accueil","item":"https:\/\/www.idena.fr\/ro\/"},{"@type":"ListItem","position":2,"name":"Expertiza noastr\u0103","item":"https:\/\/www.idena.fr\/ro\/expertiza-noastra\/"},{"@type":"ListItem","position":3,"name":"Zootehnic\u0103"}]},{"@type":"WebSite","@id":"https:\/\/idena-wordpress-web.dev.imcr.dev\/#website","url":"https:\/\/idena-wordpress-web.dev.imcr.dev\/","name":"Idena","description":"","publisher":{"@id":"https:\/\/idena-wordpress-web.dev.imcr.dev\/#organization"},"potentialAction":[{"@type":"SearchAction","target":{"@type":"EntryPoint","urlTemplate":"https:\/\/idena-wordpress-web.dev.imcr.dev\/?s={search_term_string}"},"query-input":{"@type":"PropertyValueSpecification","valueRequired":true,"valueName":"search_term_string"}}],"inLanguage":"ro-RO"},{"@type":"Organization","@id":"https:\/\/idena-wordpress-web.dev.imcr.dev\/#organization","name":"Idena","url":"https:\/\/idena-wordpress-web.dev.imcr.dev\/","logo":{"@type":"ImageObject","inLanguage":"ro-RO","@id":"https:\/\/idena-wordpress-web.dev.imcr.dev\/#\/schema\/logo\/image\/","url":"https:\/\/www.idena.fr\/wp-content\/uploads\/logo-idena-1.svg","contentUrl":"https:\/\/www.idena.fr\/wp-content\/uploads\/logo-idena-1.svg","width":393,"height":106,"caption":"Idena"},"image":{"@id":"https:\/\/idena-wordpress-web.dev.imcr.dev\/#\/schema\/logo\/image\/"}}]}},"mfb_rest_fields":["title","yoast_head","yoast_head_json"],"_links":{"self":[{"href":"https:\/\/www.idena.fr\/ro\/wp-json\/wp\/v2\/pages\/5145","targetHints":{"allow":["GET"]}}],"collection":[{"href":"https:\/\/www.idena.fr\/ro\/wp-json\/wp\/v2\/pages"}],"about":[{"href":"https:\/\/www.idena.fr\/ro\/wp-json\/wp\/v2\/types\/page"}],"author":[{"embeddable":true,"href":"https:\/\/www.idena.fr\/ro\/wp-json\/wp\/v2\/users\/1"}],"replies":[{"embeddable":true,"href":"https:\/\/www.idena.fr\/ro\/wp-json\/wp\/v2\/comments?post=5145"}],"version-history":[{"count":1,"href":"https:\/\/www.idena.fr\/ro\/wp-json\/wp\/v2\/pages\/5145\/revisions"}],"predecessor-version":[{"id":5146,"href":"https:\/\/www.idena.fr\/ro\/wp-json\/wp\/v2\/pages\/5145\/revisions\/5146"}],"up":[{"embeddable":true,"href":"https:\/\/www.idena.fr\/ro\/wp-json\/wp\/v2\/pages\/5221"}],"wp:attachment":[{"href":"https:\/\/www.idena.fr\/ro\/wp-json\/wp\/v2\/media?parent=5145"}],"curies":[{"name":"wp","href":"https:\/\/api.w.org\/{rel}","templated":true}]}}