{"id":5152,"date":"2024-08-14T15:30:16","date_gmt":"2024-08-14T13:30:16","guid":{"rendered":"https:\/\/www.idena.fr\/?page_id=5152"},"modified":"2025-02-03T14:41:40","modified_gmt":"2025-02-03T13:41:40","slug":"valorile-si-angajamentele-noastre","status":"publish","type":"page","link":"https:\/\/www.idena.fr\/ro\/valorile-si-angajamentele-noastre\/","title":{"rendered":"Valorile \u0219i angajamentele noastre"},"content":{"rendered":"\n<div class=\"wp-block-group alignwide header-page has-primary-10-background-color has-background animate__fadeInUp animation-extend paused animate__animated\" style=\"padding-top:0;padding-bottom:0;border-radius:0\"><div class=\"wp-block-group__inner-container is-layout-constrained wp-block-group-is-layout-constrained\">\n<div class=\"wp-block-media-text alignwide has-media-on-the-right is-stacked-on-mobile is-image-fill reverse-mobile\"><div class=\"wp-block-media-text__content\">\n<div class=\"wp-block-group animate__fadeInUp animation-extend paused animate__animated\" style=\"border-radius:0\"><div class=\"wp-block-group__inner-container is-layout-constrained wp-block-group-is-layout-constrained\">\n<h1 class=\"wp-block-heading has-neutral-100-color has-text-color has-link-color icone-muscle wp-elements-87b509c1cab74a1f9a871574a374e400\"><mark style=\"background-color:rgba(0, 0, 0, 0)\" class=\"has-inline-color has-primary-50-color\">Valorile \u0219i angajamentele<\/mark> care ne-au ghidat \u00eenc\u0103 de la \u00eenceput<\/h1>\n\n\n\n<p class=\"is-style-intro has-neutral-60-color has-text-color has-link-color wp-elements-f8a38fdacc2330abe651ef9f2b7cd0d9\">IDENA este o companie <strong>made in France<\/strong> sus\u021binut\u0103 de la \u00eenceput de o echip\u0103 independent\u0103. Este un angajament \u0219i o garan\u021bie de <strong>dinamism<\/strong>, <strong>spirit de lupt\u0103<\/strong> \u015fi <strong>aten\u021bie<\/strong> fa\u021b\u0103 de to\u021bi partenerii no\u0219tri.<\/p>\n<\/div><\/div>\n<\/div><figure class=\"wp-block-media-text__media\" style=\"background-image:url(https:\/\/www.idena.fr\/wp-content\/uploads\/header-1-6.jpg);background-position:50% 50%\"><img loading=\"lazy\" decoding=\"async\" width=\"1300\" height=\"547\" src=\"https:\/\/www.idena.fr\/wp-content\/uploads\/header-1-6.jpg\" alt=\"Header (1)\" class=\"wp-image-3537 size-full\" srcset=\"https:\/\/www.idena.fr\/wp-content\/uploads\/header-1-6.jpg 1300w, https:\/\/www.idena.fr\/wp-content\/uploads\/header-1-6-768x323.jpg 768w\" sizes=\"auto, (max-width: 1300px) 100vw, 1300px\" \/><\/figure><\/div>\n<\/div><\/div>\n\n\n\n<div class=\"wp-block-ic-blocks-responsive-spacer\"><div style=\"height:100px\"><\/div><div style=\"height:50px\"><\/div><\/div>\n\n\n\n<h2 class=\"wp-block-heading has-text-align-center \"><strong>Motiva\u021bia noastr\u0103 este pasiunea pentru activitatea noastr\u0103: inova\u021bie \u0219i nutri\u021bie animal\u0103 durabil\u0103.<\/strong><\/h2>\n\n\n\n<div class=\"wp-block-ic-blocks-responsive-spacer\"><div style=\"height:100px\"><\/div><div style=\"height:50px\"><\/div><\/div>\n\n\n\n<div class=\"wp-block-group alignwide animate__fadeInUp animation-extend paused animate__animated\" style=\"border-radius:0\"><div class=\"wp-block-group__inner-container is-layout-constrained wp-block-group-is-layout-constrained\">\n<div class=\"wp-block-group aligncenter animate__fadeInUp animation-extend paused animate__animated\" style=\"border-radius:0\"><div class=\"wp-block-group__inner-container is-layout-constrained wp-block-group-is-layout-constrained\">\n<h2 class=\"wp-block-heading has-text-align-center \">Idena, este <mark style=\"background-color:rgba(0, 0, 0, 0)\" class=\"has-inline-color has-primary-50-color\">o idee diferit\u0103<\/mark> de nutri\u021bie animal\u0103.<\/h2>\n\n\n\n<div class=\"wp-block-ic-blocks-responsive-spacer\"><div style=\"height:100px\"><\/div><div style=\"height:50px\"><\/div><\/div>\n\n\n\n<h2 class=\"wp-block-heading has-text-align-center icone-dizzy\">Prin <mark style=\"background-color:rgba(0, 0, 0, 0)\" class=\"has-inline-color has-secondary-30-color\">valorile<\/mark> noastre<\/h2>\n\n\n\n<div class=\"wp-block-ic-blocks-responsive-spacer\"><div style=\"height:50px\"><\/div><div style=\"height:30px\"><\/div><\/div>\n\n\n\n<div class=\"wp-block-columns columns-border is-layout-flex wp-container-core-columns-is-layout-9d6595d7 wp-block-columns-is-layout-flex\" style=\"border-radius:0\">\n<div class=\"wp-block-column is-layout-flow wp-block-column-is-layout-flow\">\n<figure class=\"wp-block-image size-full\"><img loading=\"lazy\" decoding=\"async\" width=\"1300\" height=\"867\" src=\"https:\/\/www.idena.fr\/wp-content\/uploads\/independance.jpg\" alt=\"independance\" class=\"wp-image-3539\" srcset=\"https:\/\/www.idena.fr\/wp-content\/uploads\/independance.jpg 1300w, https:\/\/www.idena.fr\/wp-content\/uploads\/independance-768x512.jpg 768w\" sizes=\"auto, (max-width: 1300px) 100vw, 1300px\" \/><\/figure>\n\n\n\n<h3 class=\"wp-block-heading \">Independen\u021b\u0103 :<\/h3>\n\n\n\n<p>Suntem o companie independent\u0103 de\u021binut\u0103 de angaja\u021bii no\u0219tri \u0219i am fost de la \u00eenceput.<\/p>\n<\/div>\n\n\n\n<div class=\"wp-block-column is-layout-flow wp-block-column-is-layout-flow\">\n<figure class=\"wp-block-image size-full\"><img loading=\"lazy\" decoding=\"async\" width=\"1300\" height=\"731\" src=\"https:\/\/www.idena.fr\/wp-content\/uploads\/innovation.jpg\" alt=\"innovation\" class=\"wp-image-3540\" srcset=\"https:\/\/www.idena.fr\/wp-content\/uploads\/innovation.jpg 1300w, https:\/\/www.idena.fr\/wp-content\/uploads\/innovation-768x432.jpg 768w\" sizes=\"auto, (max-width: 1300px) 100vw, 1300px\" \/><\/figure>\n\n\n\n<h3 class=\"wp-block-heading \">Inova\u021bie&nbsp;: <\/h3>\n\n\n\n<p>Combin\u0103m expertiza nutri\u021bional\u0103 cu crearea de produse inovatoare, \u021bintite, folosind o tehnologie precis\u0103, inspirat\u0103 de farmacie.&nbsp;<\/p>\n<\/div>\n\n\n\n<div class=\"wp-block-column is-layout-flow wp-block-column-is-layout-flow\">\n<figure class=\"wp-block-image size-full\"><img loading=\"lazy\" decoding=\"async\" width=\"1300\" height=\"547\" src=\"https:\/\/www.idena.fr\/wp-content\/uploads\/one-health.jpg\" alt=\"one-health\" class=\"wp-image-3541\" srcset=\"https:\/\/www.idena.fr\/wp-content\/uploads\/one-health.jpg 1300w, https:\/\/www.idena.fr\/wp-content\/uploads\/one-health-768x323.jpg 768w\" sizes=\"auto, (max-width: 1300px) 100vw, 1300px\" \/><\/figure>\n\n\n\n<h3 class=\"wp-block-heading \">One Health&nbsp;: <\/h3>\n\n\n\n<p>Dorim s\u0103 anticip\u0103m \u0219i s\u0103 sus\u021binem \u00een mod durabil viitorul cre\u0219terii animalelor \u0219i al sectoarelor zootehnice pentru viitorul nostru al tuturor, pentru a realiza un echilibru Natur\u0103 \u2013 Animal \u2013 Om.&nbsp;<\/p>\n<\/div>\n<\/div>\n<\/div><\/div>\n<\/div><\/div>\n\n\n\n<div class=\"wp-block-ic-blocks-responsive-spacer\"><div style=\"height:100px\"><\/div><div style=\"height:50px\"><\/div><\/div>\n\n\n\n<h2 class=\"wp-block-heading has-text-align-center icone-muscle\">Prin <mark style=\"background-color:rgba(0, 0, 0, 0)\" class=\"has-inline-color has-secondary-30-color\">angajamentul<\/mark> nostru<\/h2>\n\n\n\n<p class=\"is-style-intro\"><strong>IDENA, <\/strong>este crea\u021bia a cinci persoane unite de un singur crez:<strong>&nbsp;s\u0103 creeze \u0219i s\u0103 proiecteze nutri\u021bia animal\u0103 de m\u00e2ine.<br><br><\/strong>Sectorul agricol se confrunt\u0103 cu numeroase provoc\u0103ri. Una dintre cele mai importante este<strong> hr\u0103nirea unei popula\u021bii mondiale \u00een cre\u0219tere, respect\u00e2nd \u00een acela\u0219i timp natura, animalele \u0219i a\u0219tept\u0103rile societ\u0103\u021bii.<\/strong> <\/p>\n\n\n\n<p class=\"is-style-intro\">Ne-am pozi\u021bionat clar \u00een aceste domenii \u00eenc\u0103 de la \u00eenfiin\u021barea companiei, dezvolt\u00e2nd o expertiz\u0103 puternic\u0103 \u0219i oferind solu\u021bii viabile care combin\u0103<strong>&nbsp;productivitatea \u0219i bun\u0103starea animalelor.<\/strong><\/p>\n\n\n\n<div class=\"wp-block-ic-blocks-responsive-spacer\"><div style=\"height:100px\"><\/div><div style=\"height:50px\"><\/div><\/div>\n\n\n\n<div class=\"wp-block-group has-primary-10-background-color has-background animate__fadeInUp animation-extend paused animate__animated\" style=\"padding-left:40px;padding-right:40px;border-radius:0\"><div class=\"wp-block-group__inner-container is-layout-constrained wp-block-group-is-layout-constrained\">\n<div class=\"wp-block-columns are-vertically-aligned-center is-layout-flex wp-container-core-columns-is-layout-9d6595d7 wp-block-columns-is-layout-flex\" style=\"border-radius:0\">\n<div class=\"wp-block-column is-vertically-aligned-center is-layout-flow wp-block-column-is-layout-flow\">\n<figure class=\"wp-block-image size-full is-style-rounded\"><img loading=\"lazy\" decoding=\"async\" width=\"890\" height=\"546\" src=\"https:\/\/www.idena.fr\/wp-content\/uploads\/notre-engagement-idena-e1725886604132.jpg\" alt=\"Notre_engagement_IDENA\" class=\"wp-image-3542\" srcset=\"https:\/\/www.idena.fr\/wp-content\/uploads\/notre-engagement-idena-e1725886604132.jpg 890w, https:\/\/www.idena.fr\/wp-content\/uploads\/notre-engagement-idena-e1725886604132-768x471.jpg 768w\" sizes=\"auto, (max-width: 890px) 100vw, 890px\" \/><\/figure>\n<\/div>\n\n\n\n<div class=\"wp-block-column is-vertically-aligned-center is-layout-flow wp-block-column-is-layout-flow\">\n<div class=\"wp-block-group animate__fadeInUp animation-extend paused animate__animated\" style=\"border-radius:0\"><div class=\"wp-block-group__inner-container is-layout-constrained wp-block-group-is-layout-constrained\">\n<h2 class=\"wp-block-heading margin-top-0 icone-seedling\">La IDENA, angajamentul nostru <mark style=\"background-color:rgba(0, 0, 0, 0)\" class=\"has-inline-color has-primary-30-color\">este \u00een primul r\u00e2nd<\/mark> :<\/h2>\n\n\n\n<ul class=\"wp-block-list list-blue-dot\">\n<li><strong>RESPECT<\/strong> pentru animale.<\/li>\n\n\n\n<li><strong>RESPECT<\/strong> pentru a\u015ftept\u0103rile societ\u0103\u0163ii.<\/li>\n\n\n\n<li><strong>SPIRIT DE ECHIP\u0102<\/strong> \u015fi <strong>PROXIMITATE<\/strong> cu partenerii no\u0219tri clien\u021bi.<\/li>\n\n\n\n<li><strong>EXPERTIZ\u0102<\/strong>&nbsp;: know-how-ul Id\u00e9niens reflect\u0103 valoarea companiei \u0219i \u00eei confer\u0103 profesionalism \u00een ochii partenerilor s\u0103i. Expertiza noastr\u0103 \u00een reproducere se afl\u0103 \u00een centrul activit\u0103\u021bii noastre de zi cu zi.&nbsp;<\/li>\n\n\n\n<li><strong>PROXIMITATE<\/strong> : ne \u00eenso\u021bim clien\u021bii direct pe teren, astfel \u00eenc\u00e2t s\u0103 fim prezen\u021bi pe tot parcursul procesului de fabrica\u021bie \u0219i de cre\u0219tere a produsului.<\/li>\n\n\n\n<li><strong>ADAPTABILITATE<\/strong> : ne adapt\u0103m la mediul nostru pentru a anticipa nevoile, a fi receptivi \u0219i a r\u0103spunde a\u0219tept\u0103rilor angaja\u021bilor \u0219i clien\u021bilor no\u0219tri.<\/li>\n<\/ul>\n<\/div><\/div>\n<\/div>\n<\/div>\n<\/div><\/div>\n\n\n\n<div class=\"wp-block-ic-blocks-responsive-spacer\"><div style=\"height:100px\"><\/div><div style=\"height:50px\"><\/div><\/div>\n\n\n\n<blockquote class=\"wp-block-quote is-layout-flow wp-block-quote-is-layout-flow\">\n<p>&#8222;\u00centreb\u0103rile din activitatea noastr\u0103 necesit\u0103 mai mult dec\u00e2t un singur r\u0103spuns, iar provoc\u0103rile cu care ne confrunt\u0103m ast\u0103zi \u0219i \u00een viitor necesit\u0103 mai mult dec\u00e2t o singur\u0103 solu\u021bie.&#8221; <br><em>Angajamentul nostru la IDENA \u00eenseamn\u0103, de asemenea, respectarea CSR (Corporate Social Responsibility) \u0219i a a\u0219tept\u0103rilor societ\u0103\u021bii. \u00cen acest scop, IDENA \u0219i-a dezvoltat politica de CSR \u00een favoarea unei lumi mai durabile.&nbsp;<\/em><\/p>\n<\/blockquote>\n\n\n\n<div class=\"wp-block-ic-blocks-responsive-spacer\"><div style=\"height:100px\"><\/div><div style=\"height:50px\"><\/div><\/div>\n\n\n\n<div class=\"wp-block-media-text is-stacked-on-mobile is-image-fill \"><figure class=\"wp-block-media-text__media\" style=\"background-image:url(https:\/\/www.idena.fr\/wp-content\/uploads\/nos-expertises-700x1052.jpg);background-position:53% 32%\"><img loading=\"lazy\" decoding=\"async\" width=\"700\" height=\"1052\" src=\"https:\/\/www.idena.fr\/wp-content\/uploads\/nos-expertises-700x1052.jpg\" alt=\"nos-expertises\" class=\"wp-image-3544 size-full\" srcset=\"https:\/\/www.idena.fr\/wp-content\/uploads\/nos-expertises-700x1052.jpg 700w, https:\/\/www.idena.fr\/wp-content\/uploads\/nos-expertises-768x1154.jpg 768w, https:\/\/www.idena.fr\/wp-content\/uploads\/nos-expertises-1022x1536.jpg 1022w, https:\/\/www.idena.fr\/wp-content\/uploads\/nos-expertises.jpg 1300w\" sizes=\"auto, (max-width: 700px) 100vw, 700px\" \/><\/figure><div class=\"wp-block-media-text__content\">\n<div class=\"wp-block-group animate__fadeInUp animation-extend paused animate__animated\" style=\"border-radius:0\"><div class=\"wp-block-group__inner-container is-layout-constrained wp-block-group-is-layout-constrained\">\n<h2 class=\"wp-block-heading has-text-align-left icone-rocket\"><mark style=\"background-color:rgba(0, 0, 0, 0)\" class=\"has-inline-color has-secondary-50-color\">Expertiza noastr\u0103&nbsp;<br><\/mark><\/h2>\n\n\n\n<p>Activitatea de zi cu zi a exper\u021bilor IDENA se desf\u0103\u0219oar\u0103 \u00een dou\u0103 domenii majore de expertiz\u0103, cu un obiectiv general: inovarea \u0219i creativitatea \u00een serviciul industriei zootehnice.&nbsp;<\/p>\n\n\n\n<p>Av\u00e2nd inova\u021bia \u00een centrul cre\u0103rii IDENA, ne-am structurat ideile \u00een jurul unei activit\u0103\u021bi intense \u0219i anticipative de \u201e<strong>cercetare \u0219i dezvoltare<\/strong>\u201d pentru a r\u0103spunde mai bine nevoilor pie\u021bei \u0219i pentru a gestiona mai bine constr\u00e2ngerile de reglementare prezente \u0219i viitoare. &nbsp;<\/p>\n\n\n\n<p>Ne-am construit activitatea \u00een jurul unei expertize fundamentale \u00een acest domeniu:&nbsp;<strong>cuno\u0219tin\u021be despre nutri\u021bie \u0219i animale<\/strong>&nbsp;\u0219i, prin urmare, o \u00een\u021belegere puternic\u0103 a&nbsp;<strong>zootehniei<\/strong>. Exper\u021bii no\u0219tri IDENA, care provin cu to\u021bii din lumea cre\u0219terii animalelor \u0219i \u00eei dedic\u0103 mai mult de jum\u0103tate din timpul lor, au o \u00een\u021belegere unic\u0103 a nevoilor animalelor.&nbsp;Ad\u0103ug\u00e2nd la aceasta expertiza noastr\u0103 \u00een nutri\u021bia animalelor \u0219i&nbsp;<strong>materiile prime<\/strong>, oferim solu\u021bii complete \u0219i inovatoare.<\/p>\n\n\n\n<p>Alternativele noastre sunt adaptate la nevoile fiziologice ale animalelor dumneavoastr\u0103, oferind rezultate zootehnice mai bune \u0219i confort maxim animalelor. &nbsp;&nbsp;<\/p>\n<\/div><\/div>\n<\/div><\/div>\n\n\n\n<div class=\"wp-block-ic-blocks-responsive-spacer\"><div style=\"height:100px\"><\/div><div style=\"height:50px\"><\/div><\/div>\n","protected":false},"excerpt":{"rendered":"<p>Valorile \u0219i angajamentele care ne-au ghidat \u00eenc\u0103 de la \u00eenceput IDENA este o companie made in France sus\u021binut\u0103 de la \u00eenceput de o echip\u0103 independent\u0103. Este un angajament \u0219i o garan\u021bie de dinamism, spirit de lupt\u0103 \u015fi aten\u021bie fa\u021b\u0103 de to\u021bi partenerii no\u0219tri. Motiva\u021bia noastr\u0103 este pasiunea pentru activitatea noastr\u0103: inova\u021bie \u0219i nutri\u021bie animal\u0103 durabil\u0103. [&hellip;]<\/p>\n","protected":false},"author":1,"featured_media":0,"parent":0,"menu_order":0,"comment_status":"closed","ping_status":"closed","template":"","meta":{"_acf_changed":false,"inline_featured_image":false,"footnotes":""},"class_list":["post-5152","page","type-page","status-publish","hentry"],"acf":[],"mb":[],"yoast_head":"<!-- This site is optimized with the Yoast SEO plugin v27.0 - https:\/\/yoast.com\/product\/yoast-seo-wordpress\/ -->\n<title>Valorile \u0219i angajamentele noastre : Nutri\u021bia animalelor \u0219i inovarea | Idena<\/title>\n<meta name=\"description\" content=\"Angajamentele IDENA \u00een nutri\u021bia animalelor: respect pentru animale, inovare, spirit de echip\u0103 \u0219i expertiz\u0103. Descoperi\u021bi valorile noastre.\" \/>\n<meta name=\"robots\" content=\"index, follow, max-snippet:-1, max-image-preview:large, max-video-preview:-1\" \/>\n<link rel=\"canonical\" href=\"https:\/\/www.idena.fr\/ro\/valorile-si-angajamentele-noastre\/\" \/>\n<meta property=\"og:locale\" content=\"ro_RO\" \/>\n<meta property=\"og:type\" content=\"article\" \/>\n<meta property=\"og:title\" content=\"Valorile \u0219i angajamentele noastre : Nutri\u021bia animalelor \u0219i inovarea | Idena\" \/>\n<meta property=\"og:description\" content=\"Angajamentele IDENA \u00een nutri\u021bia animalelor: respect pentru animale, inovare, spirit de echip\u0103 \u0219i expertiz\u0103. Descoperi\u021bi valorile noastre.\" \/>\n<meta property=\"og:url\" content=\"https:\/\/www.idena.fr\/ro\/valorile-si-angajamentele-noastre\/\" \/>\n<meta property=\"og:site_name\" content=\"Idena\" \/>\n<meta property=\"article:modified_time\" content=\"2025-02-03T13:41:40+00:00\" \/>\n<meta property=\"og:image\" content=\"https:\/\/www.idena.fr\/wp-content\/uploads\/header-1-6.jpg\" \/>\n\t<meta property=\"og:image:width\" content=\"1300\" \/>\n\t<meta property=\"og:image:height\" content=\"547\" \/>\n\t<meta property=\"og:image:type\" content=\"image\/jpeg\" \/>\n<meta name=\"twitter:card\" content=\"summary_large_image\" \/>\n<meta name=\"twitter:label1\" content=\"Timp estimat pentru citire\" \/>\n\t<meta name=\"twitter:data1\" content=\"4 minute\" \/>\n<script type=\"application\/ld+json\" class=\"yoast-schema-graph\">{\"@context\":\"https:\/\/schema.org\",\"@graph\":[{\"@type\":\"WebPage\",\"@id\":\"https:\/\/www.idena.fr\/ro\/valorile-si-angajamentele-noastre\/\",\"url\":\"https:\/\/www.idena.fr\/ro\/valorile-si-angajamentele-noastre\/\",\"name\":\"Valorile \u0219i angajamentele noastre : Nutri\u021bia animalelor \u0219i inovarea | Idena\",\"isPartOf\":{\"@id\":\"https:\/\/idena-wordpress-web.dev.imcr.dev\/#website\"},\"primaryImageOfPage\":{\"@id\":\"https:\/\/www.idena.fr\/ro\/valorile-si-angajamentele-noastre\/#primaryimage\"},\"image\":{\"@id\":\"https:\/\/www.idena.fr\/ro\/valorile-si-angajamentele-noastre\/#primaryimage\"},\"thumbnailUrl\":\"https:\/\/www.idena.fr\/wp-content\/uploads\/header-1-6.jpg\",\"datePublished\":\"2024-08-14T13:30:16+00:00\",\"dateModified\":\"2025-02-03T13:41:40+00:00\",\"description\":\"Angajamentele IDENA \u00een nutri\u021bia animalelor: respect pentru animale, inovare, spirit de echip\u0103 \u0219i expertiz\u0103. Descoperi\u021bi valorile noastre.\",\"breadcrumb\":{\"@id\":\"https:\/\/www.idena.fr\/ro\/valorile-si-angajamentele-noastre\/#breadcrumb\"},\"inLanguage\":\"ro-RO\",\"potentialAction\":[{\"@type\":\"ReadAction\",\"target\":[\"https:\/\/www.idena.fr\/ro\/valorile-si-angajamentele-noastre\/\"]}]},{\"@type\":\"ImageObject\",\"inLanguage\":\"ro-RO\",\"@id\":\"https:\/\/www.idena.fr\/ro\/valorile-si-angajamentele-noastre\/#primaryimage\",\"url\":\"https:\/\/www.idena.fr\/wp-content\/uploads\/header-1-6.jpg\",\"contentUrl\":\"https:\/\/www.idena.fr\/wp-content\/uploads\/header-1-6.jpg\"},{\"@type\":\"BreadcrumbList\",\"@id\":\"https:\/\/www.idena.fr\/ro\/valorile-si-angajamentele-noastre\/#breadcrumb\",\"itemListElement\":[{\"@type\":\"ListItem\",\"position\":1,\"name\":\"Accueil\",\"item\":\"https:\/\/www.idena.fr\/ro\/\"},{\"@type\":\"ListItem\",\"position\":2,\"name\":\"Valorile \u0219i angajamentele noastre\"}]},{\"@type\":\"WebSite\",\"@id\":\"https:\/\/idena-wordpress-web.dev.imcr.dev\/#website\",\"url\":\"https:\/\/idena-wordpress-web.dev.imcr.dev\/\",\"name\":\"Idena\",\"description\":\"\",\"publisher\":{\"@id\":\"https:\/\/idena-wordpress-web.dev.imcr.dev\/#organization\"},\"potentialAction\":[{\"@type\":\"SearchAction\",\"target\":{\"@type\":\"EntryPoint\",\"urlTemplate\":\"https:\/\/idena-wordpress-web.dev.imcr.dev\/?s={search_term_string}\"},\"query-input\":{\"@type\":\"PropertyValueSpecification\",\"valueRequired\":true,\"valueName\":\"search_term_string\"}}],\"inLanguage\":\"ro-RO\"},{\"@type\":\"Organization\",\"@id\":\"https:\/\/idena-wordpress-web.dev.imcr.dev\/#organization\",\"name\":\"Idena\",\"url\":\"https:\/\/idena-wordpress-web.dev.imcr.dev\/\",\"logo\":{\"@type\":\"ImageObject\",\"inLanguage\":\"ro-RO\",\"@id\":\"https:\/\/idena-wordpress-web.dev.imcr.dev\/#\/schema\/logo\/image\/\",\"url\":\"https:\/\/www.idena.fr\/wp-content\/uploads\/logo-idena-1.svg\",\"contentUrl\":\"https:\/\/www.idena.fr\/wp-content\/uploads\/logo-idena-1.svg\",\"width\":393,\"height\":106,\"caption\":\"Idena\"},\"image\":{\"@id\":\"https:\/\/idena-wordpress-web.dev.imcr.dev\/#\/schema\/logo\/image\/\"}}]}<\/script>\n<!-- \/ Yoast SEO plugin. -->","yoast_head_json":{"title":"Valorile \u0219i angajamentele noastre : Nutri\u021bia animalelor \u0219i inovarea | Idena","description":"Angajamentele IDENA \u00een nutri\u021bia animalelor: respect pentru animale, inovare, spirit de echip\u0103 \u0219i expertiz\u0103. Descoperi\u021bi valorile noastre.","robots":{"index":"index","follow":"follow","max-snippet":"max-snippet:-1","max-image-preview":"max-image-preview:large","max-video-preview":"max-video-preview:-1"},"canonical":"https:\/\/www.idena.fr\/ro\/valorile-si-angajamentele-noastre\/","og_locale":"ro_RO","og_type":"article","og_title":"Valorile \u0219i angajamentele noastre : Nutri\u021bia animalelor \u0219i inovarea | Idena","og_description":"Angajamentele IDENA \u00een nutri\u021bia animalelor: respect pentru animale, inovare, spirit de echip\u0103 \u0219i expertiz\u0103. Descoperi\u021bi valorile noastre.","og_url":"https:\/\/www.idena.fr\/ro\/valorile-si-angajamentele-noastre\/","og_site_name":"Idena","article_modified_time":"2025-02-03T13:41:40+00:00","og_image":[{"width":1300,"height":547,"url":"https:\/\/www.idena.fr\/wp-content\/uploads\/header-1-6.jpg","type":"image\/jpeg"}],"twitter_card":"summary_large_image","twitter_misc":{"Timp estimat pentru citire":"4 minute"},"schema":{"@context":"https:\/\/schema.org","@graph":[{"@type":"WebPage","@id":"https:\/\/www.idena.fr\/ro\/valorile-si-angajamentele-noastre\/","url":"https:\/\/www.idena.fr\/ro\/valorile-si-angajamentele-noastre\/","name":"Valorile \u0219i angajamentele noastre : Nutri\u021bia animalelor \u0219i inovarea | Idena","isPartOf":{"@id":"https:\/\/idena-wordpress-web.dev.imcr.dev\/#website"},"primaryImageOfPage":{"@id":"https:\/\/www.idena.fr\/ro\/valorile-si-angajamentele-noastre\/#primaryimage"},"image":{"@id":"https:\/\/www.idena.fr\/ro\/valorile-si-angajamentele-noastre\/#primaryimage"},"thumbnailUrl":"https:\/\/www.idena.fr\/wp-content\/uploads\/header-1-6.jpg","datePublished":"2024-08-14T13:30:16+00:00","dateModified":"2025-02-03T13:41:40+00:00","description":"Angajamentele IDENA \u00een nutri\u021bia animalelor: respect pentru animale, inovare, spirit de echip\u0103 \u0219i expertiz\u0103. Descoperi\u021bi valorile noastre.","breadcrumb":{"@id":"https:\/\/www.idena.fr\/ro\/valorile-si-angajamentele-noastre\/#breadcrumb"},"inLanguage":"ro-RO","potentialAction":[{"@type":"ReadAction","target":["https:\/\/www.idena.fr\/ro\/valorile-si-angajamentele-noastre\/"]}]},{"@type":"ImageObject","inLanguage":"ro-RO","@id":"https:\/\/www.idena.fr\/ro\/valorile-si-angajamentele-noastre\/#primaryimage","url":"https:\/\/www.idena.fr\/wp-content\/uploads\/header-1-6.jpg","contentUrl":"https:\/\/www.idena.fr\/wp-content\/uploads\/header-1-6.jpg"},{"@type":"BreadcrumbList","@id":"https:\/\/www.idena.fr\/ro\/valorile-si-angajamentele-noastre\/#breadcrumb","itemListElement":[{"@type":"ListItem","position":1,"name":"Accueil","item":"https:\/\/www.idena.fr\/ro\/"},{"@type":"ListItem","position":2,"name":"Valorile \u0219i angajamentele noastre"}]},{"@type":"WebSite","@id":"https:\/\/idena-wordpress-web.dev.imcr.dev\/#website","url":"https:\/\/idena-wordpress-web.dev.imcr.dev\/","name":"Idena","description":"","publisher":{"@id":"https:\/\/idena-wordpress-web.dev.imcr.dev\/#organization"},"potentialAction":[{"@type":"SearchAction","target":{"@type":"EntryPoint","urlTemplate":"https:\/\/idena-wordpress-web.dev.imcr.dev\/?s={search_term_string}"},"query-input":{"@type":"PropertyValueSpecification","valueRequired":true,"valueName":"search_term_string"}}],"inLanguage":"ro-RO"},{"@type":"Organization","@id":"https:\/\/idena-wordpress-web.dev.imcr.dev\/#organization","name":"Idena","url":"https:\/\/idena-wordpress-web.dev.imcr.dev\/","logo":{"@type":"ImageObject","inLanguage":"ro-RO","@id":"https:\/\/idena-wordpress-web.dev.imcr.dev\/#\/schema\/logo\/image\/","url":"https:\/\/www.idena.fr\/wp-content\/uploads\/logo-idena-1.svg","contentUrl":"https:\/\/www.idena.fr\/wp-content\/uploads\/logo-idena-1.svg","width":393,"height":106,"caption":"Idena"},"image":{"@id":"https:\/\/idena-wordpress-web.dev.imcr.dev\/#\/schema\/logo\/image\/"}}]}},"mfb_rest_fields":["title","yoast_head","yoast_head_json"],"_links":{"self":[{"href":"https:\/\/www.idena.fr\/ro\/wp-json\/wp\/v2\/pages\/5152","targetHints":{"allow":["GET"]}}],"collection":[{"href":"https:\/\/www.idena.fr\/ro\/wp-json\/wp\/v2\/pages"}],"about":[{"href":"https:\/\/www.idena.fr\/ro\/wp-json\/wp\/v2\/types\/page"}],"author":[{"embeddable":true,"href":"https:\/\/www.idena.fr\/ro\/wp-json\/wp\/v2\/users\/1"}],"replies":[{"embeddable":true,"href":"https:\/\/www.idena.fr\/ro\/wp-json\/wp\/v2\/comments?post=5152"}],"version-history":[{"count":1,"href":"https:\/\/www.idena.fr\/ro\/wp-json\/wp\/v2\/pages\/5152\/revisions"}],"predecessor-version":[{"id":5153,"href":"https:\/\/www.idena.fr\/ro\/wp-json\/wp\/v2\/pages\/5152\/revisions\/5153"}],"wp:attachment":[{"href":"https:\/\/www.idena.fr\/ro\/wp-json\/wp\/v2\/media?parent=5152"}],"curies":[{"name":"wp","href":"https:\/\/api.w.org\/{rel}","templated":true}]}}