{"id":5186,"date":"2024-08-12T15:21:31","date_gmt":"2024-08-12T13:21:31","guid":{"rendered":"https:\/\/www.idena.fr\/?page_id=5186"},"modified":"2025-04-14T16:00:24","modified_gmt":"2025-04-14T14:00:24","slug":"toate-solutiile-noastre","status":"publish","type":"page","link":"https:\/\/www.idena.fr\/ro\/toate-solutiile-noastre\/","title":{"rendered":"Toate solu\u021biile noastre"},"content":{"rendered":"\n<div class=\"wp-block-group animate__fadeInUp animation-extend paused animate__animated\" style=\"border-radius:0\"><div class=\"wp-block-group__inner-container is-layout-constrained wp-block-group-is-layout-constrained\">\n<div class=\"wp-block-columns are-vertically-aligned-top header-nos-solutions is-layout-flex wp-container-core-columns-is-layout-9d6595d7 wp-block-columns-is-layout-flex\" style=\"border-radius:0\">\n<div class=\"wp-block-column is-vertically-aligned-top is-layout-flow wp-block-column-is-layout-flow\">\n<h1 class=\"wp-block-heading \"><mark style=\"background-color:rgba(0, 0, 0, 0)\" class=\"has-inline-color has-secondary-30-color\">Solu\u021biile<\/mark> noastre<\/h1>\n\n\n\n<h1 class=\"wp-block-heading \"><sub>de nutri\u021bie animal\u0103<\/sub><\/h1>\n<\/div>\n\n\n\n<div class=\"wp-block-column is-vertically-aligned-top is-layout-flow wp-block-column-is-layout-flow\">\n<p class=\"is-style-intro has-neutral-100-color has-text-color has-link-color wp-elements-d7f0687e38e1950fac3cdcee887b01a6\">De la \u00eenfiin\u021barea IDENA \u00een 1995, am lucrat pentru a promova o nutri\u021bie mai s\u0103n\u0103toas\u0103 pentru animale \u0219i oameni, pentru a realiza un echilibru mai bun \u00eentre NATUR\u0102 \u2013 ANIMAL \u2013 OM.<\/p>\n\n\n\n<p class=\"is-style-intro\">Expertiza noastr\u0103 \u00een nutri\u021bie, care este sursa standardelor nutri\u021bionale specifice \u0219i a programelor de hran\u0103 pentru animale, combinat\u0103 cu utilizarea aditivilor no\u0219tri inovatori, \u00eenseamn\u0103 o mai bun\u0103 eficien\u021b\u0103 alimentar\u0103 at\u00e2t pentru rumeg\u0103toare, c\u00e2t \u0219i pentru animalele monogastrice.<\/p>\n\n\n\n<p class=\"is-style-intro has-neutral-100-color has-text-color has-link-color wp-elements-da22ed5f3569d20fb99abd4867b9c9ed\">Serviciile, echipele \u0219i produsele noastre formeaz\u0103 nucleul sprijinului pe care \u00eel oferim activit\u0103\u021bilor dumneavoastr\u0103 \u00een calitate de produc\u0103tori de furaje, integratori, cooperative \u0219i cresc\u0103tori.<\/p>\n<\/div>\n<\/div>\n<\/div><\/div>\n\n\n\n<div class=\"wp-block-ic-blocks-responsive-spacer\"><div style=\"height:100px\"><\/div><div style=\"height:50px\"><\/div><\/div>\n\n\n\n<div class=\"wp-block-group animate__fadeInUp animation-extend paused animate__animated\" style=\"border-radius:0\"><div class=\"wp-block-group__inner-container is-layout-constrained wp-block-group-is-layout-constrained\">\n<div class=\"wp-block-buttons menu-nos-solutions is-content-justification-space-between is-layout-flex wp-container-core-buttons-is-layout-3d213aab wp-block-buttons-is-layout-flex\">\n<div class=\"wp-block-button is-style-outline is-style-outline--1\"><a class=\"wp-block-button__link wp-element-button\" href=\"#solutions-ruminants\">Solu\u021bii Rumeg\u0103toare<\/a><\/div>\n\n\n\n<div class=\"wp-block-button is-style-outline is-style-outline--2\"><a class=\"wp-block-button__link wp-element-button\" href=\"#solutions-volailles\">Solu\u0163ii P\u0103s\u0103ri<\/a><\/div>\n\n\n\n<div class=\"wp-block-button is-style-outline is-style-outline--3\"><a class=\"wp-block-button__link wp-element-button\" href=\"#solutions-porcs\">Solu\u0163ii Porci<\/a><\/div>\n\n\n\n<div class=\"wp-block-button is-style-outline is-style-outline--4\"><a class=\"wp-block-button__link wp-element-button\" href=\"#solutions-multiespeces\">Multispecii<\/a><\/div>\n\n\n\n<div class=\"wp-block-button is-style-outline is-style-outline--5\"><a class=\"wp-block-button__link wp-element-button\" href=\"#premix-et-mineraux\">Premixuri \u0219i minerale<\/a><\/div>\n\n\n\n<div class=\"wp-block-button is-style-outline is-style-outline--6\"><a class=\"wp-block-button__link wp-element-button\" href=\"#gamme-bio\">Gama BIO<\/a><\/div>\n<\/div>\n<\/div><\/div>\n\n\n\n<div class=\"wp-block-ic-blocks-responsive-spacer\"><div style=\"height:100px\"><\/div><div style=\"height:50px\"><\/div><\/div>\n\n\n\n<div class=\"wp-block-group group-nos-solutions\" style=\"border-radius:0\"><div class=\"wp-block-group__inner-container is-layout-constrained wp-block-group-is-layout-constrained\">\n<div class=\"wp-block-columns block-solutions is-layout-flex wp-container-core-columns-is-layout-9d6595d7 wp-block-columns-is-layout-flex\" id=\"solutions-ruminants\" style=\"border-radius:0\">\n<div class=\"wp-block-column is-layout-flow wp-block-column-is-layout-flow\">\n<figure class=\"wp-block-image size-large\"><img loading=\"lazy\" decoding=\"async\" width=\"1347\" height=\"1052\" src=\"https:\/\/www.idena.fr\/wp-content\/uploads\/group-44-1347x1052.jpg\" alt=\"group-44\" class=\"wp-image-3222\" srcset=\"https:\/\/www.idena.fr\/wp-content\/uploads\/group-44-1347x1052.jpg 1347w, https:\/\/www.idena.fr\/wp-content\/uploads\/group-44-768x600.jpg 768w, https:\/\/www.idena.fr\/wp-content\/uploads\/group-44.jpg 1524w\" sizes=\"auto, (max-width: 1347px) 100vw, 1347px\" \/><\/figure>\n<\/div>\n\n\n\n<div class=\"wp-block-column is-layout-flow wp-block-column-is-layout-flow\">\n<h2 class=\"wp-block-heading \">Solu\u021bii <mark style=\"background-color:rgba(0, 0, 0, 0)\" class=\"has-inline-color has-secondary-30-color\">Rumeg\u0103toare<\/mark> <\/h2>\n\n\n\n<p class=\"has-neutral-60-color has-text-color has-link-color wp-elements-27fb7d17e28e4e1815dab05c3eae3a34\">Solu\u021biile noastre pentru rumeg\u0103toare au fost axate pe obiective nutri\u021bionale precise pentru fiecare \u021bint\u0103. Prin urmare, acestea sunt adaptate pentru a r\u0103spunde diferitelor nevoi ale pie\u021bei: produc\u021bie, respectarea parametrilor de mediu, demedica\u021bie \u0219i bun\u0103starea animalelor. Dar acestea contribuie, de asemenea, la \u00eembun\u0103t\u0103\u021birea eficien\u021bei alimentare a rumeg\u0103toarelor.<\/p>\n\n\n\n<div class=\"wp-block-buttons is-layout-flex wp-block-buttons-is-layout-flex\">\n<div class=\"wp-block-button is-style-fill icone-arrow-right-diagonal\"><a class=\"wp-block-button__link has-secondary-50-background-color has-background wp-element-button\" href=\"https:\/\/www.idena.fr\/ro\/toate-solutiile-noastre\/rumegatoare\/\"><strong>Produsele noastre pentru rumeg\u0103toare<\/strong><\/a><\/div>\n<\/div>\n<\/div>\n<\/div>\n\n\n\n<div class=\"wp-block-columns block-solutions is-layout-flex wp-container-core-columns-is-layout-9d6595d7 wp-block-columns-is-layout-flex\" id=\"solutions-volailles\" style=\"border-radius:0\">\n<div class=\"wp-block-column is-layout-flow wp-block-column-is-layout-flow\">\n<figure class=\"wp-block-image size-full\"><img loading=\"lazy\" decoding=\"async\" width=\"762\" height=\"554\" src=\"https:\/\/www.idena.fr\/wp-content\/uploads\/group-44.png\" alt=\"group-44\" class=\"wp-image-3442\"\/><\/figure>\n<\/div>\n\n\n\n<div class=\"wp-block-column is-layout-flow wp-block-column-is-layout-flow\">\n<h2 class=\"wp-block-heading \">Solu\u0163ii <mark style=\"background-color:rgba(0, 0, 0, 0)\" class=\"has-inline-color has-volailles-1-color\">P\u0103s\u0103ri<\/mark><\/h2>\n\n\n\n<p class=\"has-neutral-60-color has-text-color has-link-color wp-elements-ffd05b4ef2dec66dd14aed1e0dda06da\">Calitatea produselor, performan\u021ba, alternativele naturale \u0219i bun\u0103starea animalelor sunt principalele domenii de inovare \u00een sectorul avicol. Solu\u021biile alternative ale IDENA abordeaz\u0103 o serie de probleme, inclusiv o mai bun\u0103 utilizare a nutrien\u021bilor \u0219i gestionarea riscurilor parazitare \u0219i bacteriene.<\/p>\n\n\n\n<div class=\"wp-block-buttons is-layout-flex wp-block-buttons-is-layout-flex\">\n<div class=\"wp-block-button is-style-fill icone-arrow-right-diagonal\"><a class=\"wp-block-button__link has-volailles-1-background-color has-background wp-element-button\" href=\"https:\/\/www.idena.fr\/ro\/toate-solutiile-noastre\/pasari\/\"><strong>Produsele noastre avicole<\/strong><\/a><\/div>\n<\/div>\n<\/div>\n<\/div>\n\n\n\n<div class=\"wp-block-columns block-solutions is-layout-flex wp-container-core-columns-is-layout-9d6595d7 wp-block-columns-is-layout-flex\" id=\"solutions-porcs\" style=\"border-radius:0\">\n<div class=\"wp-block-column is-layout-flow wp-block-column-is-layout-flow\">\n<figure class=\"wp-block-image size-large\"><img loading=\"lazy\" decoding=\"async\" width=\"1345\" height=\"1052\" src=\"https:\/\/www.idena.fr\/wp-content\/uploads\/group-44-2-1345x1052.jpg\" alt=\"group-44-2\" class=\"wp-image-3224\" srcset=\"https:\/\/www.idena.fr\/wp-content\/uploads\/group-44-2-1345x1052.jpg 1345w, https:\/\/www.idena.fr\/wp-content\/uploads\/group-44-2-768x600.jpg 768w, https:\/\/www.idena.fr\/wp-content\/uploads\/group-44-2.jpg 1522w\" sizes=\"auto, (max-width: 1345px) 100vw, 1345px\" \/><\/figure>\n<\/div>\n\n\n\n<div class=\"wp-block-column is-layout-flow wp-block-column-is-layout-flow\">\n<h2 class=\"wp-block-heading \">Solu\u0163ii <mark style=\"background-color:rgba(0, 0, 0, 0)\" class=\"has-inline-color has-porcs-1-color\">Porci<\/mark><\/h2>\n\n\n\n<p class=\"has-neutral-60-color has-text-color has-link-color wp-elements-9d98562c0293a9814e1bcb889d00cad8\">Conceptele \u0219i produsele noastre nutri\u021bionale sunt concepute pentru a promova bun\u0103starea, s\u0103n\u0103tatea \u0219i calitatea porcilor, men\u021bin\u00e2nd \u00een acela\u0219i timp performan\u021ba tehnic\u0103 \u0219i economic\u0103 \u00een centrul preocup\u0103rilor noastre. Solu\u021biile noastre alternative abordeaz\u0103 o gam\u0103 larg\u0103 de probleme \u00een fiecare etap\u0103 a produc\u021biei porcine.<\/p>\n\n\n\n<div class=\"wp-block-buttons is-layout-flex wp-block-buttons-is-layout-flex\">\n<div class=\"wp-block-button is-style-fill icone-arrow-right-diagonal\"><a class=\"wp-block-button__link has-porcs-1-background-color has-background wp-element-button\" href=\"https:\/\/www.idena.fr\/ro\/toate-solutiile-noastre\/solutiile-porcine\/\"><strong>Produsele noastre pentru porci<\/strong><\/a><\/div>\n<\/div>\n<\/div>\n<\/div>\n\n\n\n<div class=\"wp-block-columns block-solutions is-layout-flex wp-container-core-columns-is-layout-9d6595d7 wp-block-columns-is-layout-flex\" id=\"solutions-multiespeces\" style=\"border-radius:0\">\n<div class=\"wp-block-column is-layout-flow wp-block-column-is-layout-flow\">\n<figure class=\"wp-block-image size-large\"><img loading=\"lazy\" decoding=\"async\" width=\"1346\" height=\"1052\" src=\"https:\/\/www.idena.fr\/wp-content\/uploads\/visuel-multi-espece-1-1346x1052.jpg\" alt=\"VISUEL MULTI ESPECE 1\" class=\"wp-image-5975\" srcset=\"https:\/\/www.idena.fr\/wp-content\/uploads\/visuel-multi-espece-1-1346x1052.jpg 1346w, https:\/\/www.idena.fr\/wp-content\/uploads\/visuel-multi-espece-1-768x600.jpg 768w, https:\/\/www.idena.fr\/wp-content\/uploads\/visuel-multi-espece-1.jpg 1518w\" sizes=\"auto, (max-width: 1346px) 100vw, 1346px\" \/><\/figure>\n<\/div>\n\n\n\n<div class=\"wp-block-column is-layout-flow wp-block-column-is-layout-flow\">\n<h2 class=\"wp-block-heading \">Solu\u021bii <mark style=\"background-color:rgba(0, 0, 0, 0)\" class=\"has-inline-color has-volailles-3-color\">multispecii<\/mark><\/h2>\n\n\n\n<p class=\"has-neutral-60-color has-text-color has-link-color wp-elements-e85e1f01eed93fbf3f4d631fca2bd3bd\">De la porci la p\u0103s\u0103ri de curte \u0219i rumeg\u0103toare, solu\u021biile noastre ofer\u0103 solu\u021bii adaptate la nevoile specifice ale tuturor speciilor, pentru o nutri\u021bie mai eficient\u0103 \u0219i mai durabil\u0103.<\/p>\n\n\n\n<div class=\"wp-block-buttons is-layout-flex wp-block-buttons-is-layout-flex\">\n<div class=\"wp-block-button is-style-fill icone-arrow-right-diagonal\"><a class=\"wp-block-button__link has-primary-50-background-color has-background wp-element-button\" href=\"https:\/\/www.idena.fr\/ro\/toate-solutiile-noastre\/specii-multiple\/\">Produsele noastre multispecii<\/a><\/div>\n<\/div>\n<\/div>\n<\/div>\n\n\n\n<div class=\"wp-block-columns block-solutions is-layout-flex wp-container-core-columns-is-layout-9d6595d7 wp-block-columns-is-layout-flex\" id=\"premix-et-mineraux\" style=\"border-radius:0\">\n<div class=\"wp-block-column is-layout-flow wp-block-column-is-layout-flow\">\n<figure class=\"wp-block-image size-full is-style-rounded\"><img loading=\"lazy\" decoding=\"async\" width=\"1000\" height=\"666\" src=\"https:\/\/www.idena.fr\/wp-content\/uploads\/premix-mineraux.jpg\" alt=\"premix-mineraux\" class=\"wp-image-3443\" srcset=\"https:\/\/www.idena.fr\/wp-content\/uploads\/premix-mineraux.jpg 1000w, https:\/\/www.idena.fr\/wp-content\/uploads\/premix-mineraux-768x511.jpg 768w\" sizes=\"auto, (max-width: 1000px) 100vw, 1000px\" \/><\/figure>\n<\/div>\n\n\n\n<div class=\"wp-block-column is-layout-flow wp-block-column-is-layout-flow\">\n<h2 class=\"wp-block-heading \">Premixuri \u0219i <mark style=\"background-color:rgba(0, 0, 0, 0)\" class=\"has-inline-color has-primary-50-color\">minerale<\/mark><\/h2>\n\n\n\n<p class=\"has-neutral-60-color has-text-color has-link-color wp-elements-c135dae812bafa59696b6d6d5f354ca0\">Nucleele, premixurile \u0219i mineralele noastre pot fi adaptate la toate contextele industriale ale produc\u0103torilor de furaje. <\/p>\n\n\n\n<p class=\"has-neutral-60-color has-text-color has-link-color wp-elements-600640b2a0f1b2c19e4ef38022b599bc\">De la cele mai concentrate produse la cele mai complete produse (minerale, vitamine, enzime, aditivi specifici, substan\u021be tampon etc.), toate beneficiaz\u0103 de tehnologia noastr\u0103 de amestecare de inspira\u021bie farmaceutic\u0103, pentru a oferi o calitate impecabil\u0103 a amestecului \u0219i o absen\u021b\u0103 a contamin\u0103rii \u00eencruci\u0219ate \u00eentre formule \u0219i specii.<\/p>\n\n\n\n<div class=\"wp-block-buttons is-layout-flex wp-block-buttons-is-layout-flex\">\n<div class=\"wp-block-button is-style-fill icone-arrow-right-diagonal\"><a class=\"wp-block-button__link has-primary-50-background-color has-background wp-element-button\" href=\"https:\/\/www.idena.fr\/ro\/toate-solutiile-noastre\/premixuri-si-minerale\/\"><strong>Premixurile \u0219i mineralele noastre<\/strong><\/a><\/div>\n<\/div>\n<\/div>\n<\/div>\n\n\n\n<div class=\"wp-block-columns block-solutions is-layout-flex wp-container-core-columns-is-layout-9d6595d7 wp-block-columns-is-layout-flex\" id=\"gamme-bio\" style=\"border-radius:0\">\n<div class=\"wp-block-column is-layout-flow wp-block-column-is-layout-flow\">\n<figure class=\"wp-block-image size-full is-style-rounded\"><img loading=\"lazy\" decoding=\"async\" width=\"1000\" height=\"666\" src=\"https:\/\/www.idena.fr\/wp-content\/uploads\/gamme-bio.jpg\" alt=\"gamme-bio\" class=\"wp-image-3444\" srcset=\"https:\/\/www.idena.fr\/wp-content\/uploads\/gamme-bio.jpg 1000w, https:\/\/www.idena.fr\/wp-content\/uploads\/gamme-bio-768x511.jpg 768w\" sizes=\"auto, (max-width: 1000px) 100vw, 1000px\" \/><\/figure>\n<\/div>\n\n\n\n<div class=\"wp-block-column is-layout-flow wp-block-column-is-layout-flow\">\n<h2 class=\"wp-block-heading \">Gama <mark style=\"background-color:rgba(0, 0, 0, 0)\" class=\"has-inline-color has-primary-50-color\">BIO<\/mark> &nbsp;<\/h2>\n\n\n\n<p class=\"has-neutral-60-color has-text-color has-link-color wp-elements-0f9959ec7295d8029e4479aad20a61fd\">\u00cenc\u0103 de la \u00eenceput, am dezvoltat o gam\u0103 complet\u0103 de produse care pot fi utilizate \u00een agricultura ecologic\u0103: Expertiza \u00een nutri\u021bie, formularea furajelor \u0219i furnizarea de minerale \u0219i produse specifice.<\/p>\n\n\n\n<p class=\"has-neutral-60-color has-text-color has-link-color wp-elements-5f82efcac782f75853b6ce56cfc4861c\">Natura specific\u0103 a specifica\u021biilor furajelor ecologice \u00eenseamn\u0103 c\u0103 matricile specifice \u0219i standardele de formulare trebuie s\u0103 fie adaptate fiec\u0103rui context.<\/p>\n\n\n\n<div class=\"wp-block-buttons is-layout-flex wp-block-buttons-is-layout-flex\">\n<div class=\"wp-block-button is-style-fill icone-arrow-right-diagonal\"><a class=\"wp-block-button__link has-primary-50-background-color has-background wp-element-button\" href=\"https:\/\/www.idena.fr\/ro\/toate-solutiile-noastre\/gama-bio\/\"><strong>Produsele noastre ecologice<\/strong><\/a><\/div>\n<\/div>\n<\/div>\n<\/div>\n<\/div><\/div>\n\n\n\n<div class=\"wp-block-ic-blocks-responsive-spacer\"><div style=\"height:100px\"><\/div><div style=\"height:50px\"><\/div><\/div>\n","protected":false},"excerpt":{"rendered":"<p>Solu\u021biile noastre de nutri\u021bie animal\u0103 De la \u00eenfiin\u021barea IDENA \u00een 1995, am lucrat pentru a promova o nutri\u021bie mai s\u0103n\u0103toas\u0103 pentru animale \u0219i oameni, pentru a realiza un echilibru mai bun \u00eentre NATUR\u0102 \u2013 ANIMAL \u2013 OM. Expertiza noastr\u0103 \u00een nutri\u021bie, care este sursa standardelor nutri\u021bionale specifice \u0219i a programelor de hran\u0103 pentru animale, combinat\u0103 [&hellip;]<\/p>\n","protected":false},"author":1,"featured_media":0,"parent":0,"menu_order":0,"comment_status":"closed","ping_status":"closed","template":"","meta":{"_acf_changed":false,"inline_featured_image":false,"footnotes":""},"class_list":["post-5186","page","type-page","status-publish","hentry"],"acf":[],"mb":[],"yoast_head":"<!-- This site is optimized with the Yoast SEO plugin v27.0 - https:\/\/yoast.com\/product\/yoast-seo-wordpress\/ -->\n<title>Inova\u021bii \u00een nutri\u021bia animalelor pentru rumeg\u0103toare, p\u0103s\u0103ri \u0219i porcine | Idena<\/title>\n<meta name=\"description\" content=\"Solu\u021biile noastre de nutri\u021bie animal\u0103 De la \u00eenfiin\u021barea IDENA \u00een 1995, am lucrat pentru a promova o nutri\u021bie mai s\u0103n\u0103toas\u0103 pentru animale \u0219i oameni,\" \/>\n<meta name=\"robots\" content=\"index, follow, max-snippet:-1, max-image-preview:large, max-video-preview:-1\" \/>\n<link rel=\"canonical\" href=\"https:\/\/www.idena.fr\/ro\/toate-solutiile-noastre\/\" \/>\n<meta property=\"og:locale\" content=\"ro_RO\" \/>\n<meta property=\"og:type\" content=\"article\" \/>\n<meta property=\"og:title\" content=\"Inova\u021bii \u00een nutri\u021bia animalelor pentru rumeg\u0103toare, p\u0103s\u0103ri \u0219i porcine | Idena\" \/>\n<meta property=\"og:description\" content=\"Solu\u021biile noastre de nutri\u021bie animal\u0103 De la \u00eenfiin\u021barea IDENA \u00een 1995, am lucrat pentru a promova o nutri\u021bie mai s\u0103n\u0103toas\u0103 pentru animale \u0219i oameni,\" \/>\n<meta property=\"og:url\" content=\"https:\/\/www.idena.fr\/ro\/toate-solutiile-noastre\/\" \/>\n<meta property=\"og:site_name\" content=\"Idena\" \/>\n<meta property=\"article:modified_time\" content=\"2025-04-14T14:00:24+00:00\" \/>\n<meta property=\"og:image\" content=\"https:\/\/www.idena.fr\/wp-content\/uploads\/group-44.jpg\" \/>\n\t<meta property=\"og:image:width\" content=\"1524\" \/>\n\t<meta property=\"og:image:height\" content=\"1190\" \/>\n\t<meta property=\"og:image:type\" content=\"image\/jpeg\" \/>\n<meta name=\"twitter:card\" content=\"summary_large_image\" \/>\n<meta name=\"twitter:label1\" content=\"Timp estimat pentru citire\" \/>\n\t<meta name=\"twitter:data1\" content=\"3 minute\" \/>\n<script type=\"application\/ld+json\" class=\"yoast-schema-graph\">{\"@context\":\"https:\/\/schema.org\",\"@graph\":[{\"@type\":\"WebPage\",\"@id\":\"https:\/\/www.idena.fr\/ro\/toate-solutiile-noastre\/\",\"url\":\"https:\/\/www.idena.fr\/ro\/toate-solutiile-noastre\/\",\"name\":\"Inova\u021bii \u00een nutri\u021bia animalelor pentru rumeg\u0103toare, p\u0103s\u0103ri \u0219i porcine | Idena\",\"isPartOf\":{\"@id\":\"https:\/\/idena-wordpress-web.dev.imcr.dev\/#website\"},\"primaryImageOfPage\":{\"@id\":\"https:\/\/www.idena.fr\/ro\/toate-solutiile-noastre\/#primaryimage\"},\"image\":{\"@id\":\"https:\/\/www.idena.fr\/ro\/toate-solutiile-noastre\/#primaryimage\"},\"thumbnailUrl\":\"https:\/\/www.idena.fr\/wp-content\/uploads\/group-44-1347x1052.jpg\",\"datePublished\":\"2024-08-12T13:21:31+00:00\",\"dateModified\":\"2025-04-14T14:00:24+00:00\",\"description\":\"Solu\u021biile noastre de nutri\u021bie animal\u0103 De la \u00eenfiin\u021barea IDENA \u00een 1995, am lucrat pentru a promova o nutri\u021bie mai s\u0103n\u0103toas\u0103 pentru animale \u0219i oameni,\",\"breadcrumb\":{\"@id\":\"https:\/\/www.idena.fr\/ro\/toate-solutiile-noastre\/#breadcrumb\"},\"inLanguage\":\"ro-RO\",\"potentialAction\":[{\"@type\":\"ReadAction\",\"target\":[\"https:\/\/www.idena.fr\/ro\/toate-solutiile-noastre\/\"]}]},{\"@type\":\"ImageObject\",\"inLanguage\":\"ro-RO\",\"@id\":\"https:\/\/www.idena.fr\/ro\/toate-solutiile-noastre\/#primaryimage\",\"url\":\"https:\/\/www.idena.fr\/wp-content\/uploads\/group-44-1347x1052.jpg\",\"contentUrl\":\"https:\/\/www.idena.fr\/wp-content\/uploads\/group-44-1347x1052.jpg\"},{\"@type\":\"BreadcrumbList\",\"@id\":\"https:\/\/www.idena.fr\/ro\/toate-solutiile-noastre\/#breadcrumb\",\"itemListElement\":[{\"@type\":\"ListItem\",\"position\":1,\"name\":\"Accueil\",\"item\":\"https:\/\/www.idena.fr\/ro\/\"},{\"@type\":\"ListItem\",\"position\":2,\"name\":\"Toate solu\u021biile noastre\"}]},{\"@type\":\"WebSite\",\"@id\":\"https:\/\/idena-wordpress-web.dev.imcr.dev\/#website\",\"url\":\"https:\/\/idena-wordpress-web.dev.imcr.dev\/\",\"name\":\"Idena\",\"description\":\"\",\"publisher\":{\"@id\":\"https:\/\/idena-wordpress-web.dev.imcr.dev\/#organization\"},\"potentialAction\":[{\"@type\":\"SearchAction\",\"target\":{\"@type\":\"EntryPoint\",\"urlTemplate\":\"https:\/\/idena-wordpress-web.dev.imcr.dev\/?s={search_term_string}\"},\"query-input\":{\"@type\":\"PropertyValueSpecification\",\"valueRequired\":true,\"valueName\":\"search_term_string\"}}],\"inLanguage\":\"ro-RO\"},{\"@type\":\"Organization\",\"@id\":\"https:\/\/idena-wordpress-web.dev.imcr.dev\/#organization\",\"name\":\"Idena\",\"url\":\"https:\/\/idena-wordpress-web.dev.imcr.dev\/\",\"logo\":{\"@type\":\"ImageObject\",\"inLanguage\":\"ro-RO\",\"@id\":\"https:\/\/idena-wordpress-web.dev.imcr.dev\/#\/schema\/logo\/image\/\",\"url\":\"https:\/\/www.idena.fr\/wp-content\/uploads\/logo-idena-1.svg\",\"contentUrl\":\"https:\/\/www.idena.fr\/wp-content\/uploads\/logo-idena-1.svg\",\"width\":393,\"height\":106,\"caption\":\"Idena\"},\"image\":{\"@id\":\"https:\/\/idena-wordpress-web.dev.imcr.dev\/#\/schema\/logo\/image\/\"}}]}<\/script>\n<!-- \/ Yoast SEO plugin. -->","yoast_head_json":{"title":"Inova\u021bii \u00een nutri\u021bia animalelor pentru rumeg\u0103toare, p\u0103s\u0103ri \u0219i porcine | Idena","description":"Solu\u021biile noastre de nutri\u021bie animal\u0103 De la \u00eenfiin\u021barea IDENA \u00een 1995, am lucrat pentru a promova o nutri\u021bie mai s\u0103n\u0103toas\u0103 pentru animale \u0219i oameni,","robots":{"index":"index","follow":"follow","max-snippet":"max-snippet:-1","max-image-preview":"max-image-preview:large","max-video-preview":"max-video-preview:-1"},"canonical":"https:\/\/www.idena.fr\/ro\/toate-solutiile-noastre\/","og_locale":"ro_RO","og_type":"article","og_title":"Inova\u021bii \u00een nutri\u021bia animalelor pentru rumeg\u0103toare, p\u0103s\u0103ri \u0219i porcine | Idena","og_description":"Solu\u021biile noastre de nutri\u021bie animal\u0103 De la \u00eenfiin\u021barea IDENA \u00een 1995, am lucrat pentru a promova o nutri\u021bie mai s\u0103n\u0103toas\u0103 pentru animale \u0219i oameni,","og_url":"https:\/\/www.idena.fr\/ro\/toate-solutiile-noastre\/","og_site_name":"Idena","article_modified_time":"2025-04-14T14:00:24+00:00","og_image":[{"width":1524,"height":1190,"url":"https:\/\/www.idena.fr\/wp-content\/uploads\/group-44.jpg","type":"image\/jpeg"}],"twitter_card":"summary_large_image","twitter_misc":{"Timp estimat pentru citire":"3 minute"},"schema":{"@context":"https:\/\/schema.org","@graph":[{"@type":"WebPage","@id":"https:\/\/www.idena.fr\/ro\/toate-solutiile-noastre\/","url":"https:\/\/www.idena.fr\/ro\/toate-solutiile-noastre\/","name":"Inova\u021bii \u00een nutri\u021bia animalelor pentru rumeg\u0103toare, p\u0103s\u0103ri \u0219i porcine | Idena","isPartOf":{"@id":"https:\/\/idena-wordpress-web.dev.imcr.dev\/#website"},"primaryImageOfPage":{"@id":"https:\/\/www.idena.fr\/ro\/toate-solutiile-noastre\/#primaryimage"},"image":{"@id":"https:\/\/www.idena.fr\/ro\/toate-solutiile-noastre\/#primaryimage"},"thumbnailUrl":"https:\/\/www.idena.fr\/wp-content\/uploads\/group-44-1347x1052.jpg","datePublished":"2024-08-12T13:21:31+00:00","dateModified":"2025-04-14T14:00:24+00:00","description":"Solu\u021biile noastre de nutri\u021bie animal\u0103 De la \u00eenfiin\u021barea IDENA \u00een 1995, am lucrat pentru a promova o nutri\u021bie mai s\u0103n\u0103toas\u0103 pentru animale \u0219i oameni,","breadcrumb":{"@id":"https:\/\/www.idena.fr\/ro\/toate-solutiile-noastre\/#breadcrumb"},"inLanguage":"ro-RO","potentialAction":[{"@type":"ReadAction","target":["https:\/\/www.idena.fr\/ro\/toate-solutiile-noastre\/"]}]},{"@type":"ImageObject","inLanguage":"ro-RO","@id":"https:\/\/www.idena.fr\/ro\/toate-solutiile-noastre\/#primaryimage","url":"https:\/\/www.idena.fr\/wp-content\/uploads\/group-44-1347x1052.jpg","contentUrl":"https:\/\/www.idena.fr\/wp-content\/uploads\/group-44-1347x1052.jpg"},{"@type":"BreadcrumbList","@id":"https:\/\/www.idena.fr\/ro\/toate-solutiile-noastre\/#breadcrumb","itemListElement":[{"@type":"ListItem","position":1,"name":"Accueil","item":"https:\/\/www.idena.fr\/ro\/"},{"@type":"ListItem","position":2,"name":"Toate solu\u021biile noastre"}]},{"@type":"WebSite","@id":"https:\/\/idena-wordpress-web.dev.imcr.dev\/#website","url":"https:\/\/idena-wordpress-web.dev.imcr.dev\/","name":"Idena","description":"","publisher":{"@id":"https:\/\/idena-wordpress-web.dev.imcr.dev\/#organization"},"potentialAction":[{"@type":"SearchAction","target":{"@type":"EntryPoint","urlTemplate":"https:\/\/idena-wordpress-web.dev.imcr.dev\/?s={search_term_string}"},"query-input":{"@type":"PropertyValueSpecification","valueRequired":true,"valueName":"search_term_string"}}],"inLanguage":"ro-RO"},{"@type":"Organization","@id":"https:\/\/idena-wordpress-web.dev.imcr.dev\/#organization","name":"Idena","url":"https:\/\/idena-wordpress-web.dev.imcr.dev\/","logo":{"@type":"ImageObject","inLanguage":"ro-RO","@id":"https:\/\/idena-wordpress-web.dev.imcr.dev\/#\/schema\/logo\/image\/","url":"https:\/\/www.idena.fr\/wp-content\/uploads\/logo-idena-1.svg","contentUrl":"https:\/\/www.idena.fr\/wp-content\/uploads\/logo-idena-1.svg","width":393,"height":106,"caption":"Idena"},"image":{"@id":"https:\/\/idena-wordpress-web.dev.imcr.dev\/#\/schema\/logo\/image\/"}}]}},"mfb_rest_fields":["title","yoast_head","yoast_head_json"],"_links":{"self":[{"href":"https:\/\/www.idena.fr\/ro\/wp-json\/wp\/v2\/pages\/5186","targetHints":{"allow":["GET"]}}],"collection":[{"href":"https:\/\/www.idena.fr\/ro\/wp-json\/wp\/v2\/pages"}],"about":[{"href":"https:\/\/www.idena.fr\/ro\/wp-json\/wp\/v2\/types\/page"}],"author":[{"embeddable":true,"href":"https:\/\/www.idena.fr\/ro\/wp-json\/wp\/v2\/users\/1"}],"replies":[{"embeddable":true,"href":"https:\/\/www.idena.fr\/ro\/wp-json\/wp\/v2\/comments?post=5186"}],"version-history":[{"count":8,"href":"https:\/\/www.idena.fr\/ro\/wp-json\/wp\/v2\/pages\/5186\/revisions"}],"predecessor-version":[{"id":6105,"href":"https:\/\/www.idena.fr\/ro\/wp-json\/wp\/v2\/pages\/5186\/revisions\/6105"}],"wp:attachment":[{"href":"https:\/\/www.idena.fr\/ro\/wp-json\/wp\/v2\/media?parent=5186"}],"curies":[{"name":"wp","href":"https:\/\/api.w.org\/{rel}","templated":true}]}}