{"id":5221,"date":"2024-08-21T10:35:45","date_gmt":"2024-08-21T08:35:45","guid":{"rendered":"https:\/\/www.idena.fr\/?page_id=5221"},"modified":"2025-02-24T16:14:45","modified_gmt":"2025-02-24T15:14:45","slug":"expertiza-noastra","status":"publish","type":"page","link":"https:\/\/www.idena.fr\/ro\/expertiza-noastra\/","title":{"rendered":"Expertiza noastr\u0103"},"content":{"rendered":"\n<div class=\"wp-block-group alignwide header-page has-primary-10-background-color has-background animate__fadeInUp animation-extend paused animate__animated\" style=\"padding-top:0;padding-bottom:0;border-radius:0\"><div class=\"wp-block-group__inner-container is-layout-constrained wp-block-group-is-layout-constrained\">\n<div class=\"wp-block-media-text alignwide has-media-on-the-right is-stacked-on-mobile is-image-fill reverse-mobile\"><div class=\"wp-block-media-text__content\">\n<div class=\"wp-block-group animate__fadeInUp animation-extend paused animate__animated\" style=\"border-radius:0\"><div class=\"wp-block-group__inner-container is-layout-constrained wp-block-group-is-layout-constrained\">\n<h1 class=\"wp-block-heading has-neutral-100-color has-text-color has-link-color icone-cow wp-elements-de93b44e056a7d71fa69d65a51c06ef0\"><sub>Expertiza noastr\u0103<\/sub><\/h1>\n<\/div><\/div>\n<\/div><figure class=\"wp-block-media-text__media\" style=\"background-image:url(https:\/\/www.idena.fr\/wp-content\/uploads\/header-1-2.jpg);background-position:50% 50%\"><img loading=\"lazy\" decoding=\"async\" width=\"1300\" height=\"547\" src=\"https:\/\/www.idena.fr\/wp-content\/uploads\/header-1-2.jpg\" alt=\"header-1-2\" class=\"wp-image-3504 size-full\" srcset=\"https:\/\/www.idena.fr\/wp-content\/uploads\/header-1-2.jpg 1300w, https:\/\/www.idena.fr\/wp-content\/uploads\/header-1-2-768x323.jpg 768w\" sizes=\"auto, (max-width: 1300px) 100vw, 1300px\" \/><\/figure><\/div>\n<\/div><\/div>\n\n\n\n<div class=\"wp-block-ic-blocks-responsive-spacer\"><div style=\"height:100px\"><\/div><div style=\"height:50px\"><\/div><\/div>\n\n\n\n<div class=\"wp-block-group animate__fadeInUp animation-extend paused animate__animated\" style=\"border-radius:0\"><div class=\"wp-block-group__inner-container is-layout-constrained wp-block-group-is-layout-constrained\">\n<div class=\"wp-block-cover is-light home-banner\"><span aria-hidden=\"true\" class=\"wp-block-cover__background has-background-dim-0 has-background-dim\" style=\"background-color:#9eaba6\"><\/span><img loading=\"lazy\" decoding=\"async\" width=\"2000\" height=\"1334\" class=\"wp-block-cover__image-background wp-image-3073\" alt=\"adobestock-475318923\" src=\"https:\/\/www.idena.fr\/wp-content\/uploads\/adobestock-475318923.jpg\" data-object-fit=\"cover\" srcset=\"https:\/\/www.idena.fr\/wp-content\/uploads\/adobestock-475318923.jpg 2000w, https:\/\/www.idena.fr\/wp-content\/uploads\/adobestock-475318923-1400x934.jpg 1400w, https:\/\/www.idena.fr\/wp-content\/uploads\/adobestock-475318923-768x512.jpg 768w, https:\/\/www.idena.fr\/wp-content\/uploads\/adobestock-475318923-1536x1025.jpg 1536w\" sizes=\"auto, (max-width: 2000px) 100vw, 2000px\" \/><div class=\"wp-block-cover__inner-container is-layout-constrained wp-block-cover-is-layout-constrained\">\n<div class=\"wp-block-columns is-layout-flex wp-container-core-columns-is-layout-9d6595d7 wp-block-columns-is-layout-flex\" style=\"border-radius:0\">\n<div class=\"wp-block-column has-white-background-color has-background is-layout-flow wp-block-column-is-layout-flow\">\n<h2 class=\"wp-block-heading margin-0 icone-seedling\"><mark style=\"background-color:rgba(0, 0, 0, 0)\" class=\"has-inline-color has-secondary-30-color\">Lumea IDENA<\/mark><\/h2>\n\n\n\n<h2 class=\"wp-block-heading margin-0 \">Produc\u021bia animal\u0103 \u0219i vegetal\u0103 de m\u00e2ine<\/h2>\n\n\n\n<p class=\"is-style-intro has-neutral-60-color has-text-color has-link-color wp-elements-0d21502936233ab92cccffffd9d106e8\"><strong>Dup\u0103 1995<\/strong>, IDENA a acumulat o bogat\u0103 experien\u021b\u0103 \u00een domeniul <strong>ingredientelor active botanice<\/strong>, alternative la aditivii conven\u021bionali. N\u0103scut\u0103 \u00eentr-un context de crize de s\u0103n\u0103tate repetate, IDENA a reu\u0219it s\u0103 \u00ee\u0219i impun\u0103 convingerile pe pia\u021b\u0103 \u0219i s\u0103 creeze o descoperire cu componente noi \u0219i inovatoare.<\/p>\n<\/div>\n\n\n\n<div class=\"wp-block-column has-white-background-color has-background is-layout-flow wp-block-column-is-layout-flow\">\n<div class=\"wp-block-buttons has-custom-font-size has-x-large-font-size is-vertical is-content-justification-stretch is-layout-flex wp-container-core-buttons-is-layout-b16ad781 wp-block-buttons-is-layout-flex\">\n<div class=\"wp-block-button has-custom-width wp-block-button__width-100 has-custom-font-size is-style-link has-large-font-size icone-arrow-right-diagonal\"><a class=\"wp-block-button__link has-neutral-90-color has-white-background-color has-text-color has-background has-link-color wp-element-button\" href=\"https:\/\/www.idena.fr\/ro\/cercetarea-si-dezvoltarea\/\">Cercetare \u0219i dezvoltare<\/a><\/div>\n\n\n\n<div class=\"wp-block-button has-custom-width wp-block-button__width-100 has-custom-font-size is-style-link has-large-font-size icone-arrow-right-diagonal\"><a class=\"wp-block-button__link has-neutral-90-color has-white-background-color has-text-color has-background has-link-color wp-element-button\" href=\"https:\/\/www.idena.fr\/ro\/formula\/\">Formul\u0103<\/a><\/div>\n\n\n\n<div class=\"wp-block-button has-custom-width wp-block-button__width-100 has-custom-font-size is-style-link has-large-font-size icone-arrow-right-diagonal\"><a class=\"wp-block-button__link has-neutral-90-color has-white-background-color has-text-color has-background has-link-color wp-element-button\" href=\"https:\/\/www.idena.fr\/ro\/expertiza-noastra\/sfaturile\/\">Sfaturi<\/a><\/div>\n\n\n\n<div class=\"wp-block-button has-custom-width wp-block-button__width-100 has-custom-font-size is-style-link has-large-font-size icone-arrow-right-diagonal\"><a class=\"wp-block-button__link has-neutral-90-color has-white-background-color has-text-color has-background has-link-color wp-element-button\" href=\"https:\/\/www.idena.fr\/ro\/expertiza-noastra\/zootehnica\/\">Zootehnic\u0103<\/a><\/div>\n\n\n\n<div class=\"wp-block-button has-custom-width wp-block-button__width-100 has-custom-font-size is-style-link has-large-font-size icone-arrow-right-diagonal\"><a class=\"wp-block-button__link has-neutral-90-color has-white-background-color has-text-color has-background has-link-color wp-element-button\" href=\"https:\/\/www.idena.fr\/ro\/fabricarea\/\">Fabricarea<\/a><\/div>\n<\/div>\n<\/div>\n<\/div>\n<\/div><\/div>\n<\/div><\/div>\n\n\n\n<div class=\"wp-block-ic-blocks-responsive-spacer\"><div style=\"height:100px\"><\/div><div style=\"height:50px\"><\/div><\/div>\n","protected":false},"excerpt":{"rendered":"<p>Expertiza noastr\u0103<\/p>\n","protected":false},"author":1,"featured_media":0,"parent":0,"menu_order":0,"comment_status":"closed","ping_status":"closed","template":"","meta":{"_acf_changed":false,"inline_featured_image":false,"footnotes":""},"class_list":["post-5221","page","type-page","status-publish","hentry"],"acf":[],"mb":[],"yoast_head":"<!-- This site is optimized with the Yoast SEO plugin v27.0 - https:\/\/yoast.com\/product\/yoast-seo-wordpress\/ -->\n<title>Expertiza noastr\u0103 | Idena<\/title>\n<meta name=\"description\" content=\"Expertiza noastr\u0103 Lumea IDENA Produc\u021bia animal\u0103 \u0219i vegetal\u0103 de m\u00e2ine Dup\u0103 1995, IDENA a acumulat o bogat\u0103 experien\u021b\u0103 \u00een domeniul ingredientelor active\" \/>\n<meta name=\"robots\" content=\"index, follow, max-snippet:-1, max-image-preview:large, max-video-preview:-1\" \/>\n<link rel=\"canonical\" href=\"https:\/\/www.idena.fr\/ro\/expertiza-noastra\/\" \/>\n<meta property=\"og:locale\" content=\"ro_RO\" \/>\n<meta property=\"og:type\" content=\"article\" \/>\n<meta property=\"og:title\" content=\"Expertiza noastr\u0103 | Idena\" \/>\n<meta property=\"og:description\" content=\"Expertiza noastr\u0103 Lumea IDENA Produc\u021bia animal\u0103 \u0219i vegetal\u0103 de m\u00e2ine Dup\u0103 1995, IDENA a acumulat o bogat\u0103 experien\u021b\u0103 \u00een domeniul ingredientelor active\" \/>\n<meta property=\"og:url\" content=\"https:\/\/www.idena.fr\/ro\/expertiza-noastra\/\" \/>\n<meta property=\"og:site_name\" content=\"Idena\" \/>\n<meta property=\"article:modified_time\" content=\"2025-02-24T15:14:45+00:00\" \/>\n<meta property=\"og:image\" content=\"https:\/\/www.idena.fr\/wp-content\/uploads\/header-1-2.jpg\" \/>\n\t<meta property=\"og:image:width\" content=\"1300\" \/>\n\t<meta property=\"og:image:height\" content=\"547\" \/>\n\t<meta property=\"og:image:type\" content=\"image\/jpeg\" \/>\n<meta name=\"twitter:card\" content=\"summary_large_image\" \/>\n<meta name=\"twitter:label1\" content=\"Timp estimat pentru citire\" \/>\n\t<meta name=\"twitter:data1\" content=\"1 minut\" \/>\n<script type=\"application\/ld+json\" class=\"yoast-schema-graph\">{\"@context\":\"https:\/\/schema.org\",\"@graph\":[{\"@type\":\"WebPage\",\"@id\":\"https:\/\/www.idena.fr\/ro\/expertiza-noastra\/\",\"url\":\"https:\/\/www.idena.fr\/ro\/expertiza-noastra\/\",\"name\":\"Expertiza noastr\u0103 | Idena\",\"isPartOf\":{\"@id\":\"https:\/\/idena-wordpress-web.dev.imcr.dev\/#website\"},\"primaryImageOfPage\":{\"@id\":\"https:\/\/www.idena.fr\/ro\/expertiza-noastra\/#primaryimage\"},\"image\":{\"@id\":\"https:\/\/www.idena.fr\/ro\/expertiza-noastra\/#primaryimage\"},\"thumbnailUrl\":\"https:\/\/www.idena.fr\/wp-content\/uploads\/header-1-2.jpg\",\"datePublished\":\"2024-08-21T08:35:45+00:00\",\"dateModified\":\"2025-02-24T15:14:45+00:00\",\"description\":\"Expertiza noastr\u0103 Lumea IDENA Produc\u021bia animal\u0103 \u0219i vegetal\u0103 de m\u00e2ine Dup\u0103 1995, IDENA a acumulat o bogat\u0103 experien\u021b\u0103 \u00een domeniul ingredientelor active\",\"breadcrumb\":{\"@id\":\"https:\/\/www.idena.fr\/ro\/expertiza-noastra\/#breadcrumb\"},\"inLanguage\":\"ro-RO\",\"potentialAction\":[{\"@type\":\"ReadAction\",\"target\":[\"https:\/\/www.idena.fr\/ro\/expertiza-noastra\/\"]}]},{\"@type\":\"ImageObject\",\"inLanguage\":\"ro-RO\",\"@id\":\"https:\/\/www.idena.fr\/ro\/expertiza-noastra\/#primaryimage\",\"url\":\"https:\/\/www.idena.fr\/wp-content\/uploads\/header-1-2.jpg\",\"contentUrl\":\"https:\/\/www.idena.fr\/wp-content\/uploads\/header-1-2.jpg\"},{\"@type\":\"BreadcrumbList\",\"@id\":\"https:\/\/www.idena.fr\/ro\/expertiza-noastra\/#breadcrumb\",\"itemListElement\":[{\"@type\":\"ListItem\",\"position\":1,\"name\":\"Accueil\",\"item\":\"https:\/\/www.idena.fr\/ro\/\"},{\"@type\":\"ListItem\",\"position\":2,\"name\":\"Expertiza noastr\u0103\"}]},{\"@type\":\"WebSite\",\"@id\":\"https:\/\/idena-wordpress-web.dev.imcr.dev\/#website\",\"url\":\"https:\/\/idena-wordpress-web.dev.imcr.dev\/\",\"name\":\"Idena\",\"description\":\"\",\"publisher\":{\"@id\":\"https:\/\/idena-wordpress-web.dev.imcr.dev\/#organization\"},\"potentialAction\":[{\"@type\":\"SearchAction\",\"target\":{\"@type\":\"EntryPoint\",\"urlTemplate\":\"https:\/\/idena-wordpress-web.dev.imcr.dev\/?s={search_term_string}\"},\"query-input\":{\"@type\":\"PropertyValueSpecification\",\"valueRequired\":true,\"valueName\":\"search_term_string\"}}],\"inLanguage\":\"ro-RO\"},{\"@type\":\"Organization\",\"@id\":\"https:\/\/idena-wordpress-web.dev.imcr.dev\/#organization\",\"name\":\"Idena\",\"url\":\"https:\/\/idena-wordpress-web.dev.imcr.dev\/\",\"logo\":{\"@type\":\"ImageObject\",\"inLanguage\":\"ro-RO\",\"@id\":\"https:\/\/idena-wordpress-web.dev.imcr.dev\/#\/schema\/logo\/image\/\",\"url\":\"https:\/\/www.idena.fr\/wp-content\/uploads\/logo-idena-1.svg\",\"contentUrl\":\"https:\/\/www.idena.fr\/wp-content\/uploads\/logo-idena-1.svg\",\"width\":393,\"height\":106,\"caption\":\"Idena\"},\"image\":{\"@id\":\"https:\/\/idena-wordpress-web.dev.imcr.dev\/#\/schema\/logo\/image\/\"}}]}<\/script>\n<!-- \/ Yoast SEO plugin. -->","yoast_head_json":{"title":"Expertiza noastr\u0103 | Idena","description":"Expertiza noastr\u0103 Lumea IDENA Produc\u021bia animal\u0103 \u0219i vegetal\u0103 de m\u00e2ine Dup\u0103 1995, IDENA a acumulat o bogat\u0103 experien\u021b\u0103 \u00een domeniul ingredientelor active","robots":{"index":"index","follow":"follow","max-snippet":"max-snippet:-1","max-image-preview":"max-image-preview:large","max-video-preview":"max-video-preview:-1"},"canonical":"https:\/\/www.idena.fr\/ro\/expertiza-noastra\/","og_locale":"ro_RO","og_type":"article","og_title":"Expertiza noastr\u0103 | Idena","og_description":"Expertiza noastr\u0103 Lumea IDENA Produc\u021bia animal\u0103 \u0219i vegetal\u0103 de m\u00e2ine Dup\u0103 1995, IDENA a acumulat o bogat\u0103 experien\u021b\u0103 \u00een domeniul ingredientelor active","og_url":"https:\/\/www.idena.fr\/ro\/expertiza-noastra\/","og_site_name":"Idena","article_modified_time":"2025-02-24T15:14:45+00:00","og_image":[{"width":1300,"height":547,"url":"https:\/\/www.idena.fr\/wp-content\/uploads\/header-1-2.jpg","type":"image\/jpeg"}],"twitter_card":"summary_large_image","twitter_misc":{"Timp estimat pentru citire":"1 minut"},"schema":{"@context":"https:\/\/schema.org","@graph":[{"@type":"WebPage","@id":"https:\/\/www.idena.fr\/ro\/expertiza-noastra\/","url":"https:\/\/www.idena.fr\/ro\/expertiza-noastra\/","name":"Expertiza noastr\u0103 | Idena","isPartOf":{"@id":"https:\/\/idena-wordpress-web.dev.imcr.dev\/#website"},"primaryImageOfPage":{"@id":"https:\/\/www.idena.fr\/ro\/expertiza-noastra\/#primaryimage"},"image":{"@id":"https:\/\/www.idena.fr\/ro\/expertiza-noastra\/#primaryimage"},"thumbnailUrl":"https:\/\/www.idena.fr\/wp-content\/uploads\/header-1-2.jpg","datePublished":"2024-08-21T08:35:45+00:00","dateModified":"2025-02-24T15:14:45+00:00","description":"Expertiza noastr\u0103 Lumea IDENA Produc\u021bia animal\u0103 \u0219i vegetal\u0103 de m\u00e2ine Dup\u0103 1995, IDENA a acumulat o bogat\u0103 experien\u021b\u0103 \u00een domeniul ingredientelor active","breadcrumb":{"@id":"https:\/\/www.idena.fr\/ro\/expertiza-noastra\/#breadcrumb"},"inLanguage":"ro-RO","potentialAction":[{"@type":"ReadAction","target":["https:\/\/www.idena.fr\/ro\/expertiza-noastra\/"]}]},{"@type":"ImageObject","inLanguage":"ro-RO","@id":"https:\/\/www.idena.fr\/ro\/expertiza-noastra\/#primaryimage","url":"https:\/\/www.idena.fr\/wp-content\/uploads\/header-1-2.jpg","contentUrl":"https:\/\/www.idena.fr\/wp-content\/uploads\/header-1-2.jpg"},{"@type":"BreadcrumbList","@id":"https:\/\/www.idena.fr\/ro\/expertiza-noastra\/#breadcrumb","itemListElement":[{"@type":"ListItem","position":1,"name":"Accueil","item":"https:\/\/www.idena.fr\/ro\/"},{"@type":"ListItem","position":2,"name":"Expertiza noastr\u0103"}]},{"@type":"WebSite","@id":"https:\/\/idena-wordpress-web.dev.imcr.dev\/#website","url":"https:\/\/idena-wordpress-web.dev.imcr.dev\/","name":"Idena","description":"","publisher":{"@id":"https:\/\/idena-wordpress-web.dev.imcr.dev\/#organization"},"potentialAction":[{"@type":"SearchAction","target":{"@type":"EntryPoint","urlTemplate":"https:\/\/idena-wordpress-web.dev.imcr.dev\/?s={search_term_string}"},"query-input":{"@type":"PropertyValueSpecification","valueRequired":true,"valueName":"search_term_string"}}],"inLanguage":"ro-RO"},{"@type":"Organization","@id":"https:\/\/idena-wordpress-web.dev.imcr.dev\/#organization","name":"Idena","url":"https:\/\/idena-wordpress-web.dev.imcr.dev\/","logo":{"@type":"ImageObject","inLanguage":"ro-RO","@id":"https:\/\/idena-wordpress-web.dev.imcr.dev\/#\/schema\/logo\/image\/","url":"https:\/\/www.idena.fr\/wp-content\/uploads\/logo-idena-1.svg","contentUrl":"https:\/\/www.idena.fr\/wp-content\/uploads\/logo-idena-1.svg","width":393,"height":106,"caption":"Idena"},"image":{"@id":"https:\/\/idena-wordpress-web.dev.imcr.dev\/#\/schema\/logo\/image\/"}}]}},"mfb_rest_fields":["title","yoast_head","yoast_head_json"],"_links":{"self":[{"href":"https:\/\/www.idena.fr\/ro\/wp-json\/wp\/v2\/pages\/5221","targetHints":{"allow":["GET"]}}],"collection":[{"href":"https:\/\/www.idena.fr\/ro\/wp-json\/wp\/v2\/pages"}],"about":[{"href":"https:\/\/www.idena.fr\/ro\/wp-json\/wp\/v2\/types\/page"}],"author":[{"embeddable":true,"href":"https:\/\/www.idena.fr\/ro\/wp-json\/wp\/v2\/users\/1"}],"replies":[{"embeddable":true,"href":"https:\/\/www.idena.fr\/ro\/wp-json\/wp\/v2\/comments?post=5221"}],"version-history":[{"count":2,"href":"https:\/\/www.idena.fr\/ro\/wp-json\/wp\/v2\/pages\/5221\/revisions"}],"predecessor-version":[{"id":5430,"href":"https:\/\/www.idena.fr\/ro\/wp-json\/wp\/v2\/pages\/5221\/revisions\/5430"}],"wp:attachment":[{"href":"https:\/\/www.idena.fr\/ro\/wp-json\/wp\/v2\/media?parent=5221"}],"curies":[{"name":"wp","href":"https:\/\/api.w.org\/{rel}","templated":true}]}}